{"id":5299,"date":"2019-04-19T23:28:57","date_gmt":"2019-04-19T21:28:57","guid":{"rendered":"https:\/\/www.nerdiy.de\/?page_id=5299"},"modified":"2020-12-10T12:49:40","modified_gmt":"2020-12-10T11:49:40","slug":"warenzeichen","status":"publish","type":"page","link":"https:\/\/nerdiy.de\/de_de\/warenzeichen\/","title":{"rendered":"Warenzeichen"},"content":{"rendered":"\n<h1 class=\"wp-block-heading\">Urheberrechte und Marken von Drittanbietern<\/h1>\n\n\n\n<p class=\"text-large font-avg-sans-4 text-grey\">Die folgenden Marken sind, wie unten aufgef\u00fchrt, Eigentum der jeweiligen Inhaber. Sollte eine Markenzuordnung fehlen, irrt\u00fcmlich genannt worden oder fehlerhaft sein, <a href=\"https:\/\/www.nerdiy.de\/kontakt\/\" rel=\"\"><em><strong>kontaktieren<\/strong> <\/em><\/a>Sie uns umgehend zwecks einer Korrektur.<\/p>\n\n\n\n<hr class=\"wp-block-separator\"\/>\n\n\n\n<h3 class=\"margin-xs-top-medium wp-block-heading\">Facebook, Inc.<\/h3>\n\n\n\n<p>Facebook<sup>\u00ae<\/sup>&nbsp;und das Facebook-Logo sind in den USA und anderen L\u00e4ndern eingetragene Marken von Facebook, Inc.<\/p>\n\n\n\n<hr class=\"wp-block-separator\"\/>\n\n\n\n<h3 class=\"margin-xs-top-medium wp-block-heading\">Google, Inc.<\/h3>\n\n\n\n<p>Google<sup>TM<\/sup>, Android\u2122, Google Maps\u2122, Google Play\u2122, Google Docs\u2122, Google Picasa\u2122, Gmail\u2122, Google Chrome\u2122, Google Plus\u2122, YouTube\u2122 und ihre Logos sind Marken von Google, Inc. in den Vereinigten Staaten und anderen L\u00e4ndern.<\/p>\n\n\n\n<hr class=\"wp-block-separator\"\/>\n\n\n\n<h3 class=\"margin-xs-top-medium wp-block-heading\">Linus Torvalds<\/h3>\n\n\n\n<p>Linux<sup>\u00ae<\/sup>&nbsp;ist eine Marke von Linus Torvalds, eingetragen in den Vereinigten Staaten und anderen L\u00e4ndern.<\/p>\n\n\n\n<hr class=\"wp-block-separator\"\/>\n\n\n\n<h3 class=\"margin-xs-top-medium wp-block-heading\">Microsoft Corporation<\/h3>\n\n\n\n<p>Microsoft<sup>\u00ae<\/sup>, Windows<sup>\u00ae<\/sup>, Windows XP<sup>\u00ae<\/sup>, Windows Vista<sup>\u00ae<\/sup>, Xbox<sup>\u00ae<\/sup>, Zune<sup>\u00ae<\/sup>, SharePoint<sup>\u00ae<\/sup>, Internet Explorer<sup>\u00ae<\/sup>, Hotmail<sup>\u00ae<\/sup>, Bing<sup>\u00ae<\/sup>, Office<sup>\u00ae<\/sup>, Word<sup>\u00ae<\/sup>, PowerPoint<sup>\u00ae<\/sup>, Excel<sup>\u00ae<\/sup>, Outlook<sup>\u00ae<\/sup>&nbsp;und ihre Logos sind eingetragene Marken der Microsoft Corporation in den Vereinigten Staaten und anderen L\u00e4ndern.<\/p>\n\n\n\n<hr class=\"wp-block-separator\"\/>\n\n\n\n<h3 class=\"margin-xs-top-medium wp-block-heading\">Mozilla Foundation<\/h3>\n\n\n\n<p>Mozilla<sup>\u00ae<\/sup>, Mozilla Firefox<sup>\u00ae<\/sup>&nbsp;und ihre Logos sind Marken der Mozilla Foundation, eingetragen in den Vereinigten Staaten und anderen L\u00e4ndern.<\/p>\n\n\n\n<hr class=\"wp-block-separator\"\/>\n\n\n\n<h3 class=\"margin-xs-top-medium wp-block-heading\">Wi-Fi Alliance<\/h3>\n\n\n\n<p>Wi-Fi<sup>\u00ae<\/sup> ist eine eingetragene Marke der Wi-Fi Alliance.<\/p>\n\n\n\n<hr class=\"wp-block-separator\"\/>\n\n\n\n<h3 class=\"margin-xs-top-medium wp-block-heading\">WordPress Foundation<\/h3>\n\n\n\n<p>WordPress<sup>\u00ae<\/sup>&nbsp;ist eine eingetragene Marke der WordPress Foundation.<\/p>\n\n\n\n<hr class=\"wp-block-separator\"\/>\n\n\n\n<h3 class=\"margin-xs-top-medium wp-block-heading\">Bluetooth SIG, Inc.<\/h3>\n\n\n\n<p>Bluetooth<sup>\u00ae<\/sup>&nbsp;ist eine eingetragene Marke von Bluetooth SIG, Inc.<\/p>\n\n\n\n<hr class=\"wp-block-separator\"\/>\n\n\n\n<h3 class=\"margin-xs-top-medium wp-block-heading\">Amazon.com, Inc.<\/h3>\n\n\n\n<p>Amazon<sup>\u00ae<\/sup>, Kindle<sup>\u00ae<\/sup>, Fire<sup>\u00ae<\/sup>&nbsp;und alle dazugeh\u00f6rigen Logos sind Marken von Amazon.com, Inc. und seinen verbundenen Unternehmen.<\/p>\n\n\n\n<hr class=\"wp-block-separator\"\/>\n\n\n\n<h3 class=\"margin-xs-top-medium wp-block-heading\">Adobe Systems, Inc.<\/h3>\n\n\n\n<p>Adobe<sup>\u00ae<\/sup>, Adobe Flash<sup>\u00ae<\/sup>, Adobe Reader<sup>\u00ae<\/sup>, Adobe Photoshop<sup>\u00ae<\/sup>&nbsp;und ihre Logos sind Marken von Adobe Systems Inc., eingetragen in den Vereinigten Staaten und anderen L\u00e4ndern.<\/p>\n\n\n\n<hr class=\"wp-block-separator\"\/>\n\n\n\n<h3 class=\"wp-block-heading\">Twitter, Inc.<\/h3>\n\n\n\n<p>Twitter\u00ae, das Twitter-Logo, das Twitter \u201et\u201c-Logo und der blaue Twitter-Vogel sind eingetragene Markenzeichen von Twitter, Inc. in den USA und anderen L\u00e4ndern.<\/p>\n\n\n\n<hr class=\"wp-block-separator\"\/>\n\n\n\n<h3 class=\"wp-block-heading\">Instagram, LLC<\/h3>\n\n\n\n<p>Instagram\u00ae und die Kamera-Logos sind in den USA und andernorts Markenzeichen von Instagram, LLC.<\/p>\n\n\n\n<hr class=\"wp-block-separator\"\/>\n\n\n\n<h3 class=\"wp-block-heading\">WhatsApp, Inc<\/h3>\n\n\n\n<p>WhatsApp\u00ae und das WhatsApp-Logo ist eine eingetragene Marke der WhatsApp Inc.<\/p>\n\n\n\n<hr class=\"wp-block-separator\"\/>\n\n\n\n<h3 class=\"wp-block-heading\">RaspberryPi Foundation<\/h3>\n\n\n\n<p>RaspberryPi\u00ae und das RaspberryPi-Logo ist eine eingetragene Marke der RaspberryPi Foundation.<\/p>\n","protected":false},"excerpt":{"rendered":"<p>Urheberrechte und Marken von Drittanbietern Die folgenden Marken sind, wie unten aufgef\u00fchrt, Eigentum der jeweiligen Inhaber. Sollte eine Markenzuordnung fehlen, irrt\u00fcmlich genannt worden oder fehlerhaft sein, kontaktieren Sie uns umgehend [&hellip;]<\/p>\n","protected":false},"author":1,"featured_media":0,"parent":0,"menu_order":0,"comment_status":"closed","ping_status":"closed","template":"","meta":{"_bbp_topic_count":0,"_bbp_reply_count":0,"_bbp_total_topic_count":0,"_bbp_total_reply_count":0,"_bbp_voice_count":0,"_bbp_anonymous_reply_count":0,"_bbp_topic_count_hidden":0,"_bbp_reply_count_hidden":0,"_bbp_forum_subforum_count":0,"jetpack_post_was_ever_published":false,"footnotes":""},"class_list":["post-5299","page","type-page","status-publish","hentry"],"yoast_head":"<!-- This site is optimized with the Yoast SEO plugin v27.5 - https:\/\/yoast.com\/product\/yoast-seo-wordpress\/ -->\n<title>Warenzeichen - nerdiy.de - DIY, Elektronik, 3D Druck und mehr...<\/title>\n<meta name=\"description\" content=\"Read a huge collection of detailed Tutorials on Nerdiy.de about all kind of Software, Hardware and general maker topics.\" \/>\n<meta name=\"robots\" content=\"noindex, nofollow\" \/>\n<meta property=\"og:locale\" content=\"de_DE\" \/>\n<meta property=\"og:type\" content=\"article\" \/>\n<meta property=\"og:title\" content=\"Warenzeichen - nerdiy.de - DIY, Elektronik, 3D Druck und mehr...\" \/>\n<meta property=\"og:description\" content=\"Read a huge collection of detailed Tutorials on Nerdiy.de about all kind of Software, Hardware and general maker topics.\" \/>\n<meta property=\"og:url\" content=\"https:\/\/nerdiy.de\/de_de\/warenzeichen\/\" \/>\n<meta property=\"og:site_name\" content=\"nerdiy.de - DIY, Elektronik, 3D Druck und mehr...\" \/>\n<meta property=\"article:publisher\" content=\"https:\/\/www.facebook.com\/nerdiy.de\" \/>\n<meta property=\"article:modified_time\" content=\"2020-12-10T11:49:40+00:00\" \/>\n<meta property=\"og:image\" content=\"https:\/\/i0.wp.com\/nerdiy.de\/wp-content\/uploads\/2020\/12\/www.nerdiy.de-news-pcb-entwicklung-hubctrlr-minifloorlamp-und-nanopxlv1-3-20201204-115525-scaled.jpg?fit=1920%2C2560&ssl=1\" \/>\n\t<meta property=\"og:image:width\" content=\"1920\" \/>\n\t<meta property=\"og:image:height\" content=\"2560\" \/>\n\t<meta property=\"og:image:type\" content=\"image\/jpeg\" \/>\n<meta name=\"twitter:card\" content=\"summary_large_image\" \/>\n<meta name=\"twitter:site\" content=\"@nerdiyde\" \/>\n<meta name=\"twitter:label1\" content=\"Gesch\u00e4tzte Lesezeit\" \/>\n\t<meta name=\"twitter:data1\" content=\"2\u00a0Minuten\" \/>\n<script type=\"application\/ld+json\" class=\"yoast-schema-graph\">{\"@context\":\"https:\\\/\\\/schema.org\",\"@graph\":[{\"@type\":\"WebPage\",\"@id\":\"https:\\\/\\\/nerdiy.de\\\/warenzeichen\\\/\",\"url\":\"https:\\\/\\\/nerdiy.de\\\/warenzeichen\\\/\",\"name\":\"Warenzeichen - nerdiy.de - DIY, Elektronik, 3D Druck und mehr...\",\"isPartOf\":{\"@id\":\"https:\\\/\\\/nerdiy.de\\\/de_de\\\/#website\"},\"datePublished\":\"2019-04-19T21:28:57+00:00\",\"dateModified\":\"2020-12-10T11:49:40+00:00\",\"description\":\"Read a huge collection of detailed Tutorials on Nerdiy.de about all kind of Software, Hardware and general maker topics.\",\"breadcrumb\":{\"@id\":\"https:\\\/\\\/nerdiy.de\\\/warenzeichen\\\/#breadcrumb\"},\"inLanguage\":\"de\",\"potentialAction\":[{\"@type\":\"ReadAction\",\"target\":[\"https:\\\/\\\/nerdiy.de\\\/warenzeichen\\\/\"]}]},{\"@type\":\"BreadcrumbList\",\"@id\":\"https:\\\/\\\/nerdiy.de\\\/warenzeichen\\\/#breadcrumb\",\"itemListElement\":[{\"@type\":\"ListItem\",\"position\":1,\"name\":\"Startseite\",\"item\":\"https:\\\/\\\/nerdiy.de\\\/de_de\\\/\"},{\"@type\":\"ListItem\",\"position\":2,\"name\":\"Warenzeichen\"}]},{\"@type\":\"WebSite\",\"@id\":\"https:\\\/\\\/nerdiy.de\\\/de_de\\\/#website\",\"url\":\"https:\\\/\\\/nerdiy.de\\\/de_de\\\/\",\"name\":\"nerdiy.de - DIY, Elektronik, 3D Druck und mehr...\",\"description\":\"Bei nerdiy.de dreht sich alles um Elektronik, Heimwerken, 3D-Druck, Smart Home und viele andere technische Themen.\",\"publisher\":{\"@id\":\"https:\\\/\\\/nerdiy.de\\\/de_de\\\/#organization\"},\"potentialAction\":[{\"@type\":\"SearchAction\",\"target\":{\"@type\":\"EntryPoint\",\"urlTemplate\":\"https:\\\/\\\/nerdiy.de\\\/de_de\\\/?s={search_term_string}\"},\"query-input\":{\"@type\":\"PropertyValueSpecification\",\"valueRequired\":true,\"valueName\":\"search_term_string\"}}],\"inLanguage\":\"de\"},{\"@type\":\"Organization\",\"@id\":\"https:\\\/\\\/nerdiy.de\\\/de_de\\\/#organization\",\"name\":\"Nerdiy.de\",\"url\":\"https:\\\/\\\/nerdiy.de\\\/de_de\\\/\",\"logo\":{\"@type\":\"ImageObject\",\"inLanguage\":\"de\",\"@id\":\"https:\\\/\\\/nerdiy.de\\\/de_de\\\/#\\\/schema\\\/logo\\\/image\\\/\",\"url\":\"https:\\\/\\\/i0.wp.com\\\/nerdiy.de\\\/wp-content\\\/uploads\\\/2020\\\/04\\\/www.nerdiy.de-v1.0final180x180-1.png?fit=180%2C180&ssl=1\",\"contentUrl\":\"https:\\\/\\\/i0.wp.com\\\/nerdiy.de\\\/wp-content\\\/uploads\\\/2020\\\/04\\\/www.nerdiy.de-v1.0final180x180-1.png?fit=180%2C180&ssl=1\",\"width\":180,\"height\":180,\"caption\":\"Nerdiy.de\"},\"image\":{\"@id\":\"https:\\\/\\\/nerdiy.de\\\/de_de\\\/#\\\/schema\\\/logo\\\/image\\\/\"},\"sameAs\":[\"https:\\\/\\\/www.facebook.com\\\/nerdiy.de\",\"https:\\\/\\\/x.com\\\/nerdiyde\",\"https:\\\/\\\/www.instagram.com\\\/nerdiy.de\\\/\",\"https:\\\/\\\/www.pinterest.de\\\/nerdiyde\\\/\",\"https:\\\/\\\/www.youtube.com\\\/nerdiy\"]}]}<\/script>\n<!-- \/ Yoast SEO plugin. -->","yoast_head_json":{"title":"Warenzeichen - nerdiy.de - DIY, Elektronik, 3D Druck und mehr...","description":"Read a huge collection of detailed Tutorials on Nerdiy.de about all kind of Software, Hardware and general maker topics.","robots":{"index":"noindex","follow":"nofollow"},"og_locale":"de_DE","og_type":"article","og_title":"Warenzeichen - nerdiy.de - DIY, Elektronik, 3D Druck und mehr...","og_description":"Read a huge collection of detailed Tutorials on Nerdiy.de about all kind of Software, Hardware and general maker topics.","og_url":"https:\/\/nerdiy.de\/de_de\/warenzeichen\/","og_site_name":"nerdiy.de - DIY, Elektronik, 3D Druck und mehr...","article_publisher":"https:\/\/www.facebook.com\/nerdiy.de","article_modified_time":"2020-12-10T11:49:40+00:00","og_image":[{"width":1920,"height":2560,"url":"https:\/\/i0.wp.com\/nerdiy.de\/wp-content\/uploads\/2020\/12\/www.nerdiy.de-news-pcb-entwicklung-hubctrlr-minifloorlamp-und-nanopxlv1-3-20201204-115525-scaled.jpg?fit=1920%2C2560&ssl=1","type":"image\/jpeg"}],"twitter_card":"summary_large_image","twitter_site":"@nerdiyde","twitter_misc":{"Gesch\u00e4tzte Lesezeit":"2\u00a0Minuten"},"schema":{"@context":"https:\/\/schema.org","@graph":[{"@type":"WebPage","@id":"https:\/\/nerdiy.de\/warenzeichen\/","url":"https:\/\/nerdiy.de\/warenzeichen\/","name":"Warenzeichen - nerdiy.de - DIY, Elektronik, 3D Druck und mehr...","isPartOf":{"@id":"https:\/\/nerdiy.de\/de_de\/#website"},"datePublished":"2019-04-19T21:28:57+00:00","dateModified":"2020-12-10T11:49:40+00:00","description":"Read a huge collection of detailed Tutorials on Nerdiy.de about all kind of Software, Hardware and general maker topics.","breadcrumb":{"@id":"https:\/\/nerdiy.de\/warenzeichen\/#breadcrumb"},"inLanguage":"de","potentialAction":[{"@type":"ReadAction","target":["https:\/\/nerdiy.de\/warenzeichen\/"]}]},{"@type":"BreadcrumbList","@id":"https:\/\/nerdiy.de\/warenzeichen\/#breadcrumb","itemListElement":[{"@type":"ListItem","position":1,"name":"Startseite","item":"https:\/\/nerdiy.de\/de_de\/"},{"@type":"ListItem","position":2,"name":"Warenzeichen"}]},{"@type":"WebSite","@id":"https:\/\/nerdiy.de\/de_de\/#website","url":"https:\/\/nerdiy.de\/de_de\/","name":"nerdiy.de - DIY, Elektronik, 3D Druck und mehr...","description":"Bei nerdiy.de dreht sich alles um Elektronik, Heimwerken, 3D-Druck, Smart Home und viele andere technische Themen.","publisher":{"@id":"https:\/\/nerdiy.de\/de_de\/#organization"},"potentialAction":[{"@type":"SearchAction","target":{"@type":"EntryPoint","urlTemplate":"https:\/\/nerdiy.de\/de_de\/?s={search_term_string}"},"query-input":{"@type":"PropertyValueSpecification","valueRequired":true,"valueName":"search_term_string"}}],"inLanguage":"de"},{"@type":"Organization","@id":"https:\/\/nerdiy.de\/de_de\/#organization","name":"Nerdiy.de","url":"https:\/\/nerdiy.de\/de_de\/","logo":{"@type":"ImageObject","inLanguage":"de","@id":"https:\/\/nerdiy.de\/de_de\/#\/schema\/logo\/image\/","url":"https:\/\/i0.wp.com\/nerdiy.de\/wp-content\/uploads\/2020\/04\/www.nerdiy.de-v1.0final180x180-1.png?fit=180%2C180&ssl=1","contentUrl":"https:\/\/i0.wp.com\/nerdiy.de\/wp-content\/uploads\/2020\/04\/www.nerdiy.de-v1.0final180x180-1.png?fit=180%2C180&ssl=1","width":180,"height":180,"caption":"Nerdiy.de"},"image":{"@id":"https:\/\/nerdiy.de\/de_de\/#\/schema\/logo\/image\/"},"sameAs":["https:\/\/www.facebook.com\/nerdiy.de","https:\/\/x.com\/nerdiyde","https:\/\/www.instagram.com\/nerdiy.de\/","https:\/\/www.pinterest.de\/nerdiyde\/","https:\/\/www.youtube.com\/nerdiy"]}]}},"jetpack_sharing_enabled":true,"jetpack_shortlink":"https:\/\/wp.me\/P9GM3g-1nt","jetpack_likes_enabled":true,"jetpack-related-posts":[{"id":8479,"url":"https:\/\/nerdiy.de\/de_de\/404-2\/","url_meta":{"origin":5299,"position":0},"title":"404","author":"Fab","date":"17. M\u00e4rz 2022","format":false,"excerpt":"Unter der folgenden Adresse wurde leider nichts gefunden. :'( Probiere doch mal die Suchfunktion oder wirf einen Blick in die folgenden Kategorien und Tags. Oder scrolle auf Instagram , YouTube, Pinterest oder Facebook durch die Entwicklung der aktuellen Projekte. Tags Kategorien Instagram Galerie","rel":"","context":"\u00c4hnlicher Beitrag","block_context":{"text":"\u00c4hnlicher Beitrag","link":""},"img":{"alt_text":"","src":"https:\/\/i0.wp.com\/nerdiy.de\/wp-content\/uploads\/2022\/02\/www.nerdiy.de-howto-pxlblck-pxldigit-mit-dem-pxldigit-pcb-aufbauen-dsc06361-scaled.jpg?resize=350%2C200&ssl=1","width":350,"height":200,"srcset":"https:\/\/i0.wp.com\/nerdiy.de\/wp-content\/uploads\/2022\/02\/www.nerdiy.de-howto-pxlblck-pxldigit-mit-dem-pxldigit-pcb-aufbauen-dsc06361-scaled.jpg?resize=350%2C200&ssl=1 1x, https:\/\/i0.wp.com\/nerdiy.de\/wp-content\/uploads\/2022\/02\/www.nerdiy.de-howto-pxlblck-pxldigit-mit-dem-pxldigit-pcb-aufbauen-dsc06361-scaled.jpg?resize=525%2C300&ssl=1 1.5x, https:\/\/i0.wp.com\/nerdiy.de\/wp-content\/uploads\/2022\/02\/www.nerdiy.de-howto-pxlblck-pxldigit-mit-dem-pxldigit-pcb-aufbauen-dsc06361-scaled.jpg?resize=700%2C400&ssl=1 2x, https:\/\/i0.wp.com\/nerdiy.de\/wp-content\/uploads\/2022\/02\/www.nerdiy.de-howto-pxlblck-pxldigit-mit-dem-pxldigit-pcb-aufbauen-dsc06361-scaled.jpg?resize=1050%2C600&ssl=1 3x, https:\/\/i0.wp.com\/nerdiy.de\/wp-content\/uploads\/2022\/02\/www.nerdiy.de-howto-pxlblck-pxldigit-mit-dem-pxldigit-pcb-aufbauen-dsc06361-scaled.jpg?resize=1400%2C800&ssl=1 4x"},"classes":[]},{"id":157,"url":"https:\/\/nerdiy.de\/de_de\/impressum\/","url_meta":{"origin":5299,"position":1},"title":"Impressum","author":"Fab","date":"10. Februar 2018","format":false,"excerpt":"Impressum Angaben gem\u00e4\u00df \u00a7 5 TMG Nerdiy by Fabian Steppat Fabian Steppat Parkstra\u00dfe 70 44866 Bochum Vertreten durch: Fabian Steppat Kontakt: Telefon: 02327 - 3758522 E-Mail: info@nerdiy.de Kontaktformular: https:\/\/www.nerdiy.de\/kontakt\/ Verantwortlich f\u00fcr den Inhalt nach \u00a7 55 Abs. 2 RStV: Fabian Steppat (Anschrift wie oben) Streitschlichtung: Die Europ\u00e4ische Kommission stellt eine\u2026","rel":"","context":"\u00c4hnlicher Beitrag","block_context":{"text":"\u00c4hnlicher Beitrag","link":""},"img":{"alt_text":"","src":"","width":0,"height":0},"classes":[]},{"id":5177,"url":"https:\/\/nerdiy.de\/de_de\/lizenz\/","url_meta":{"origin":5299,"position":2},"title":"Lizenzen","author":"Fab","date":"14. M\u00e4rz 2019","format":false,"excerpt":"Produkte\/Dateien aus dem Nerdiy.de-Shop F\u00fcr die im Shop von Nerdiy.de erh\u00e4ltlichen Dateien bzw. Produkte gelten die unter nerdiy.de\/nutzungsbedingungen\/ ver\u00f6ffentlichten Nutzungsbedingungen. Nicht auf Software\/Code basierende Werke Sofern nicht anders angegeben unterliegen alle auf Nerdiy.de pr\u00e4sentierten, nicht auf Software\/Code basierenden Werke der Lizenz CC BY-NC-SA 4.0 (Namensnennung - Nicht-kommerziell - Weitergabe unter\u2026","rel":"","context":"\u00c4hnlicher Beitrag","block_context":{"text":"\u00c4hnlicher Beitrag","link":""},"img":{"alt_text":"","src":"","width":0,"height":0},"classes":[]},{"id":420,"url":"https:\/\/nerdiy.de\/de_de\/datenschutz\/","url_meta":{"origin":5299,"position":3},"title":"Datenschutz","author":"Fab","date":"28. Februar 2018","format":false,"excerpt":"Datenschutzerkl\u00e4rung Diese Datenschutzerkl\u00e4rung kl\u00e4rt Sie \u00fcber die Art, den Umfang und Zweck der Verarbeitung von personenbezogenen Daten (nachfolgend kurz \u201eDaten\u201c) innerhalb unseres Onlineangebotes und der mit ihm verbundenen Webseiten, Funktionen und Inhalte sowie externen Onlinepr\u00e4senzen, wie z.B. unser Social Media Profile auf (nachfolgend gemeinsam bezeichnet als \u201eOnlineangebot\u201c). Im Hinblick auf\u2026","rel":"","context":"\u00c4hnlicher Beitrag","block_context":{"text":"\u00c4hnlicher Beitrag","link":""},"img":{"alt_text":"","src":"","width":0,"height":0},"classes":[]},{"id":418,"url":"https:\/\/nerdiy.de\/de_de\/agb\/","url_meta":{"origin":5299,"position":4},"title":"AGB","author":"Fab","date":"28. Februar 2018","format":false,"excerpt":"Allgemeine Gesch\u00e4ftsbedingungen \u00a7 1 Geltung, Begriffsdefinitionen (1) Nerdiy.de by Fabian Steppat, Nerdiy.de by Fabian Steppat, Parkstra\u00dfe 70, 44866 Bochum, Deutschland (im Folgenden: \u201ewir\u201c oder \u201eNerdiy.de\u201c) betreibt unter der Webseite https:\/\/nerdiy.de einen Online-Shop f\u00fcr Waren und Digitale G\u00fcter. Die nachfolgenden allgemeinen Gesch\u00e4ftsbedingungen gelten f\u00fcr alle Leistungen zwischen uns und unseren Kunden\u2026","rel":"","context":"\u00c4hnlicher Beitrag","block_context":{"text":"\u00c4hnlicher Beitrag","link":""},"img":{"alt_text":"","src":"","width":0,"height":0},"classes":[]},{"id":64,"url":"https:\/\/nerdiy.de\/de_de\/","url_meta":{"origin":5299,"position":5},"title":"StartSeite","author":"Fab","date":"8. Februar 2018","format":false,"excerpt":"","rel":"","context":"\u00c4hnlicher Beitrag","block_context":{"text":"\u00c4hnlicher Beitrag","link":""},"img":{"alt_text":"","src":"","width":0,"height":0},"classes":[]}],"_links":{"self":[{"href":"https:\/\/nerdiy.de\/de_de\/wp-json\/wp\/v2\/pages\/5299","targetHints":{"allow":["GET"]}}],"collection":[{"href":"https:\/\/nerdiy.de\/de_de\/wp-json\/wp\/v2\/pages"}],"about":[{"href":"https:\/\/nerdiy.de\/de_de\/wp-json\/wp\/v2\/types\/page"}],"author":[{"embeddable":true,"href":"https:\/\/nerdiy.de\/de_de\/wp-json\/wp\/v2\/users\/1"}],"replies":[{"embeddable":true,"href":"https:\/\/nerdiy.de\/de_de\/wp-json\/wp\/v2\/comments?post=5299"}],"version-history":[{"count":0,"href":"https:\/\/nerdiy.de\/de_de\/wp-json\/wp\/v2\/pages\/5299\/revisions"}],"wp:attachment":[{"href":"https:\/\/nerdiy.de\/de_de\/wp-json\/wp\/v2\/media?parent=5299"}],"curies":[{"name":"wp","href":"https:\/\/api.w.org\/{rel}","templated":true}]}}