{"id":20252,"date":"2023-10-09T21:42:59","date_gmt":"2023-10-09T19:42:59","guid":{"rendered":"https:\/\/nerdiy.de\/widerrufsbelehrung\/"},"modified":"2023-10-29T21:18:33","modified_gmt":"2023-10-29T20:18:33","slug":"right-of-withdrawal","status":"publish","type":"page","link":"https:\/\/nerdiy.de\/en\/right-of-withdrawal\/","title":{"rendered":"Cancellation policy"},"content":{"rendered":"<h1 class=\"wp-block-heading\">Cancellation policy for digital products<\/h1>\n\n\n\n<h3 class=\"wp-block-heading\">Right of Withdrawal<\/h3>\n\n\n\n<p>(Consumer is any natural person who concludes a legal transaction for purposes that cannot be predominantly attributed to either their commercial or independent professional activity.)<\/p>\n\n\n\n<h1 class=\"wp-block-heading\">Cancellation policy<\/h1>\n\n\n\n<h3 class=\"wp-block-heading\">Right of withdrawal<\/h3>\n\n\n\n<p>You have the right to cancel this contract within fourteen days without giving any reasons.<\/p>\n\n\n\n<p>The cancellation period is fourteen days from the day the contract is concluded.<\/p>\n\n\n\n<p>In order to exercise your right of withdrawal, you must contact us (Nerdiy.de by Fabian Steppat, Parkstra\u00dfe 70, 44866 Bochum, Germany, telephone number: 023273758522, email address: info@nerdiy.de) by means of a clear statement (e.g. by post sent letter, email) about your decision to withdraw from this contract. You can use the attached sample cancellation form, although this is not mandatory.<\/p>\n\n\n\n<p>In order to meet the cancellation period, it is sufficient that you send the notification of your exercise of the right of cancellation before the cancellation period expires.<\/p>\n\n\n\n<h3 class=\"wp-block-heading\">Consequences of revocation<\/h3>\n\n\n\n<p>If you cancel this contract, we will refund to you all payments received from you, including delivery costs (except for any additional costs arising from you choosing a method of delivery other than the cheapest standard delivery offered by us have) to be repaid immediately and at the latest within fourteen days from the day on which we received notification of your cancellation of this contract. For this repayment we use the same payment method that you used for the original transaction, unless something different was expressly agreed with you; under no circumstances will you be charged any fees as a result of this repayment.<\/p>\n\n\n\n<h2 class=\"wp-block-heading\">Sample cancellation form<\/h2>\n\n\n\n<p>(If you want to cancel the contract, please fill out this form and send it back.)<\/p>\n\n\n\n<p>- At<\/p>\n\n\n\n<p>Nerdiy.de by Fabian Steppat, Parkstra\u00dfe 70, 44866 Bochum, Germany, telephone number: 023273758522, email address: info@nerdiy.de<\/p>\n\n\n\n<p>\u2013 I\/we (*) hereby revoke the contract concluded by me\/us (*) for the purchase of the following goods (*)\/the provision of the following service (*)<\/p>\n\n\n\n<p>\u2013 Ordered on (*)\/received on (*)<\/p>\n\n\n\n<p>\u2013 Name of the consumer(s)<\/p>\n\n\n\n<p>\u2013 Address of the consumer(s)<\/p>\n\n\n\n<p>\u2013 Signature of the consumer(s) (only for paper notification)<\/p>\n\n\n\n<p>- Date<\/p>\n\n\n\n<p>___________<br>(*) Delete what is not applicable.<\/p>\n\n\n\n<hr class=\"wp-block-separator has-alpha-channel-opacity\"\/>","protected":false},"excerpt":{"rendered":"<p>Widerrufsbelehrung f\u00fcr Digitale Produkte Widerrufsrecht f\u00fcr Verbraucher (Verbraucher ist jede nat\u00fcrliche Person, die ein Rechtsgesch\u00e4ft zu Zwecken abschlie\u00dft, die \u00fcberwiegend weder ihrer gewerblichen noch ihrer selbstst\u00e4ndigen beruflichen T\u00e4tigkeit zugerechnet werden [&hellip;]<\/p>","protected":false},"author":1,"featured_media":0,"parent":0,"menu_order":0,"comment_status":"closed","ping_status":"closed","template":"","meta":{"_bbp_topic_count":0,"_bbp_reply_count":0,"_bbp_total_topic_count":0,"_bbp_total_reply_count":0,"_bbp_voice_count":0,"_bbp_anonymous_reply_count":0,"_bbp_topic_count_hidden":0,"_bbp_reply_count_hidden":0,"_bbp_forum_subforum_count":0,"jetpack_post_was_ever_published":false,"footnotes":""},"class_list":["post-20252","page","type-page","status-publish","hentry"],"yoast_head":"<!-- This site is optimized with the Yoast SEO plugin v27.3 - https:\/\/yoast.com\/product\/yoast-seo-wordpress\/ -->\n<title>Widerrufsbelehrung - nerdiy.de - DIY, Elektronik, 3D Druck und mehr...<\/title>\n<meta name=\"description\" content=\"Read a huge collection of detailed Tutorials on Nerdiy.de about all kind of Software, Hardware and general maker topics.\" \/>\n<meta name=\"robots\" content=\"index, follow, max-snippet:-1, max-image-preview:large, max-video-preview:-1\" \/>\n<link rel=\"canonical\" href=\"https:\/\/nerdiy.de\/en\/right-of-withdrawal\/\" \/>\n<meta property=\"og:locale\" content=\"en_US\" \/>\n<meta property=\"og:type\" content=\"article\" \/>\n<meta property=\"og:title\" content=\"Widerrufsbelehrung - nerdiy.de - DIY, Elektronik, 3D Druck und mehr...\" \/>\n<meta property=\"og:description\" content=\"Read a huge collection of detailed Tutorials on Nerdiy.de about all kind of Software, Hardware and general maker topics.\" \/>\n<meta property=\"og:url\" content=\"https:\/\/nerdiy.de\/en\/right-of-withdrawal\/\" \/>\n<meta property=\"og:site_name\" content=\"nerdiy.de - DIY, Elektronik, 3D Druck und mehr...\" \/>\n<meta property=\"article:publisher\" content=\"https:\/\/www.facebook.com\/nerdiy.de\" \/>\n<meta property=\"article:modified_time\" content=\"2023-10-29T20:18:33+00:00\" \/>\n<meta property=\"og:image\" content=\"https:\/\/i0.wp.com\/nerdiy.de\/wp-content\/uploads\/2020\/12\/www.nerdiy.de-news-pcb-entwicklung-hubctrlr-minifloorlamp-und-nanopxlv1-3-20201204-115525-scaled.jpg?fit=1920%2C2560&ssl=1\" \/>\n\t<meta property=\"og:image:width\" content=\"1920\" \/>\n\t<meta property=\"og:image:height\" content=\"2560\" \/>\n\t<meta property=\"og:image:type\" content=\"image\/jpeg\" \/>\n<meta name=\"twitter:card\" content=\"summary_large_image\" \/>\n<meta name=\"twitter:site\" content=\"@nerdiyde\" \/>\n<meta name=\"twitter:label1\" content=\"Est. reading time\" \/>\n\t<meta name=\"twitter:data1\" content=\"2 minutes\" \/>\n<script type=\"application\/ld+json\" class=\"yoast-schema-graph\">{\"@context\":\"https:\\\/\\\/schema.org\",\"@graph\":[{\"@type\":\"WebPage\",\"@id\":\"https:\\\/\\\/nerdiy.de\\\/widerrufsbelehrung\\\/\",\"url\":\"https:\\\/\\\/nerdiy.de\\\/widerrufsbelehrung\\\/\",\"name\":\"Widerrufsbelehrung - nerdiy.de - DIY, Elektronik, 3D Druck und mehr...\",\"isPartOf\":{\"@id\":\"https:\\\/\\\/nerdiy.de\\\/de_de\\\/#website\"},\"datePublished\":\"2023-10-09T19:42:59+00:00\",\"dateModified\":\"2023-10-29T20:18:33+00:00\",\"description\":\"Read a huge collection of detailed Tutorials on Nerdiy.de about all kind of Software, Hardware and general maker topics.\",\"breadcrumb\":{\"@id\":\"https:\\\/\\\/nerdiy.de\\\/widerrufsbelehrung\\\/#breadcrumb\"},\"inLanguage\":\"en-US\",\"potentialAction\":[{\"@type\":\"ReadAction\",\"target\":[\"https:\\\/\\\/nerdiy.de\\\/widerrufsbelehrung\\\/\"]}]},{\"@type\":\"BreadcrumbList\",\"@id\":\"https:\\\/\\\/nerdiy.de\\\/widerrufsbelehrung\\\/#breadcrumb\",\"itemListElement\":[{\"@type\":\"ListItem\",\"position\":1,\"name\":\"Startseite\",\"item\":\"https:\\\/\\\/nerdiy.de\\\/de_de\\\/\"},{\"@type\":\"ListItem\",\"position\":2,\"name\":\"Widerrufsbelehrung\"}]},{\"@type\":\"WebSite\",\"@id\":\"https:\\\/\\\/nerdiy.de\\\/de_de\\\/#website\",\"url\":\"https:\\\/\\\/nerdiy.de\\\/de_de\\\/\",\"name\":\"nerdiy.de - DIY, Elektronik, 3D Druck und mehr...\",\"description\":\"Bei nerdiy.de dreht sich alles um Elektronik, Heimwerken, 3D-Druck, Smart Home und viele andere technische Themen.\",\"publisher\":{\"@id\":\"https:\\\/\\\/nerdiy.de\\\/de_de\\\/#organization\"},\"potentialAction\":[{\"@type\":\"SearchAction\",\"target\":{\"@type\":\"EntryPoint\",\"urlTemplate\":\"https:\\\/\\\/nerdiy.de\\\/de_de\\\/?s={search_term_string}\"},\"query-input\":{\"@type\":\"PropertyValueSpecification\",\"valueRequired\":true,\"valueName\":\"search_term_string\"}}],\"inLanguage\":\"en-US\"},{\"@type\":\"Organization\",\"@id\":\"https:\\\/\\\/nerdiy.de\\\/de_de\\\/#organization\",\"name\":\"Nerdiy.de\",\"url\":\"https:\\\/\\\/nerdiy.de\\\/de_de\\\/\",\"logo\":{\"@type\":\"ImageObject\",\"inLanguage\":\"en-US\",\"@id\":\"https:\\\/\\\/nerdiy.de\\\/de_de\\\/#\\\/schema\\\/logo\\\/image\\\/\",\"url\":\"https:\\\/\\\/i0.wp.com\\\/nerdiy.de\\\/wp-content\\\/uploads\\\/2020\\\/04\\\/www.nerdiy.de-v1.0final180x180-1.png?fit=180%2C180&ssl=1\",\"contentUrl\":\"https:\\\/\\\/i0.wp.com\\\/nerdiy.de\\\/wp-content\\\/uploads\\\/2020\\\/04\\\/www.nerdiy.de-v1.0final180x180-1.png?fit=180%2C180&ssl=1\",\"width\":180,\"height\":180,\"caption\":\"Nerdiy.de\"},\"image\":{\"@id\":\"https:\\\/\\\/nerdiy.de\\\/de_de\\\/#\\\/schema\\\/logo\\\/image\\\/\"},\"sameAs\":[\"https:\\\/\\\/www.facebook.com\\\/nerdiy.de\",\"https:\\\/\\\/x.com\\\/nerdiyde\",\"https:\\\/\\\/www.instagram.com\\\/nerdiy.de\\\/\",\"https:\\\/\\\/www.pinterest.de\\\/nerdiyde\\\/\",\"https:\\\/\\\/www.youtube.com\\\/nerdiy\"]}]}<\/script>\n<!-- \/ Yoast SEO plugin. -->","yoast_head_json":{"title":"Cancellation policy - nerdiy.de - DIY, Electronics, 3D printing and more...","description":"Read a huge collection of detailed Tutorials on Nerdiy.de about all kind of Software, Hardware and general maker topics.","robots":{"index":"index","follow":"follow","max-snippet":"max-snippet:-1","max-image-preview":"max-image-preview:large","max-video-preview":"max-video-preview:-1"},"canonical":"https:\/\/nerdiy.de\/en\/right-of-withdrawal\/","og_locale":"en_US","og_type":"article","og_title":"Widerrufsbelehrung - nerdiy.de - DIY, Elektronik, 3D Druck und mehr...","og_description":"Read a huge collection of detailed Tutorials on Nerdiy.de about all kind of Software, Hardware and general maker topics.","og_url":"https:\/\/nerdiy.de\/en\/right-of-withdrawal\/","og_site_name":"nerdiy.de - DIY, Elektronik, 3D Druck und mehr...","article_publisher":"https:\/\/www.facebook.com\/nerdiy.de","article_modified_time":"2023-10-29T20:18:33+00:00","og_image":[{"width":1920,"height":2560,"url":"https:\/\/i0.wp.com\/nerdiy.de\/wp-content\/uploads\/2020\/12\/www.nerdiy.de-news-pcb-entwicklung-hubctrlr-minifloorlamp-und-nanopxlv1-3-20201204-115525-scaled.jpg?fit=1920%2C2560&ssl=1","type":"image\/jpeg"}],"twitter_card":"summary_large_image","twitter_site":"@nerdiyde","twitter_misc":{"Est. reading time":"2 minutes"},"schema":{"@context":"https:\/\/schema.org","@graph":[{"@type":"WebPage","@id":"https:\/\/nerdiy.de\/widerrufsbelehrung\/","url":"https:\/\/nerdiy.de\/widerrufsbelehrung\/","name":"Cancellation policy - nerdiy.de - DIY, Electronics, 3D printing and more...","isPartOf":{"@id":"https:\/\/nerdiy.de\/de_de\/#website"},"datePublished":"2023-10-09T19:42:59+00:00","dateModified":"2023-10-29T20:18:33+00:00","description":"Read a huge collection of detailed Tutorials on Nerdiy.de about all kind of Software, Hardware and general maker topics.","breadcrumb":{"@id":"https:\/\/nerdiy.de\/widerrufsbelehrung\/#breadcrumb"},"inLanguage":"en-US","potentialAction":[{"@type":"ReadAction","target":["https:\/\/nerdiy.de\/widerrufsbelehrung\/"]}]},{"@type":"BreadcrumbList","@id":"https:\/\/nerdiy.de\/widerrufsbelehrung\/#breadcrumb","itemListElement":[{"@type":"ListItem","position":1,"name":"Startseite","item":"https:\/\/nerdiy.de\/de_de\/"},{"@type":"ListItem","position":2,"name":"Widerrufsbelehrung"}]},{"@type":"WebSite","@id":"https:\/\/nerdiy.de\/de_de\/#website","url":"https:\/\/nerdiy.de\/de_de\/","name":"nerdiy.de - DIY, electronics, 3D printing and more...","description":"At nerdiy.de, everything revolves around electronics, DIY, 3D printing, smart home and many other technical topics.","publisher":{"@id":"https:\/\/nerdiy.de\/de_de\/#organization"},"potentialAction":[{"@type":"SearchAction","target":{"@type":"EntryPoint","urlTemplate":"https:\/\/nerdiy.de\/de_de\/?s={search_term_string}"},"query-input":{"@type":"PropertyValueSpecification","valueRequired":true,"valueName":"search_term_string"}}],"inLanguage":"en-US"},{"@type":"Organization","@id":"https:\/\/nerdiy.de\/de_de\/#organization","name":"Nerdiy.de","url":"https:\/\/nerdiy.de\/de_de\/","logo":{"@type":"ImageObject","inLanguage":"en-US","@id":"https:\/\/nerdiy.de\/de_de\/#\/schema\/logo\/image\/","url":"https:\/\/i0.wp.com\/nerdiy.de\/wp-content\/uploads\/2020\/04\/www.nerdiy.de-v1.0final180x180-1.png?fit=180%2C180&ssl=1","contentUrl":"https:\/\/i0.wp.com\/nerdiy.de\/wp-content\/uploads\/2020\/04\/www.nerdiy.de-v1.0final180x180-1.png?fit=180%2C180&ssl=1","width":180,"height":180,"caption":"Nerdiy.de"},"image":{"@id":"https:\/\/nerdiy.de\/de_de\/#\/schema\/logo\/image\/"},"sameAs":["https:\/\/www.facebook.com\/nerdiy.de","https:\/\/x.com\/nerdiyde","https:\/\/www.instagram.com\/nerdiy.de\/","https:\/\/www.pinterest.de\/nerdiyde\/","https:\/\/www.youtube.com\/nerdiy"]}]}},"jetpack_sharing_enabled":true,"jetpack_shortlink":"https:\/\/wp.me\/P9GM3g-5gE","jetpack_likes_enabled":true,"jetpack-related-posts":[{"id":418,"url":"https:\/\/nerdiy.de\/en\/conditions\/","url_meta":{"origin":20252,"position":0},"title":"GTC","author":"Fab","date":"28. February 2018","format":false,"excerpt":"Allgemeine Gesch\u00e4ftsbedingungen \u00a7 1 Geltung, Begriffsdefinitionen (1) Nerdiy.de by Fabian Steppat, Nerdiy.de by Fabian Steppat, Parkstra\u00dfe 70, 44866 Bochum, Deutschland (im Folgenden: \u201ewir\u201c oder \u201eNerdiy.de\u201c) betreibt unter der Webseite https:\/\/nerdiy.de einen Online-Shop f\u00fcr Waren und Digitale G\u00fcter. Die nachfolgenden allgemeinen Gesch\u00e4ftsbedingungen gelten f\u00fcr alle Leistungen zwischen uns und unseren Kunden\u2026","rel":"","context":"Similar post","block_context":{"text":"Similar post","link":""},"img":{"alt_text":"","src":"","width":0,"height":0},"classes":[]},{"id":420,"url":"https:\/\/nerdiy.de\/en\/data-protection\/","url_meta":{"origin":20252,"position":1},"title":"Privacy","author":"Fab","date":"28. February 2018","format":false,"excerpt":"Datenschutzerkl\u00e4rung Diese Datenschutzerkl\u00e4rung kl\u00e4rt Sie \u00fcber die Art, den Umfang und Zweck der Verarbeitung von personenbezogenen Daten (nachfolgend kurz \u201eDaten\u201c) innerhalb unseres Onlineangebotes und der mit ihm verbundenen Webseiten, Funktionen und Inhalte sowie externen Onlinepr\u00e4senzen, wie z.B. unser Social Media Profile auf (nachfolgend gemeinsam bezeichnet als \u201eOnlineangebot\u201c). Im Hinblick auf\u2026","rel":"","context":"Similar post","block_context":{"text":"Similar post","link":""},"img":{"alt_text":"","src":"","width":0,"height":0},"classes":[]},{"id":157,"url":"https:\/\/nerdiy.de\/en\/imprint\/","url_meta":{"origin":20252,"position":2},"title":"Imprint","author":"Fab","date":"10. February 2018","format":false,"excerpt":"Impressum Angaben gem\u00e4\u00df \u00a7 5 TMG Nerdiy by Fabian Steppat Fabian Steppat Parkstra\u00dfe 70 44866 Bochum Vertreten durch: Fabian Steppat Kontakt: Telefon: 02327 - 3758522 E-Mail: info@nerdiy.de Kontaktformular: https:\/\/www.nerdiy.de\/kontakt\/ Verantwortlich f\u00fcr den Inhalt nach \u00a7 55 Abs. 2 RStV: Fabian Steppat (Anschrift wie oben) Streitschlichtung: Die Europ\u00e4ische Kommission stellt eine\u2026","rel":"","context":"Similar post","block_context":{"text":"Similar post","link":""},"img":{"alt_text":"","src":"","width":0,"height":0},"classes":[]},{"id":20243,"url":"https:\/\/nerdiy.de\/en\/terms-of-use\/","url_meta":{"origin":20252,"position":3},"title":"Terms of use","author":"Fab","date":"29. October 2023","format":false,"excerpt":"Nutzungsbedingungen f\u00fcr den Kauf und die Nutzung unserer digitalen Produkte f\u00fcr 3D-Druck 1. Allgemeines: Mit dem Kauf unserer digitalen Produkte stimmen Sie diesen Nutzungsbedingungen zu. Bitte lesen Sie sie sorgf\u00e4ltig durch. 2. Bezahlung: Die Bezahlung f\u00fcr unsere Produkte erfolgt gem\u00e4\u00df den auf unserer Website angegebenen Preisen und Zahlungsrichtlinien. 3. Lizenzgew\u00e4hrung:\u2026","rel":"","context":"Similar post","block_context":{"text":"Similar post","link":""},"img":{"alt_text":"","src":"","width":0,"height":0},"classes":[]},{"id":890,"url":"https:\/\/nerdiy.de\/en\/safety-instructions\/","url_meta":{"origin":20252,"position":4},"title":"Safety Instructions and Disclaimer","author":"Fab","date":"11. June 2018","format":false,"excerpt":"Ich wei\u00df die folgenden Hinweise sind immer irgendwie l\u00e4stig und wirken unn\u00f6tig. Aber leider haben schon viele Menschen die es \"besser\" wussten aus Leichtsinnigkeit Augen, Finger oder anderes verloren bzw. sich verletzt. Deswegen nehmt Euch bitte f\u00fcnf Minuten Zeit um die Sicherheitshinweise zu lesen. Denn auch das coolste Projekt ist\u2026","rel":"","context":"Similar post","block_context":{"text":"Similar post","link":""},"img":{"alt_text":"","src":"","width":0,"height":0},"classes":[]},{"id":5177,"url":"https:\/\/nerdiy.de\/en\/license\/","url_meta":{"origin":20252,"position":5},"title":"Licenses","author":"Fab","date":"14. March 2019","format":false,"excerpt":"Produkte\/Dateien aus dem Nerdiy.de-Shop F\u00fcr die im Shop von Nerdiy.de erh\u00e4ltlichen Dateien bzw. Produkte gelten die unter nerdiy.de\/nutzungsbedingungen\/ ver\u00f6ffentlichten Nutzungsbedingungen. Nicht auf Software\/Code basierende Werke Sofern nicht anders angegeben unterliegen alle auf Nerdiy.de pr\u00e4sentierten, nicht auf Software\/Code basierenden Werke der Lizenz CC BY-NC-SA 4.0 (Namensnennung - Nicht-kommerziell - Weitergabe unter\u2026","rel":"","context":"Similar post","block_context":{"text":"Similar post","link":""},"img":{"alt_text":"","src":"","width":0,"height":0},"classes":[]}],"_links":{"self":[{"href":"https:\/\/nerdiy.de\/en\/wp-json\/wp\/v2\/pages\/20252","targetHints":{"allow":["GET"]}}],"collection":[{"href":"https:\/\/nerdiy.de\/en\/wp-json\/wp\/v2\/pages"}],"about":[{"href":"https:\/\/nerdiy.de\/en\/wp-json\/wp\/v2\/types\/page"}],"author":[{"embeddable":true,"href":"https:\/\/nerdiy.de\/en\/wp-json\/wp\/v2\/users\/1"}],"replies":[{"embeddable":true,"href":"https:\/\/nerdiy.de\/en\/wp-json\/wp\/v2\/comments?post=20252"}],"version-history":[{"count":0,"href":"https:\/\/nerdiy.de\/en\/wp-json\/wp\/v2\/pages\/20252\/revisions"}],"wp:attachment":[{"href":"https:\/\/nerdiy.de\/en\/wp-json\/wp\/v2\/media?parent=20252"}],"curies":[{"name":"wp","href":"https:\/\/api.w.org\/{rel}","templated":true}]}}