{"id":20254,"date":"2023-10-09T21:43:00","date_gmt":"2023-10-09T19:43:00","guid":{"rendered":"https:\/\/nerdiy.de\/bezahlmoeglichkeiten\/"},"modified":"2023-10-09T21:43:00","modified_gmt":"2023-10-09T19:43:00","slug":"payment-options","status":"publish","type":"page","link":"https:\/\/nerdiy.de\/en\/payment-options\/","title":{"rendered":"Payment methods"},"content":{"rendered":"<div class=\"woocommerce woocommerce-gzd\">\n\t<ul class=\"payment_methods methods\">\n\t\t\t\t\t<li class=\"payment_method_paypal\">\n\t\t\t\t<label>PayPal<img data-recalc-dims=\"1\" decoding=\"async\" src=\"https:\/\/i0.wp.com\/nerdiy.de\/wp-content\/plugins\/woocommerce\/assets\/images\/paypal.png?w=810&#038;ssl=1\" alt=\"PayPal acceptance mark\" data-no-translation-alt=\"\" \/><\/label>\n\t\t\t\t\t\t\t\t\t<div class=\"payment_box payment_method_paypal\">\n\t\t\t\t\t\t<p>Pay with PayPal. If you don&#039;t have a Paypal account, you can also pay with your credit card.<\/p>\n\t\t\t\t\t<\/div>\n\t\t\t\t\t\t\t<\/li>\n\t\t\t\t\t<li class=\"payment_method_ppcp-bancontact\">\n\t\t\t\t<label>Bancontact<img decoding=\"async\" src=\"https:\/\/www.paypalobjects.com\/images\/checkout\/alternative_payments\/paypal_bancontact_color.svg\" alt=\"Bancontact\" \/><\/label>\n\t\t\t\t\t\t\t<\/li>\n\t\t\t\t\t<li class=\"payment_method_ppcp-blik\">\n\t\t\t\t<label>Blik<img decoding=\"async\" src=\"https:\/\/www.paypalobjects.com\/images\/checkout\/alternative_payments\/paypal_blik_color.svg\" alt=\"Blik\" \/><\/label>\n\t\t\t\t\t\t\t<\/li>\n\t\t\t\t\t<li class=\"payment_method_ppcp-eps\">\n\t\t\t\t<label>EPS<img decoding=\"async\" src=\"https:\/\/www.paypalobjects.com\/images\/checkout\/alternative_payments\/paypal_eps_color.svg\" alt=\"EPS\" \/><\/label>\n\t\t\t\t\t\t\t<\/li>\n\t\t\t\t\t<li class=\"payment_method_ppcp-ideal\">\n\t\t\t\t<label>iDeal<img decoding=\"async\" src=\"https:\/\/www.paypalobjects.com\/images\/checkout\/alternative_payments\/paypal_ideal_color.svg\" alt=\"iDeal\" \/><\/label>\n\t\t\t\t\t\t\t<\/li>\n\t\t\t\t\t<li class=\"payment_method_ppcp-mybank\">\n\t\t\t\t<label>MyBank<img decoding=\"async\" src=\"https:\/\/www.paypalobjects.com\/images\/checkout\/alternative_payments\/paypal_mybank_color.svg\" alt=\"MyBank\" \/><\/label>\n\t\t\t\t\t\t\t<\/li>\n\t\t\t\t\t<li class=\"payment_method_ppcp-p24\">\n\t\t\t\t<label>Przelewy24<img decoding=\"async\" src=\"https:\/\/www.paypalobjects.com\/images\/checkout\/alternative_payments\/paypal_przelewy24_color.svg\" alt=\"Przelewy24\" \/><\/label>\n\t\t\t\t\t\t\t<\/li>\n\t\t\t\t\t<li class=\"payment_method_ppcp-trustly\">\n\t\t\t\t<label>Trustly<img decoding=\"async\" src=\"https:\/\/www.paypalobjects.com\/images\/checkout\/alternative_payments\/paypal_trustly_color.svg\" alt=\"Trustly\" \/><\/label>\n\t\t\t\t\t\t\t<\/li>\n\t\t\t\t\t<li class=\"payment_method_ppcp-multibanco\">\n\t\t\t\t<label>Multibanco<img decoding=\"async\" src=\"https:\/\/www.paypalobjects.com\/images\/checkout\/alternative_payments\/paypal_multibanco_color.svg\" alt=\"Multibanco\" \/><\/label>\n\t\t\t\t\t\t\t<\/li>\n\t\t\t\t\t<li class=\"payment_method_ppcp-gateway\">\n\t\t\t\t<label>PayPal<\/label>\n\t\t\t\t\t\t\t\t\t<div class=\"payment_box payment_method_ppcp-gateway\">\n\t\t\t\t\t\t<p>Pay with PayPal.<\/p>\n\t\t\t\t\t<\/div>\n\t\t\t\t\t\t\t<\/li>\n\t\t\t<\/ul>\n<\/div>","protected":false},"excerpt":{"rendered":"","protected":false},"author":1,"featured_media":0,"parent":0,"menu_order":0,"comment_status":"closed","ping_status":"closed","template":"","meta":{"_bbp_topic_count":0,"_bbp_reply_count":0,"_bbp_total_topic_count":0,"_bbp_total_reply_count":0,"_bbp_voice_count":0,"_bbp_anonymous_reply_count":0,"_bbp_topic_count_hidden":0,"_bbp_reply_count_hidden":0,"_bbp_forum_subforum_count":0,"footnotes":""},"class_list":["post-20254","page","type-page","status-publish","hentry"],"yoast_head":"<!-- This site is optimized with the Yoast SEO plugin v27.6 - https:\/\/yoast.com\/product\/yoast-seo-wordpress\/ -->\n<title>Zahlungsarten - nerdiy.de - DIY, Elektronik, 3D Druck und mehr...<\/title>\n<meta name=\"description\" content=\"Read a huge collection of detailed Tutorials on Nerdiy.de about all kind of Software, Hardware and general maker topics.\" \/>\n<meta name=\"robots\" content=\"index, follow, max-snippet:-1, max-image-preview:large, max-video-preview:-1\" \/>\n<link rel=\"canonical\" href=\"https:\/\/nerdiy.de\/en\/payment-options\/\" \/>\n<meta property=\"og:locale\" content=\"en_US\" \/>\n<meta property=\"og:type\" content=\"article\" \/>\n<meta property=\"og:title\" content=\"Zahlungsarten - nerdiy.de - DIY, Elektronik, 3D Druck und mehr...\" \/>\n<meta property=\"og:description\" content=\"Read a huge collection of detailed Tutorials on Nerdiy.de about all kind of Software, Hardware and general maker topics.\" \/>\n<meta property=\"og:url\" content=\"https:\/\/nerdiy.de\/en\/payment-options\/\" \/>\n<meta property=\"og:site_name\" content=\"nerdiy.de - DIY, Elektronik, 3D Druck und mehr...\" \/>\n<meta property=\"article:publisher\" content=\"https:\/\/www.facebook.com\/nerdiy.de\" \/>\n<meta property=\"og:image\" content=\"https:\/\/i0.wp.com\/nerdiy.de\/wp-content\/uploads\/2020\/12\/www.nerdiy.de-news-pcb-entwicklung-hubctrlr-minifloorlamp-und-nanopxlv1-3-20201204-115525-scaled.jpg?fit=1920%2C2560&ssl=1\" \/>\n\t<meta property=\"og:image:width\" content=\"1920\" \/>\n\t<meta property=\"og:image:height\" content=\"2560\" \/>\n\t<meta property=\"og:image:type\" content=\"image\/jpeg\" \/>\n<meta name=\"twitter:card\" content=\"summary_large_image\" \/>\n<meta name=\"twitter:site\" content=\"@nerdiyde\" \/>\n<script type=\"application\/ld+json\" class=\"yoast-schema-graph\">{\"@context\":\"https:\\\/\\\/schema.org\",\"@graph\":[{\"@type\":\"WebPage\",\"@id\":\"https:\\\/\\\/nerdiy.de\\\/bezahlmoeglichkeiten\\\/\",\"url\":\"https:\\\/\\\/nerdiy.de\\\/bezahlmoeglichkeiten\\\/\",\"name\":\"Zahlungsarten - nerdiy.de - DIY, Elektronik, 3D Druck und mehr...\",\"isPartOf\":{\"@id\":\"https:\\\/\\\/nerdiy.de\\\/de_de\\\/#website\"},\"datePublished\":\"2023-10-09T19:43:00+00:00\",\"description\":\"Read a huge collection of detailed Tutorials on Nerdiy.de about all kind of Software, Hardware and general maker topics.\",\"breadcrumb\":{\"@id\":\"https:\\\/\\\/nerdiy.de\\\/bezahlmoeglichkeiten\\\/#breadcrumb\"},\"inLanguage\":\"en-US\",\"potentialAction\":[{\"@type\":\"ReadAction\",\"target\":[\"https:\\\/\\\/nerdiy.de\\\/bezahlmoeglichkeiten\\\/\"]}]},{\"@type\":\"BreadcrumbList\",\"@id\":\"https:\\\/\\\/nerdiy.de\\\/bezahlmoeglichkeiten\\\/#breadcrumb\",\"itemListElement\":[{\"@type\":\"ListItem\",\"position\":1,\"name\":\"Startseite\",\"item\":\"https:\\\/\\\/nerdiy.de\\\/de_de\\\/\"},{\"@type\":\"ListItem\",\"position\":2,\"name\":\"Zahlungsarten\"}]},{\"@type\":\"WebSite\",\"@id\":\"https:\\\/\\\/nerdiy.de\\\/de_de\\\/#website\",\"url\":\"https:\\\/\\\/nerdiy.de\\\/de_de\\\/\",\"name\":\"nerdiy.de - DIY, Elektronik, 3D Druck und mehr...\",\"description\":\"Bei nerdiy.de dreht sich alles um Elektronik, Heimwerken, 3D-Druck, Smart Home und viele andere technische Themen.\",\"publisher\":{\"@id\":\"https:\\\/\\\/nerdiy.de\\\/de_de\\\/#organization\"},\"potentialAction\":[{\"@type\":\"SearchAction\",\"target\":{\"@type\":\"EntryPoint\",\"urlTemplate\":\"https:\\\/\\\/nerdiy.de\\\/de_de\\\/?s={search_term_string}\"},\"query-input\":{\"@type\":\"PropertyValueSpecification\",\"valueRequired\":true,\"valueName\":\"search_term_string\"}}],\"inLanguage\":\"en-US\"},{\"@type\":\"Organization\",\"@id\":\"https:\\\/\\\/nerdiy.de\\\/de_de\\\/#organization\",\"name\":\"Nerdiy.de\",\"url\":\"https:\\\/\\\/nerdiy.de\\\/de_de\\\/\",\"logo\":{\"@type\":\"ImageObject\",\"inLanguage\":\"en-US\",\"@id\":\"https:\\\/\\\/nerdiy.de\\\/de_de\\\/#\\\/schema\\\/logo\\\/image\\\/\",\"url\":\"https:\\\/\\\/i0.wp.com\\\/nerdiy.de\\\/wp-content\\\/uploads\\\/2020\\\/04\\\/www.nerdiy.de-v1.0final180x180-1.png?fit=180%2C180&ssl=1\",\"contentUrl\":\"https:\\\/\\\/i0.wp.com\\\/nerdiy.de\\\/wp-content\\\/uploads\\\/2020\\\/04\\\/www.nerdiy.de-v1.0final180x180-1.png?fit=180%2C180&ssl=1\",\"width\":180,\"height\":180,\"caption\":\"Nerdiy.de\"},\"image\":{\"@id\":\"https:\\\/\\\/nerdiy.de\\\/de_de\\\/#\\\/schema\\\/logo\\\/image\\\/\"},\"sameAs\":[\"https:\\\/\\\/www.facebook.com\\\/nerdiy.de\",\"https:\\\/\\\/x.com\\\/nerdiyde\",\"https:\\\/\\\/www.instagram.com\\\/nerdiy.de\\\/\",\"https:\\\/\\\/www.pinterest.de\\\/nerdiyde\\\/\",\"https:\\\/\\\/www.youtube.com\\\/nerdiy\"]}]}<\/script>\n<!-- \/ Yoast SEO plugin. -->","yoast_head_json":{"title":"Zahlungsarten - nerdiy.de - DIY, Elektronik, 3D Druck und mehr...","description":"Read a huge collection of detailed Tutorials on Nerdiy.de about all kind of Software, Hardware and general maker topics.","robots":{"index":"index","follow":"follow","max-snippet":"max-snippet:-1","max-image-preview":"max-image-preview:large","max-video-preview":"max-video-preview:-1"},"canonical":"https:\/\/nerdiy.de\/en\/payment-options\/","og_locale":"en_US","og_type":"article","og_title":"Zahlungsarten - nerdiy.de - DIY, Elektronik, 3D Druck und mehr...","og_description":"Read a huge collection of detailed Tutorials on Nerdiy.de about all kind of Software, Hardware and general maker topics.","og_url":"https:\/\/nerdiy.de\/en\/payment-options\/","og_site_name":"nerdiy.de - DIY, Elektronik, 3D Druck und mehr...","article_publisher":"https:\/\/www.facebook.com\/nerdiy.de","og_image":[{"width":1920,"height":2560,"url":"https:\/\/i0.wp.com\/nerdiy.de\/wp-content\/uploads\/2020\/12\/www.nerdiy.de-news-pcb-entwicklung-hubctrlr-minifloorlamp-und-nanopxlv1-3-20201204-115525-scaled.jpg?fit=1920%2C2560&ssl=1","type":"image\/jpeg"}],"twitter_card":"summary_large_image","twitter_site":"@nerdiyde","schema":{"@context":"https:\/\/schema.org","@graph":[{"@type":"WebPage","@id":"https:\/\/nerdiy.de\/bezahlmoeglichkeiten\/","url":"https:\/\/nerdiy.de\/bezahlmoeglichkeiten\/","name":"Zahlungsarten - nerdiy.de - DIY, Elektronik, 3D Druck und mehr...","isPartOf":{"@id":"https:\/\/nerdiy.de\/de_de\/#website"},"datePublished":"2023-10-09T19:43:00+00:00","description":"Read a huge collection of detailed Tutorials on Nerdiy.de about all kind of Software, Hardware and general maker topics.","breadcrumb":{"@id":"https:\/\/nerdiy.de\/bezahlmoeglichkeiten\/#breadcrumb"},"inLanguage":"en-US","potentialAction":[{"@type":"ReadAction","target":["https:\/\/nerdiy.de\/bezahlmoeglichkeiten\/"]}]},{"@type":"BreadcrumbList","@id":"https:\/\/nerdiy.de\/bezahlmoeglichkeiten\/#breadcrumb","itemListElement":[{"@type":"ListItem","position":1,"name":"Startseite","item":"https:\/\/nerdiy.de\/de_de\/"},{"@type":"ListItem","position":2,"name":"Zahlungsarten"}]},{"@type":"WebSite","@id":"https:\/\/nerdiy.de\/de_de\/#website","url":"https:\/\/nerdiy.de\/de_de\/","name":"nerdiy.de - DIY, electronics, 3D printing and more...","description":"At nerdiy.de, everything revolves around electronics, DIY, 3D printing, smart home and many other technical topics.","publisher":{"@id":"https:\/\/nerdiy.de\/de_de\/#organization"},"potentialAction":[{"@type":"SearchAction","target":{"@type":"EntryPoint","urlTemplate":"https:\/\/nerdiy.de\/de_de\/?s={search_term_string}"},"query-input":{"@type":"PropertyValueSpecification","valueRequired":true,"valueName":"search_term_string"}}],"inLanguage":"en-US"},{"@type":"Organization","@id":"https:\/\/nerdiy.de\/de_de\/#organization","name":"Nerdiy.de","url":"https:\/\/nerdiy.de\/de_de\/","logo":{"@type":"ImageObject","inLanguage":"en-US","@id":"https:\/\/nerdiy.de\/de_de\/#\/schema\/logo\/image\/","url":"https:\/\/i0.wp.com\/nerdiy.de\/wp-content\/uploads\/2020\/04\/www.nerdiy.de-v1.0final180x180-1.png?fit=180%2C180&ssl=1","contentUrl":"https:\/\/i0.wp.com\/nerdiy.de\/wp-content\/uploads\/2020\/04\/www.nerdiy.de-v1.0final180x180-1.png?fit=180%2C180&ssl=1","width":180,"height":180,"caption":"Nerdiy.de"},"image":{"@id":"https:\/\/nerdiy.de\/de_de\/#\/schema\/logo\/image\/"},"sameAs":["https:\/\/www.facebook.com\/nerdiy.de","https:\/\/x.com\/nerdiyde","https:\/\/www.instagram.com\/nerdiy.de\/","https:\/\/www.pinterest.de\/nerdiyde\/","https:\/\/www.youtube.com\/nerdiy"]}]}},"jetpack_sharing_enabled":true,"jetpack_shortlink":"https:\/\/wp.me\/P9GM3g-5gG","jetpack_likes_enabled":true,"jetpack-related-posts":[{"id":418,"url":"https:\/\/nerdiy.de\/en\/conditions\/","url_meta":{"origin":20254,"position":0},"title":"GTC","author":"Fab","date":"28. February 2018","format":false,"excerpt":"Allgemeine Gesch\u00e4ftsbedingungen \u00a7 1 Geltung, Begriffsdefinitionen (1) Nerdiy.de by Fabian Steppat, Nerdiy.de by Fabian Steppat, Parkstra\u00dfe 70, 44866 Bochum, Deutschland (im Folgenden: \u201ewir\u201c oder \u201eNerdiy.de\u201c) betreibt unter der Webseite https:\/\/nerdiy.de einen Online-Shop f\u00fcr Waren und Digitale G\u00fcter. Die nachfolgenden allgemeinen Gesch\u00e4ftsbedingungen gelten f\u00fcr alle Leistungen zwischen uns und unseren Kunden\u2026","rel":"","context":"Similar post","block_context":{"text":"Similar post","link":""},"img":{"alt_text":"","src":"","width":0,"height":0},"classes":[]},{"id":420,"url":"https:\/\/nerdiy.de\/en\/data-protection\/","url_meta":{"origin":20254,"position":1},"title":"Privacy","author":"Fab","date":"28. February 2018","format":false,"excerpt":"Datenschutzerkl\u00e4rung Diese Datenschutzerkl\u00e4rung kl\u00e4rt Sie \u00fcber die Art, den Umfang und Zweck der Verarbeitung von personenbezogenen Daten (nachfolgend kurz \u201eDaten\u201c) innerhalb unseres Onlineangebotes und der mit ihm verbundenen Webseiten, Funktionen und Inhalte sowie externen Onlinepr\u00e4senzen, wie z.B. unser Social Media Profile auf (nachfolgend gemeinsam bezeichnet als \u201eOnlineangebot\u201c). Im Hinblick auf\u2026","rel":"","context":"Similar post","block_context":{"text":"Similar post","link":""},"img":{"alt_text":"","src":"","width":0,"height":0},"classes":[]},{"id":20252,"url":"https:\/\/nerdiy.de\/en\/right-of-withdrawal\/","url_meta":{"origin":20254,"position":2},"title":"Cancellation policy","author":"Fab","date":"9. October 2023","format":false,"excerpt":"Widerrufsbelehrung f\u00fcr Digitale Produkte Widerrufsrecht f\u00fcr Verbraucher (Verbraucher ist jede nat\u00fcrliche Person, die ein Rechtsgesch\u00e4ft zu Zwecken abschlie\u00dft, die \u00fcberwiegend weder ihrer gewerblichen noch ihrer selbstst\u00e4ndigen beruflichen T\u00e4tigkeit zugerechnet werden kann.) Widerrufsbelehrung Widerrufsrecht Sie haben das Recht, binnen vierzehn Tagen ohne Angabe von Gr\u00fcnden diesen Vertrag zu widerrufen. Die Widerrufsfrist\u2026","rel":"","context":"Similar post","block_context":{"text":"Similar post","link":""},"img":{"alt_text":"","src":"","width":0,"height":0},"classes":[]},{"id":20243,"url":"https:\/\/nerdiy.de\/en\/terms-of-use\/","url_meta":{"origin":20254,"position":3},"title":"Terms of use","author":"Fab","date":"29. October 2023","format":false,"excerpt":"Nutzungsbedingungen f\u00fcr den Kauf und die Nutzung unserer digitalen Produkte f\u00fcr 3D-Druck 1. Allgemeines: Mit dem Kauf unserer digitalen Produkte stimmen Sie diesen Nutzungsbedingungen zu. Bitte lesen Sie sie sorgf\u00e4ltig durch. 2. Bezahlung: Die Bezahlung f\u00fcr unsere Produkte erfolgt gem\u00e4\u00df den auf unserer Website angegebenen Preisen und Zahlungsrichtlinien. 3. Lizenzgew\u00e4hrung:\u2026","rel":"","context":"Similar post","block_context":{"text":"Similar post","link":""},"img":{"alt_text":"","src":"","width":0,"height":0},"classes":[]}],"_links":{"self":[{"href":"https:\/\/nerdiy.de\/en\/wp-json\/wp\/v2\/pages\/20254","targetHints":{"allow":["GET"]}}],"collection":[{"href":"https:\/\/nerdiy.de\/en\/wp-json\/wp\/v2\/pages"}],"about":[{"href":"https:\/\/nerdiy.de\/en\/wp-json\/wp\/v2\/types\/page"}],"author":[{"embeddable":true,"href":"https:\/\/nerdiy.de\/en\/wp-json\/wp\/v2\/users\/1"}],"replies":[{"embeddable":true,"href":"https:\/\/nerdiy.de\/en\/wp-json\/wp\/v2\/comments?post=20254"}],"version-history":[{"count":0,"href":"https:\/\/nerdiy.de\/en\/wp-json\/wp\/v2\/pages\/20254\/revisions"}],"wp:attachment":[{"href":"https:\/\/nerdiy.de\/en\/wp-json\/wp\/v2\/media?parent=20254"}],"curies":[{"name":"wp","href":"https:\/\/api.w.org\/{rel}","templated":true}]}}