{"id":71,"date":"2018-02-08T14:01:16","date_gmt":"2018-02-08T13:01:16","guid":{"rendered":"http:\/\/www.fabinv.de\/?page_id=71"},"modified":"2018-02-08T14:01:16","modified_gmt":"2018-02-08T13:01:16","slug":"my-account","status":"publish","type":"page","link":"https:\/\/nerdiy.de\/en\/my-account\/","title":{"rendered":"My account"},"content":{"rendered":"<div class=\"woocommerce\"><\/div>","protected":false},"excerpt":{"rendered":"","protected":false},"author":1,"featured_media":0,"parent":0,"menu_order":0,"comment_status":"closed","ping_status":"closed","template":"","meta":{"_bbp_topic_count":0,"_bbp_reply_count":0,"_bbp_total_topic_count":0,"_bbp_total_reply_count":0,"_bbp_voice_count":0,"_bbp_anonymous_reply_count":0,"_bbp_topic_count_hidden":0,"_bbp_reply_count_hidden":0,"_bbp_forum_subforum_count":0,"jetpack_post_was_ever_published":false,"footnotes":""},"class_list":["post-71","page","type-page","status-publish","hentry"],"yoast_head":"<!-- This site is optimized with the Yoast SEO plugin v27.3 - https:\/\/yoast.com\/product\/yoast-seo-wordpress\/ -->\n<title>Mein Konto - nerdiy.de - DIY, Elektronik, 3D Druck und mehr...<\/title>\n<meta name=\"description\" content=\"Read a huge collection of detailed Tutorials on Nerdiy.de about all kind of Software, Hardware and general maker topics.\" \/>\n<meta name=\"robots\" content=\"index, follow, max-snippet:-1, max-image-preview:large, max-video-preview:-1\" \/>\n<link rel=\"canonical\" href=\"https:\/\/nerdiy.de\/en\/my-account\/\" \/>\n<meta property=\"og:locale\" content=\"en_US\" \/>\n<meta property=\"og:type\" content=\"article\" \/>\n<meta property=\"og:title\" content=\"Mein Konto - nerdiy.de - DIY, Elektronik, 3D Druck und mehr...\" \/>\n<meta property=\"og:description\" content=\"Read a huge collection of detailed Tutorials on Nerdiy.de about all kind of Software, Hardware and general maker topics.\" \/>\n<meta property=\"og:url\" content=\"https:\/\/nerdiy.de\/en\/my-account\/\" \/>\n<meta property=\"og:site_name\" content=\"nerdiy.de - DIY, Elektronik, 3D Druck und mehr...\" \/>\n<meta property=\"article:publisher\" content=\"https:\/\/www.facebook.com\/nerdiy.de\" \/>\n<meta property=\"og:image\" content=\"https:\/\/i0.wp.com\/nerdiy.de\/wp-content\/uploads\/2020\/12\/www.nerdiy.de-news-pcb-entwicklung-hubctrlr-minifloorlamp-und-nanopxlv1-3-20201204-115525-scaled.jpg?fit=1920%2C2560&ssl=1\" \/>\n\t<meta property=\"og:image:width\" content=\"1920\" \/>\n\t<meta property=\"og:image:height\" content=\"2560\" \/>\n\t<meta property=\"og:image:type\" content=\"image\/jpeg\" \/>\n<meta name=\"twitter:card\" content=\"summary_large_image\" \/>\n<meta name=\"twitter:site\" content=\"@nerdiyde\" \/>\n<script type=\"application\/ld+json\" class=\"yoast-schema-graph\">{\"@context\":\"https:\\\/\\\/schema.org\",\"@graph\":[{\"@type\":\"WebPage\",\"@id\":\"https:\\\/\\\/nerdiy.de\\\/mein-konto\\\/\",\"url\":\"https:\\\/\\\/nerdiy.de\\\/mein-konto\\\/\",\"name\":\"Mein Konto - nerdiy.de - DIY, Elektronik, 3D Druck und mehr...\",\"isPartOf\":{\"@id\":\"https:\\\/\\\/nerdiy.de\\\/de_de\\\/#website\"},\"datePublished\":\"2018-02-08T13:01:16+00:00\",\"description\":\"Read a huge collection of detailed Tutorials on Nerdiy.de about all kind of Software, Hardware and general maker topics.\",\"breadcrumb\":{\"@id\":\"https:\\\/\\\/nerdiy.de\\\/mein-konto\\\/#breadcrumb\"},\"inLanguage\":\"en-US\",\"potentialAction\":[{\"@type\":\"ReadAction\",\"target\":[\"https:\\\/\\\/nerdiy.de\\\/mein-konto\\\/\"]}]},{\"@type\":\"BreadcrumbList\",\"@id\":\"https:\\\/\\\/nerdiy.de\\\/mein-konto\\\/#breadcrumb\",\"itemListElement\":[{\"@type\":\"ListItem\",\"position\":1,\"name\":\"Startseite\",\"item\":\"https:\\\/\\\/nerdiy.de\\\/de_de\\\/\"},{\"@type\":\"ListItem\",\"position\":2,\"name\":\"Mein Konto\"}]},{\"@type\":\"WebSite\",\"@id\":\"https:\\\/\\\/nerdiy.de\\\/de_de\\\/#website\",\"url\":\"https:\\\/\\\/nerdiy.de\\\/de_de\\\/\",\"name\":\"nerdiy.de - DIY, Elektronik, 3D Druck und mehr...\",\"description\":\"Bei nerdiy.de dreht sich alles um Elektronik, Heimwerken, 3D-Druck, Smart Home und viele andere technische Themen.\",\"publisher\":{\"@id\":\"https:\\\/\\\/nerdiy.de\\\/de_de\\\/#organization\"},\"potentialAction\":[{\"@type\":\"SearchAction\",\"target\":{\"@type\":\"EntryPoint\",\"urlTemplate\":\"https:\\\/\\\/nerdiy.de\\\/de_de\\\/?s={search_term_string}\"},\"query-input\":{\"@type\":\"PropertyValueSpecification\",\"valueRequired\":true,\"valueName\":\"search_term_string\"}}],\"inLanguage\":\"en-US\"},{\"@type\":\"Organization\",\"@id\":\"https:\\\/\\\/nerdiy.de\\\/de_de\\\/#organization\",\"name\":\"Nerdiy.de\",\"url\":\"https:\\\/\\\/nerdiy.de\\\/de_de\\\/\",\"logo\":{\"@type\":\"ImageObject\",\"inLanguage\":\"en-US\",\"@id\":\"https:\\\/\\\/nerdiy.de\\\/de_de\\\/#\\\/schema\\\/logo\\\/image\\\/\",\"url\":\"https:\\\/\\\/i0.wp.com\\\/nerdiy.de\\\/wp-content\\\/uploads\\\/2020\\\/04\\\/www.nerdiy.de-v1.0final180x180-1.png?fit=180%2C180&ssl=1\",\"contentUrl\":\"https:\\\/\\\/i0.wp.com\\\/nerdiy.de\\\/wp-content\\\/uploads\\\/2020\\\/04\\\/www.nerdiy.de-v1.0final180x180-1.png?fit=180%2C180&ssl=1\",\"width\":180,\"height\":180,\"caption\":\"Nerdiy.de\"},\"image\":{\"@id\":\"https:\\\/\\\/nerdiy.de\\\/de_de\\\/#\\\/schema\\\/logo\\\/image\\\/\"},\"sameAs\":[\"https:\\\/\\\/www.facebook.com\\\/nerdiy.de\",\"https:\\\/\\\/x.com\\\/nerdiyde\",\"https:\\\/\\\/www.instagram.com\\\/nerdiy.de\\\/\",\"https:\\\/\\\/www.pinterest.de\\\/nerdiyde\\\/\",\"https:\\\/\\\/www.youtube.com\\\/nerdiy\"]}]}<\/script>\n<!-- \/ Yoast SEO plugin. -->","yoast_head_json":{"title":"My account - nerdiy.de - DIY, electronics, 3D printing and more...","description":"Read a huge collection of detailed Tutorials on Nerdiy.de about all kind of Software, Hardware and general maker topics.","robots":{"index":"index","follow":"follow","max-snippet":"max-snippet:-1","max-image-preview":"max-image-preview:large","max-video-preview":"max-video-preview:-1"},"canonical":"https:\/\/nerdiy.de\/en\/my-account\/","og_locale":"en_US","og_type":"article","og_title":"Mein Konto - nerdiy.de - DIY, Elektronik, 3D Druck und mehr...","og_description":"Read a huge collection of detailed Tutorials on Nerdiy.de about all kind of Software, Hardware and general maker topics.","og_url":"https:\/\/nerdiy.de\/en\/my-account\/","og_site_name":"nerdiy.de - DIY, Elektronik, 3D Druck und mehr...","article_publisher":"https:\/\/www.facebook.com\/nerdiy.de","og_image":[{"width":1920,"height":2560,"url":"https:\/\/i0.wp.com\/nerdiy.de\/wp-content\/uploads\/2020\/12\/www.nerdiy.de-news-pcb-entwicklung-hubctrlr-minifloorlamp-und-nanopxlv1-3-20201204-115525-scaled.jpg?fit=1920%2C2560&ssl=1","type":"image\/jpeg"}],"twitter_card":"summary_large_image","twitter_site":"@nerdiyde","schema":{"@context":"https:\/\/schema.org","@graph":[{"@type":"WebPage","@id":"https:\/\/nerdiy.de\/mein-konto\/","url":"https:\/\/nerdiy.de\/mein-konto\/","name":"My account - nerdiy.de - DIY, electronics, 3D printing and more...","isPartOf":{"@id":"https:\/\/nerdiy.de\/de_de\/#website"},"datePublished":"2018-02-08T13:01:16+00:00","description":"Read a huge collection of detailed Tutorials on Nerdiy.de about all kind of Software, Hardware and general maker topics.","breadcrumb":{"@id":"https:\/\/nerdiy.de\/mein-konto\/#breadcrumb"},"inLanguage":"en-US","potentialAction":[{"@type":"ReadAction","target":["https:\/\/nerdiy.de\/mein-konto\/"]}]},{"@type":"BreadcrumbList","@id":"https:\/\/nerdiy.de\/mein-konto\/#breadcrumb","itemListElement":[{"@type":"ListItem","position":1,"name":"Startseite","item":"https:\/\/nerdiy.de\/de_de\/"},{"@type":"ListItem","position":2,"name":"Mein Konto"}]},{"@type":"WebSite","@id":"https:\/\/nerdiy.de\/de_de\/#website","url":"https:\/\/nerdiy.de\/de_de\/","name":"nerdiy.de - DIY, electronics, 3D printing and more...","description":"At nerdiy.de, everything revolves around electronics, DIY, 3D printing, smart home and many other technical topics.","publisher":{"@id":"https:\/\/nerdiy.de\/de_de\/#organization"},"potentialAction":[{"@type":"SearchAction","target":{"@type":"EntryPoint","urlTemplate":"https:\/\/nerdiy.de\/de_de\/?s={search_term_string}"},"query-input":{"@type":"PropertyValueSpecification","valueRequired":true,"valueName":"search_term_string"}}],"inLanguage":"en-US"},{"@type":"Organization","@id":"https:\/\/nerdiy.de\/de_de\/#organization","name":"Nerdiy.de","url":"https:\/\/nerdiy.de\/de_de\/","logo":{"@type":"ImageObject","inLanguage":"en-US","@id":"https:\/\/nerdiy.de\/de_de\/#\/schema\/logo\/image\/","url":"https:\/\/i0.wp.com\/nerdiy.de\/wp-content\/uploads\/2020\/04\/www.nerdiy.de-v1.0final180x180-1.png?fit=180%2C180&ssl=1","contentUrl":"https:\/\/i0.wp.com\/nerdiy.de\/wp-content\/uploads\/2020\/04\/www.nerdiy.de-v1.0final180x180-1.png?fit=180%2C180&ssl=1","width":180,"height":180,"caption":"Nerdiy.de"},"image":{"@id":"https:\/\/nerdiy.de\/de_de\/#\/schema\/logo\/image\/"},"sameAs":["https:\/\/www.facebook.com\/nerdiy.de","https:\/\/x.com\/nerdiyde","https:\/\/www.instagram.com\/nerdiy.de\/","https:\/\/www.pinterest.de\/nerdiyde\/","https:\/\/www.youtube.com\/nerdiy"]}]}},"jetpack_sharing_enabled":true,"jetpack_shortlink":"https:\/\/wp.me\/P9GM3g-19","jetpack_likes_enabled":true,"jetpack-related-posts":[{"id":420,"url":"https:\/\/nerdiy.de\/en\/data-protection\/","url_meta":{"origin":71,"position":0},"title":"Privacy","author":"Fab","date":"28. February 2018","format":false,"excerpt":"Datenschutzerkl\u00e4rung Diese Datenschutzerkl\u00e4rung kl\u00e4rt Sie \u00fcber die Art, den Umfang und Zweck der Verarbeitung von personenbezogenen Daten (nachfolgend kurz \u201eDaten\u201c) innerhalb unseres Onlineangebotes und der mit ihm verbundenen Webseiten, Funktionen und Inhalte sowie externen Onlinepr\u00e4senzen, wie z.B. unser Social Media Profile auf (nachfolgend gemeinsam bezeichnet als \u201eOnlineangebot\u201c). Im Hinblick auf\u2026","rel":"","context":"Similar post","block_context":{"text":"Similar post","link":""},"img":{"alt_text":"","src":"","width":0,"height":0},"classes":[]}],"_links":{"self":[{"href":"https:\/\/nerdiy.de\/en\/wp-json\/wp\/v2\/pages\/71","targetHints":{"allow":["GET"]}}],"collection":[{"href":"https:\/\/nerdiy.de\/en\/wp-json\/wp\/v2\/pages"}],"about":[{"href":"https:\/\/nerdiy.de\/en\/wp-json\/wp\/v2\/types\/page"}],"author":[{"embeddable":true,"href":"https:\/\/nerdiy.de\/en\/wp-json\/wp\/v2\/users\/1"}],"replies":[{"embeddable":true,"href":"https:\/\/nerdiy.de\/en\/wp-json\/wp\/v2\/comments?post=71"}],"version-history":[{"count":0,"href":"https:\/\/nerdiy.de\/en\/wp-json\/wp\/v2\/pages\/71\/revisions"}],"wp:attachment":[{"href":"https:\/\/nerdiy.de\/en\/wp-json\/wp\/v2\/media?parent=71"}],"curies":[{"name":"wp","href":"https:\/\/api.w.org\/{rel}","templated":true}]}}