{"id":15674,"date":"2021-02-15T14:46:53","date_gmt":"2021-02-15T13:46:53","guid":{"rendered":"https:\/\/nerdiy.de\/?page_id=15674"},"modified":"2024-04-18T20:14:55","modified_gmt":"2024-04-18T18:14:55","slug":"nerdiy-en-los-medios","status":"publish","type":"page","link":"https:\/\/nerdiy.de\/es\/nerdiy-en-los-medios\/","title":{"rendered":"Nerdiy.de en los medios"},"content":{"rendered":"<p>Aqu\u00ed encontrar\u00e1 una lista de enlaces, art\u00edculos y opiniones sobre los proyectos en Nerdiy.de fuera de Nerdiy.de.<\/p>\n\n\n\n<hr class=\"wp-block-separator has-css-opacity is-style-wide\"\/>\n\n\n\n<h2 class=\"wp-block-heading\" id=\"anemosens\">anemosens<\/h2>\n\n\n\n<p>Informaci\u00f3n del proyecto: <\/p>\n\n\n\n<ul class=\"wp-block-list\">\n<li><strong><em><a href=\"https:\/\/nerdiy.de\/es\/howto-pcb-set-up-the-anemosens-sensor-pcb-2\/\" target=\"_blank\" rel=\"noreferrer noopener\">PCB: construya el PCB del sensor Anemosens<\/a><\/em><\/strong><\/li>\n\n\n\n<li><strong><em><a href=\"https:\/\/nerdiy.de\/es\/como-pcb-anemosens_mcu-pcb-construir\/\" target=\"_blank\" rel=\"noreferrer noopener\">PCB \u2013 Construir Anemosens_MCU PCB<\/a><\/em><\/strong><\/li>\n<\/ul>\n\n\n\n<p>Medios de comunicaci\u00f3n:<\/p>\n\n\n\n<ul class=\"wp-block-list\">\n<li>Hackaday.com:<strong><em> <a href=\"https:\/\/hackaday.com\/2021\/10\/11\/diy-anemometer-for-projects-big-and-small\/\" target=\"_blank\" rel=\"noreferrer noopener\">https:\/\/hackaday.com\/2021\/10\/11\/diy-anemometer-for-projects-big-and-small\/<\/a><\/em><\/strong><\/li>\n\n\n\n<li>Elegoo.com: <strong><em><a href=\"https:\/\/www.elegoo.com\/blogs\/news\/announcing-the-winners-of-the-moveit-3dp-contest\" target=\"_blank\" rel=\"noreferrer noopener\">https:\/\/www.elegoo.com\/blogs\/news\/announcing-the-winners-of-the-moveit-3dp-contest<\/a><\/em><\/strong><\/li>\n\n\n\n<li>Snapmaker.com: <strong><em><a href=\"https:\/\/blog.snapmaker.com\/announcing-the-winners-of-the-moveit-3dp-contest\/\" target=\"_blank\" rel=\"noreferrer noopener\">https:\/\/blog.snapmaker.com\/announcing-the-winners-of-the-moveit-3dp-contest\/<\/a><\/em><\/strong><\/li>\n\n\n\n<li>PCBWay.com: <strong><em><a href=\"https:\/\/www.pcbway.com\/blog\/News\/Best_Shots_with_PCBWay_Results_of_1st_PCBWay_Share_your_Order_Feedback_Activit_558a673f.html\">https:\/\/www.pcbway.com\/blog\/News\/Best_Shots_with_PCBWay_Results_of_1st_PCBWay_Share_your_Order_Feedback_Activit_558a673f.html<\/a><\/em><\/strong><\/li>\n<\/ul>\n\n\n\n<hr class=\"wp-block-separator has-css-opacity\"\/>\n\n\n\n<h2 class=\"wp-block-heading\">Inserto de marco eInk<\/h2>\n\n\n\n<ul class=\"wp-block-list\">\n<li>Hackster.io: <strong><em><a href=\"https:\/\/www.hackster.io\/news\/nerdiy-s-3d-printed-framework-turns-an-ikea-ribba-into-a-seeed-xiao-esp32c3-powered-epaper-dashboard-3d09f96f7936.amp\" target=\"_blank\" rel=\"noreferrer noopener\">https:\/\/www.hackster.io\/news\/nerdiy-s-3d-printed-framework-turns-an-ikea-ribba-into-a-seeed-xiao-esp32c3-powered-epaper-dashboard-3d09f96f7936.amp<\/a><\/em><\/strong><\/li>\n<\/ul>\n\n\n\n<hr class=\"wp-block-separator has-alpha-channel-opacity\"\/>\n\n\n\n<h2 class=\"wp-block-heading\" id=\"windiy\">WinDIY<\/h2>\n\n\n\n<p>Informaci\u00f3n del proyecto: <strong><em><a href=\"https:\/\/nerdiy.de\/es\/windiy-the-wind-turbine-from-the-3d-printer-2\/\" target=\"_blank\" rel=\"noreferrer noopener\">WinDIY - El aerogenerador de la impresora 3D<\/a><\/em><\/strong><\/p>\n\n\n\n<ul class=\"wp-block-list\">\n<li>Hackaday.com: <strong><em><a href=\"https:\/\/hackaday.com\/2020\/08\/07\/hawt-wind-turbine-is-mostly-3d-printed\/\" target=\"_blank\" rel=\"noreferrer noopener\">https:\/\/hackaday.com\/2020\/08\/07\/hawt-wind-turbine-is-mostly-3d-printed\/<\/a><\/em><\/strong><\/li>\n\n\n\n<li>Revista HackSpace: P\u00e1gina 20\/21 <strong><em><a href=\"https:\/\/hackspace.raspberrypi.org\/issues\/39\/pdf\" target=\"_blank\" rel=\"noreferrer noopener\">https:\/\/hackspace.raspberrypi.org\/issues\/39\/pdf<\/a><\/em><\/strong><\/li>\n\n\n\n<li>Heise.de: <strong><em><a href=\"https:\/\/www.heise.de\/hintergrund\/WinDIY-eine-Windturbine-aus-dem-3D-Drucker-5041965.html\" target=\"_blank\" rel=\"noreferrer noopener\">https:\/\/www.heise.de\/hintergrund\/WinDIY-eine-Windturbine-aus-dem-3D-Drucker-5041965.html<\/a><\/em><\/strong><\/li>\n<\/ul>\n\n\n\n<hr class=\"wp-block-separator has-css-opacity\"\/>\n\n\n\n<h2 class=\"wp-block-heading\" id=\"windiy-2\">WinDIY_2<\/h2>\n\n\n\n<ul class=\"wp-block-list\">\n<li>Elegoo.com: <strong><em><a href=\"https:\/\/www.elegoo.com\/blogs\/news\/elegoo-established-sponsorship-with-fabian-steppat-to-optimize-windiy-project\" target=\"_blank\" rel=\"noreferrer noopener\">https:\/\/www.elegoo.com\/de\/blogs\/news\/elegoo-established-sponsorship-with-fabian-steppat-to-optimize-windiy-project<\/a><\/em><\/strong><\/li>\n\n\n\n<li>PCBWay.com: <strong><em><a href=\"https:\/\/www.pcbway.com\/blog\/News\/Best_Shots_with_PCBWay_Results_of_1st_PCBWay_Share_your_Order_Feedback_Activit_558a673f.html\">https:\/\/www.pcbway.com\/blog\/News\/Best_Shots_with_PCBWay_Results_of_1st_PCBWay_Share_your_Order_Feedback_Activit_558a673f.html<\/a><\/em><\/strong><\/li>\n<\/ul>\n\n\n\n<hr class=\"wp-block-separator has-css-opacity\"\/>\n\n\n\n<h2 class=\"wp-block-heading\" id=\"pxlblck-cassettelamp\">pxlBlck_CassetteLamp<\/h2>\n\n\n\n<p>Informaci\u00f3n del proyecto: <strong><em><a href=\"https:\/\/nerdiy.de\/es\/como-construir-pxlblck-pxlblck_cassettelamp\/\" target=\"_blank\" rel=\"noreferrer noopener\">pxlBlck - Construya su propio pxlBlck_CassetteLamp<\/a><\/em><\/strong><\/p>\n\n\n\n<ul class=\"wp-block-list\">\n<li>Hackaday.com: <strong><em><a href=\"https:\/\/hackaday.com\/2021\/03\/17\/cassette-lamp-is-a-throwback-to-the-pencil-winding-glory-days\/\" target=\"_blank\" rel=\"noreferrer noopener\">https:\/\/hackaday.com\/2021\/03\/17\/cassette-lamp-is-a-throwback-to-the-pencil-winding-glory-days\/<\/a><\/em><\/strong><\/li>\n\n\n\n<li>Hacer.com: <strong><em><a href=\"https:\/\/www.heise.de\/select\/make\/2022\/1\/2127007074585523118\" target=\"_blank\" rel=\"noreferrer noopener\">https:\/\/www.heise.de\/select\/make\/2022\/1\/2127007074585523118<\/a><\/em><\/strong><\/li>\n\n\n\n<li>Hackster.io: <strong><em><a href=\"https:\/\/www.hackster.io\/news\/a-beautiful-cassette-tape-lamp-that-provides-notifications-035d6d6398a5\" target=\"_blank\" rel=\"noreferrer noopener\">https:\/\/www.hackster.io\/news\/a-beautiful-cassette-tape-lamp-that-provides-notifications-035d6d6398a5<\/a><\/em><\/strong><\/li>\n<\/ul>\n\n\n\n<hr class=\"wp-block-separator has-css-opacity\"\/>\n\n\n\n<h2 class=\"wp-block-heading\">Sistema pxlBlck<\/h2>\n\n\n\n<p>Informaci\u00f3n del proyecto: <strong><em><a href=\"https:\/\/nerdiy.de\/en\/pxlblck\/\" target=\"_blank\" rel=\"noreferrer noopener\">pxlBlck - Un sistema de informaci\u00f3n IOT\/SmartHome<\/a><\/em><\/strong><\/p>\n\n\n\n<ul class=\"wp-block-list\">\n<li>Hackster.io: <strong><em><a href=\"https:\/\/www.hackster.io\/news\/pxlblck-is-a-sleek-and-unobtrusive-smart-home-display-system-4477640b65d3\" target=\"_blank\" rel=\"noreferrer noopener\">https:\/\/www.hackster.io\/news\/pxlblck-is-a-sleek-and-unobtrusive-smart-home-display-system-4477640b65d3<\/a><\/em><\/strong><\/li>\n<\/ul>\n\n\n\n<hr class=\"wp-block-separator has-alpha-channel-opacity\"\/>\n\n\n\n<h2 class=\"wp-block-heading\" id=\"pxldigit\">PxlDigit<\/h2>\n\n\n\n<p>Informaci\u00f3n del proyecto: <strong><em><a href=\"https:\/\/nerdiy.de\/es\/howto-electronics-build-a-siete-segment-digit-pxldigit-out-of-ws2812-leds\/\" target=\"_blank\" rel=\"noreferrer noopener\">Cree un d\u00edgito de siete segmentos &quot;pxlDigit&quot; a partir de LED WS2812<\/a><\/em><\/strong><\/p>\n\n\n\n<ul class=\"wp-block-list\">\n<li>Hackaday.com: <a href=\"https:\/\/hackaday.com\/2021\/02\/02\/simple-3d-printed-seven-segment-displays\/\" target=\"_blank\" rel=\"noreferrer noopener\"><strong><em>https:\/\/hackaday.com\/2021\/02\/02\/simple-3d-printed-seven-segment-displays\/<\/em><\/strong><\/a><\/li>\n<\/ul>\n\n\n\n<hr class=\"wp-block-separator has-css-opacity\"\/>\n\n\n\n<h2 class=\"wp-block-heading\" id=\"servogesteuertes-125mm-schmetterlingsventil\">V\u00e1lvula de mariposa servocontrolada de 125 mm<\/h2>\n\n\n\n<p>Informaci\u00f3n del proyecto: <strong><em><a href=\"https:\/\/nerdiy.de\/es\/como-imprimir-3d-construir-una-valvula-de-mariposa-servo-controlada-de-125-mm-2\/\" target=\"_blank\" rel=\"noreferrer noopener\">Impresi\u00f3n 3D: construya una v\u00e1lvula de mariposa de 125 mm servocontrolada<\/a><\/em><\/strong><\/p>\n\n\n\n<ul class=\"wp-block-list\">\n<li>Hackaday.com: <strong><em><a href=\"https:\/\/hackaday.com\/2021\/02\/09\/3d-printed-butterfly-valve-helps-automate-fume-extraction\/\" target=\"_blank\" rel=\"noreferrer noopener\">https:\/\/hackaday.com\/2021\/02\/09\/3d-printed-butterfly-valve-helps-automate-fume-extraction\/<\/a><\/em><\/strong><\/li>\n<\/ul>\n\n\n\n<hr class=\"wp-block-separator has-css-opacity\"\/>\n\n\n\n<h2 class=\"wp-block-heading\" id=\"nerdiskerator\">nerd discerador<\/h2>\n\n\n\n<p>Informaci\u00f3n del proyecto: <strong><em><a href=\"https:\/\/nerdiy.de\/es\/nerdiskerator-a-generator-from-the-3d-printer\/\" target=\"_blank\" rel=\"noreferrer noopener\">Nerdiskerator \u2013 generador de la impresora 3D<\/a><\/em><\/strong><\/p>\n\n\n\n<ul class=\"wp-block-list\">\n<li>Hackster.io: <strong><em><a href=\"https:\/\/www.hackster.io\/news\/nerdiskerator-3d-printed-disk-generator-created-with-neodymium-magnets-and-handmade-coils-aab19cd7cd25\" target=\"_blank\" rel=\"noreferrer noopener\">https:\/\/www.hackster.io\/news\/nerdiskerator-3d-printed-disk-generator-created-with-neodymium-magnets-and-handmade-coils-aab19cd7cd25<\/a><\/em><\/strong><\/li>\n<\/ul>\n\n\n\n<hr class=\"wp-block-separator has-css-opacity is-style-wide\"\/>\n\n\n\n<h2 class=\"wp-block-heading\" id=\"ihr-habt-einen-artikel-uber-projekte-von-nerdiy-de-gefunden-der-noch-nicht-hier-aufgezahlt-ist\">\u00bfHa encontrado un art\u00edculo sobre proyectos de Nerdiy.de que a\u00fan no figura aqu\u00ed?<\/h2>\n\n\n\n<p>Entonces por favor env\u00edame un mensaje al respecto. <strong><em><a href=\"https:\/\/nerdiy.de\/es\/contacto\/\" target=\"_blank\" rel=\"noreferrer noopener\">Formulario de contacto <\/a><\/em><\/strong>y voy a poner los enlaces aqu\u00ed. \ud83d\ude42<\/p>","protected":false},"excerpt":{"rendered":"<p>Aqu\u00ed puedes encontrar una lista de enlaces, art\u00edculos y opiniones sobre los proyectos de Nerdiy.de fuera de Nerdiy.de. Informaci\u00f3n del Proyecto Anemosens: Media: eInk Frame Insert WinDIY Informaci\u00f3n del Proyecto: WinDIY - [...]<\/p>","protected":false},"author":1,"featured_media":0,"parent":0,"menu_order":0,"comment_status":"closed","ping_status":"closed","template":"","meta":{"_bbp_topic_count":0,"_bbp_reply_count":0,"_bbp_total_topic_count":0,"_bbp_total_reply_count":0,"_bbp_voice_count":0,"_bbp_anonymous_reply_count":0,"_bbp_topic_count_hidden":0,"_bbp_reply_count_hidden":0,"_bbp_forum_subforum_count":0,"jetpack_post_was_ever_published":false,"footnotes":""},"class_list":["post-15674","page","type-page","status-publish","hentry"],"yoast_head":"<!-- This site is optimized with the Yoast SEO plugin v27.3 - https:\/\/yoast.com\/product\/yoast-seo-wordpress\/ -->\n<title>Nerdiy.de in den Medien - nerdiy.de - DIY, Elektronik, 3D Druck und mehr...<\/title>\n<meta name=\"description\" content=\"Read a huge collection of detailed Tutorials on Nerdiy.de about all kind of Software, Hardware and general maker topics.\" \/>\n<meta name=\"robots\" content=\"index, follow, max-snippet:-1, max-image-preview:large, max-video-preview:-1\" \/>\n<link rel=\"canonical\" href=\"https:\/\/nerdiy.de\/es\/nerdiy-en-los-medios\/\" \/>\n<meta property=\"og:locale\" content=\"es_ES\" \/>\n<meta property=\"og:type\" content=\"article\" \/>\n<meta property=\"og:title\" content=\"Nerdiy.de in den Medien - nerdiy.de - DIY, Elektronik, 3D Druck und mehr...\" \/>\n<meta property=\"og:description\" content=\"Read a huge collection of detailed Tutorials on Nerdiy.de about all kind of Software, Hardware and general maker topics.\" \/>\n<meta property=\"og:url\" content=\"https:\/\/nerdiy.de\/es\/nerdiy-en-los-medios\/\" \/>\n<meta property=\"og:site_name\" content=\"nerdiy.de - DIY, Elektronik, 3D Druck und mehr...\" \/>\n<meta property=\"article:publisher\" content=\"https:\/\/www.facebook.com\/nerdiy.de\" \/>\n<meta property=\"article:modified_time\" content=\"2024-04-18T18:14:55+00:00\" \/>\n<meta property=\"og:image\" content=\"https:\/\/i0.wp.com\/nerdiy.de\/wp-content\/uploads\/2020\/12\/www.nerdiy.de-news-pcb-entwicklung-hubctrlr-minifloorlamp-und-nanopxlv1-3-20201204-115525-scaled.jpg?fit=1920%2C2560&ssl=1\" \/>\n\t<meta property=\"og:image:width\" content=\"1920\" \/>\n\t<meta property=\"og:image:height\" content=\"2560\" \/>\n\t<meta property=\"og:image:type\" content=\"image\/jpeg\" \/>\n<meta name=\"twitter:card\" content=\"summary_large_image\" \/>\n<meta name=\"twitter:site\" content=\"@nerdiyde\" \/>\n<meta name=\"twitter:label1\" content=\"Est. reading time\" \/>\n\t<meta name=\"twitter:data1\" content=\"1 minute\" \/>\n<script type=\"application\/ld+json\" class=\"yoast-schema-graph\">{\"@context\":\"https:\\\/\\\/schema.org\",\"@graph\":[{\"@type\":\"WebPage\",\"@id\":\"https:\\\/\\\/nerdiy.de\\\/nerdiy-de-in-den-medien\\\/\",\"url\":\"https:\\\/\\\/nerdiy.de\\\/nerdiy-de-in-den-medien\\\/\",\"name\":\"Nerdiy.de in den Medien - nerdiy.de - DIY, Elektronik, 3D Druck und mehr...\",\"isPartOf\":{\"@id\":\"https:\\\/\\\/nerdiy.de\\\/de_de\\\/#website\"},\"datePublished\":\"2021-02-15T13:46:53+00:00\",\"dateModified\":\"2024-04-18T18:14:55+00:00\",\"description\":\"Read a huge collection of detailed Tutorials on Nerdiy.de about all kind of Software, Hardware and general maker topics.\",\"breadcrumb\":{\"@id\":\"https:\\\/\\\/nerdiy.de\\\/nerdiy-de-in-den-medien\\\/#breadcrumb\"},\"inLanguage\":\"es-ES\",\"potentialAction\":[{\"@type\":\"ReadAction\",\"target\":[\"https:\\\/\\\/nerdiy.de\\\/nerdiy-de-in-den-medien\\\/\"]}]},{\"@type\":\"BreadcrumbList\",\"@id\":\"https:\\\/\\\/nerdiy.de\\\/nerdiy-de-in-den-medien\\\/#breadcrumb\",\"itemListElement\":[{\"@type\":\"ListItem\",\"position\":1,\"name\":\"Startseite\",\"item\":\"https:\\\/\\\/nerdiy.de\\\/de_de\\\/\"},{\"@type\":\"ListItem\",\"position\":2,\"name\":\"Nerdiy.de in den Medien\"}]},{\"@type\":\"WebSite\",\"@id\":\"https:\\\/\\\/nerdiy.de\\\/de_de\\\/#website\",\"url\":\"https:\\\/\\\/nerdiy.de\\\/de_de\\\/\",\"name\":\"nerdiy.de - DIY, Elektronik, 3D Druck und mehr...\",\"description\":\"Bei nerdiy.de dreht sich alles um Elektronik, Heimwerken, 3D-Druck, Smart Home und viele andere technische Themen.\",\"publisher\":{\"@id\":\"https:\\\/\\\/nerdiy.de\\\/de_de\\\/#organization\"},\"potentialAction\":[{\"@type\":\"SearchAction\",\"target\":{\"@type\":\"EntryPoint\",\"urlTemplate\":\"https:\\\/\\\/nerdiy.de\\\/de_de\\\/?s={search_term_string}\"},\"query-input\":{\"@type\":\"PropertyValueSpecification\",\"valueRequired\":true,\"valueName\":\"search_term_string\"}}],\"inLanguage\":\"es-ES\"},{\"@type\":\"Organization\",\"@id\":\"https:\\\/\\\/nerdiy.de\\\/de_de\\\/#organization\",\"name\":\"Nerdiy.de\",\"url\":\"https:\\\/\\\/nerdiy.de\\\/de_de\\\/\",\"logo\":{\"@type\":\"ImageObject\",\"inLanguage\":\"es-ES\",\"@id\":\"https:\\\/\\\/nerdiy.de\\\/de_de\\\/#\\\/schema\\\/logo\\\/image\\\/\",\"url\":\"https:\\\/\\\/i0.wp.com\\\/nerdiy.de\\\/wp-content\\\/uploads\\\/2020\\\/04\\\/www.nerdiy.de-v1.0final180x180-1.png?fit=180%2C180&ssl=1\",\"contentUrl\":\"https:\\\/\\\/i0.wp.com\\\/nerdiy.de\\\/wp-content\\\/uploads\\\/2020\\\/04\\\/www.nerdiy.de-v1.0final180x180-1.png?fit=180%2C180&ssl=1\",\"width\":180,\"height\":180,\"caption\":\"Nerdiy.de\"},\"image\":{\"@id\":\"https:\\\/\\\/nerdiy.de\\\/de_de\\\/#\\\/schema\\\/logo\\\/image\\\/\"},\"sameAs\":[\"https:\\\/\\\/www.facebook.com\\\/nerdiy.de\",\"https:\\\/\\\/x.com\\\/nerdiyde\",\"https:\\\/\\\/www.instagram.com\\\/nerdiy.de\\\/\",\"https:\\\/\\\/www.pinterest.de\\\/nerdiyde\\\/\",\"https:\\\/\\\/www.youtube.com\\\/nerdiy\"]}]}<\/script>\n<!-- \/ Yoast SEO plugin. -->","yoast_head_json":{"title":"Nerdiy.de en los medios - nerdiy.de - Bricolaje, electr\u00f3nica, impresi\u00f3n 3D y m\u00e1s...","description":"Lea una gran colecci\u00f3n de tutoriales detallados en Nerdiy.de sobre todo tipo de software, hardware y temas generales de fabricantes.","robots":{"index":"index","follow":"follow","max-snippet":"max-snippet:-1","max-image-preview":"max-image-preview:large","max-video-preview":"max-video-preview:-1"},"canonical":"https:\/\/nerdiy.de\/es\/nerdiy-en-los-medios\/","og_locale":"es_ES","og_type":"article","og_title":"Nerdiy.de in den Medien - nerdiy.de - DIY, Elektronik, 3D Druck und mehr...","og_description":"Read a huge collection of detailed Tutorials on Nerdiy.de about all kind of Software, Hardware and general maker topics.","og_url":"https:\/\/nerdiy.de\/es\/nerdiy-en-los-medios\/","og_site_name":"nerdiy.de - DIY, Elektronik, 3D Druck und mehr...","article_publisher":"https:\/\/www.facebook.com\/nerdiy.de","article_modified_time":"2024-04-18T18:14:55+00:00","og_image":[{"width":1920,"height":2560,"url":"https:\/\/i0.wp.com\/nerdiy.de\/wp-content\/uploads\/2020\/12\/www.nerdiy.de-news-pcb-entwicklung-hubctrlr-minifloorlamp-und-nanopxlv1-3-20201204-115525-scaled.jpg?fit=1920%2C2560&ssl=1","type":"image\/jpeg"}],"twitter_card":"summary_large_image","twitter_site":"@nerdiyde","twitter_misc":{"Est. reading time":"1 minute"},"schema":{"@context":"https:\/\/schema.org","@graph":[{"@type":"WebPage","@id":"https:\/\/nerdiy.de\/nerdiy-de-in-den-medien\/","url":"https:\/\/nerdiy.de\/nerdiy-de-in-den-medien\/","name":"Nerdiy.de en los medios - nerdiy.de - Bricolaje, electr\u00f3nica, impresi\u00f3n 3D y m\u00e1s...","isPartOf":{"@id":"https:\/\/nerdiy.de\/de_de\/#website"},"datePublished":"2021-02-15T13:46:53+00:00","dateModified":"2024-04-18T18:14:55+00:00","description":"Lea una gran colecci\u00f3n de tutoriales detallados en Nerdiy.de sobre todo tipo de software, hardware y temas generales de fabricantes.","breadcrumb":{"@id":"https:\/\/nerdiy.de\/nerdiy-de-in-den-medien\/#breadcrumb"},"inLanguage":"es-ES","potentialAction":[{"@type":"ReadAction","target":["https:\/\/nerdiy.de\/nerdiy-de-in-den-medien\/"]}]},{"@type":"BreadcrumbList","@id":"https:\/\/nerdiy.de\/nerdiy-de-in-den-medien\/#breadcrumb","itemListElement":[{"@type":"ListItem","position":1,"name":"Startseite","item":"https:\/\/nerdiy.de\/de_de\/"},{"@type":"ListItem","position":2,"name":"Nerdiy.de in den Medien"}]},{"@type":"WebSite","@id":"https:\/\/nerdiy.de\/de_de\/#website","url":"https:\/\/nerdiy.de\/de_de\/","name":"nerdiy.de - Bricolaje, electr\u00f3nica, impresi\u00f3n 3D y m\u00e1s...","description":"En nerdiy.de, todo gira en torno a la electr\u00f3nica, el bricolaje, la impresi\u00f3n 3D, el hogar inteligente y muchos otros temas t\u00e9cnicos.","publisher":{"@id":"https:\/\/nerdiy.de\/de_de\/#organization"},"potentialAction":[{"@type":"SearchAction","target":{"@type":"EntryPoint","urlTemplate":"https:\/\/nerdiy.de\/de_de\/?s={search_term_string}"},"query-input":{"@type":"PropertyValueSpecification","valueRequired":true,"valueName":"search_term_string"}}],"inLanguage":"es-ES"},{"@type":"Organization","@id":"https:\/\/nerdiy.de\/de_de\/#organization","name":"nerdiy.de","url":"https:\/\/nerdiy.de\/de_de\/","logo":{"@type":"ImageObject","inLanguage":"es-ES","@id":"https:\/\/nerdiy.de\/de_de\/#\/schema\/logo\/image\/","url":"https:\/\/i0.wp.com\/nerdiy.de\/wp-content\/uploads\/2020\/04\/www.nerdiy.de-v1.0final180x180-1.png?fit=180%2C180&ssl=1","contentUrl":"https:\/\/i0.wp.com\/nerdiy.de\/wp-content\/uploads\/2020\/04\/www.nerdiy.de-v1.0final180x180-1.png?fit=180%2C180&ssl=1","width":180,"height":180,"caption":"Nerdiy.de"},"image":{"@id":"https:\/\/nerdiy.de\/de_de\/#\/schema\/logo\/image\/"},"sameAs":["https:\/\/www.facebook.com\/nerdiy.de","https:\/\/x.com\/nerdiyde","https:\/\/www.instagram.com\/nerdiy.de\/","https:\/\/www.pinterest.de\/nerdiyde\/","https:\/\/www.youtube.com\/nerdiy"]}]}},"jetpack_sharing_enabled":true,"jetpack_shortlink":"https:\/\/wp.me\/P9GM3g-44O","jetpack_likes_enabled":true,"jetpack-related-posts":[{"id":8479,"url":"https:\/\/nerdiy.de\/es\/404-2\/","url_meta":{"origin":15674,"position":0},"title":"404","author":"Fab","date":"17. March 2022","format":false,"excerpt":"Unter der folgenden Adresse wurde leider nichts gefunden. :'( Probiere doch mal die Suchfunktion oder wirf einen Blick in die folgenden Kategorien und Tags. Oder scrolle auf Instagram , YouTube, Pinterest oder Facebook durch die Entwicklung der aktuellen Projekte. Tags Kategorien Instagram Galerie","rel":"","context":"Similar post","block_context":{"text":"Similar post","link":""},"img":{"alt_text":"","src":"https:\/\/i0.wp.com\/nerdiy.de\/wp-content\/uploads\/2022\/02\/www.nerdiy.de-howto-pxlblck-pxldigit-mit-dem-pxldigit-pcb-aufbauen-dsc06361-scaled.jpg?resize=350%2C200&ssl=1","width":350,"height":200,"srcset":"https:\/\/i0.wp.com\/nerdiy.de\/wp-content\/uploads\/2022\/02\/www.nerdiy.de-howto-pxlblck-pxldigit-mit-dem-pxldigit-pcb-aufbauen-dsc06361-scaled.jpg?resize=350%2C200&ssl=1 1x, https:\/\/i0.wp.com\/nerdiy.de\/wp-content\/uploads\/2022\/02\/www.nerdiy.de-howto-pxlblck-pxldigit-mit-dem-pxldigit-pcb-aufbauen-dsc06361-scaled.jpg?resize=525%2C300&ssl=1 1.5x, https:\/\/i0.wp.com\/nerdiy.de\/wp-content\/uploads\/2022\/02\/www.nerdiy.de-howto-pxlblck-pxldigit-mit-dem-pxldigit-pcb-aufbauen-dsc06361-scaled.jpg?resize=700%2C400&ssl=1 2x, https:\/\/i0.wp.com\/nerdiy.de\/wp-content\/uploads\/2022\/02\/www.nerdiy.de-howto-pxlblck-pxldigit-mit-dem-pxldigit-pcb-aufbauen-dsc06361-scaled.jpg?resize=1050%2C600&ssl=1 3x, https:\/\/i0.wp.com\/nerdiy.de\/wp-content\/uploads\/2022\/02\/www.nerdiy.de-howto-pxlblck-pxldigit-mit-dem-pxldigit-pcb-aufbauen-dsc06361-scaled.jpg?resize=1400%2C800&ssl=1 4x"},"classes":[]},{"id":418,"url":"https:\/\/nerdiy.de\/es\/agb\/","url_meta":{"origin":15674,"position":1},"title":"GTC","author":"Fab","date":"28. February 2018","format":false,"excerpt":"Allgemeine Gesch\u00e4ftsbedingungen \u00a7 1 Geltung, Begriffsdefinitionen (1) Nerdiy.de by Fabian Steppat, Nerdiy.de by Fabian Steppat, Parkstra\u00dfe 70, 44866 Bochum, Deutschland (im Folgenden: \u201ewir\u201c oder \u201eNerdiy.de\u201c) betreibt unter der Webseite https:\/\/nerdiy.de einen Online-Shop f\u00fcr Waren und Digitale G\u00fcter. Die nachfolgenden allgemeinen Gesch\u00e4ftsbedingungen gelten f\u00fcr alle Leistungen zwischen uns und unseren Kunden\u2026","rel":"","context":"Similar post","block_context":{"text":"Similar post","link":""},"img":{"alt_text":"","src":"","width":0,"height":0},"classes":[]},{"id":64,"url":"https:\/\/nerdiy.de\/es\/","url_meta":{"origin":15674,"position":2},"title":"p\u00e1gina de inicio","author":"Fab","date":"8. February 2018","format":false,"excerpt":"","rel":"","context":"Similar post","block_context":{"text":"Similar post","link":""},"img":{"alt_text":"","src":"","width":0,"height":0},"classes":[]},{"id":19,"url":"https:\/\/nerdiy.de\/es\/blog\/","url_meta":{"origin":15674,"position":3},"title":"Blog","author":"Fab","date":"8. February 2018","format":false,"excerpt":"","rel":"","context":"Similar post","block_context":{"text":"Similar post","link":""},"img":{"alt_text":"","src":"","width":0,"height":0},"classes":[]},{"id":68,"url":"https:\/\/nerdiy.de\/es\/tienda\/","url_meta":{"origin":15674,"position":4},"title":"Comercio","author":"Fab","date":"8. February 2018","format":false,"excerpt":"","rel":"","context":"Similar post","block_context":{"text":"Similar post","link":""},"img":{"alt_text":"","src":"","width":0,"height":0},"classes":[]},{"id":69,"url":"https:\/\/nerdiy.de\/es\/carro-de-la-compra\/","url_meta":{"origin":15674,"position":5},"title":"Cesta de la compra","author":"Fab","date":"8. February 2018","format":false,"excerpt":"","rel":"","context":"Similar post","block_context":{"text":"Similar post","link":""},"img":{"alt_text":"","src":"","width":0,"height":0},"classes":[]}],"_links":{"self":[{"href":"https:\/\/nerdiy.de\/es\/wp-json\/wp\/v2\/pages\/15674","targetHints":{"allow":["GET"]}}],"collection":[{"href":"https:\/\/nerdiy.de\/es\/wp-json\/wp\/v2\/pages"}],"about":[{"href":"https:\/\/nerdiy.de\/es\/wp-json\/wp\/v2\/types\/page"}],"author":[{"embeddable":true,"href":"https:\/\/nerdiy.de\/es\/wp-json\/wp\/v2\/users\/1"}],"replies":[{"embeddable":true,"href":"https:\/\/nerdiy.de\/es\/wp-json\/wp\/v2\/comments?post=15674"}],"version-history":[{"count":2,"href":"https:\/\/nerdiy.de\/es\/wp-json\/wp\/v2\/pages\/15674\/revisions"}],"predecessor-version":[{"id":20972,"href":"https:\/\/nerdiy.de\/es\/wp-json\/wp\/v2\/pages\/15674\/revisions\/20972"}],"wp:attachment":[{"href":"https:\/\/nerdiy.de\/es\/wp-json\/wp\/v2\/media?parent=15674"}],"curies":[{"name":"wp","href":"https:\/\/api.w.org\/{rel}","templated":true}]}}