{"id":20252,"date":"2023-10-09T21:42:59","date_gmt":"2023-10-09T19:42:59","guid":{"rendered":"https:\/\/nerdiy.de\/widerrufsbelehrung\/"},"modified":"2023-10-29T21:18:33","modified_gmt":"2023-10-29T20:18:33","slug":"derecho-a-retirada","status":"publish","type":"page","link":"https:\/\/nerdiy.de\/es\/derecho-a-retirada\/","title":{"rendered":"Pol\u00edtica de anulaci\u00f3n"},"content":{"rendered":"<h1 class=\"wp-block-heading\">Pol\u00edtica de cancelaci\u00f3n de productos digitales<\/h1>\n\n\n\n<h3 class=\"wp-block-heading\">Derecho a retirada<\/h3>\n\n\n\n<p>(El consumidor es cualquier persona f\u00edsica que celebra un negocio jur\u00eddico con fines que no pueden atribuirse predominantemente ni a su actividad comercial ni a su actividad profesional independiente.)<\/p>\n\n\n\n<h1 class=\"wp-block-heading\">Pol\u00edtica de anulaci\u00f3n<\/h1>\n\n\n\n<h3 class=\"wp-block-heading\">derecho a retirada<\/h3>\n\n\n\n<p>Tiene derecho a cancelar este contrato dentro de los catorce d\u00edas sin dar ning\u00fan motivo.<\/p>\n\n\n\n<p>El plazo de cancelaci\u00f3n es de catorce d\u00edas a partir de la celebraci\u00f3n del contrato.<\/p>\n\n\n\n<p>Para ejercer su derecho de desistimiento, debe ponerse en contacto con nosotros (Nerdiy.de by Fabian Steppat, Parkstra\u00dfe 70, 44866 Bochum, Alemania, n\u00famero de tel\u00e9fono: 023273758522, direcci\u00f3n de correo electr\u00f3nico: info@nerdiy.de) mediante una declaraci\u00f3n clara ( por ejemplo, por carta postal, correo electr\u00f3nico) sobre su decisi\u00f3n de rescindir este contrato. Puede utilizar el modelo de formulario de cancelaci\u00f3n adjunto, aunque no es obligatorio.<\/p>\n\n\n\n<p>Para cumplir con el plazo de cancelaci\u00f3n, basta con que env\u00ede la notificaci\u00f3n de su ejercicio del derecho de cancelaci\u00f3n antes de que expire el plazo de cancelaci\u00f3n.<\/p>\n\n\n\n<h3 class=\"wp-block-heading\">Consecuencias de la revocaci\u00f3n<\/h3>\n\n\n\n<p>Si cancela este contrato, le reembolsaremos todos los pagos recibidos de usted, incluidos los costos de env\u00edo (excepto cualquier costo adicional que surja de su elecci\u00f3n de un m\u00e9todo de entrega diferente al env\u00edo est\u00e1ndar m\u00e1s barato que ofrecemos) que se reembolsar\u00e1 de inmediato y a m\u00e1s tardar dentro de los catorce d\u00edas siguientes al d\u00eda en que recibimos la notificaci\u00f3n de su cancelaci\u00f3n de este contrato. Para este reembolso utilizamos el mismo m\u00e9todo de pago que usted utiliz\u00f3 para la transacci\u00f3n original, a menos que se haya acordado expresamente algo diferente con usted; bajo ninguna circunstancia se le cobrar\u00e1 ninguna tarifa como resultado de este reembolso.<\/p>\n\n\n\n<h2 class=\"wp-block-heading\">Formulario de cancelaci\u00f3n de muestra<\/h2>\n\n\n\n<p>(Si desea cancelar el contrato, complete este formulario y env\u00edelo de regreso).<\/p>\n\n\n\n<p>- En<\/p>\n\n\n\n<p>Nerdiy.de de Fabian Steppat, Parkstra\u00dfe 70, 44866 Bochum, Alemania, n\u00famero de tel\u00e9fono: 023273758522, direcci\u00f3n de correo electr\u00f3nico: info@nerdiy.de<\/p>\n\n\n\n<p>\u2013 Yo\/nosotros (*) revocamos por la presente el contrato celebrado por m\u00ed\/nosotros (*) para la compra de los siguientes bienes (*)\/la prestaci\u00f3n del siguiente servicio (*)<\/p>\n\n\n\n<p>\u2013 Pedido el (*)\/recibido el (*)<\/p>\n\n\n\n<p>\u2013 Nombre del consumidor(es)<\/p>\n\n\n\n<p>\u2013 Direcci\u00f3n del consumidor(es)<\/p>\n\n\n\n<p>\u2013 Firma del consumidor (s\u00f3lo para notificaci\u00f3n en papel)<\/p>\n\n\n\n<p>- Fecha<\/p>\n\n\n\n<p>___________<br>(*) Eliminar lo que no corresponda.<\/p>\n\n\n\n<hr class=\"wp-block-separator has-alpha-channel-opacity\"\/>","protected":false},"excerpt":{"rendered":"<p>Pol\u00edtica de cancelaci\u00f3n de productos digitales Derecho de cancelaci\u00f3n para los consumidores (un consumidor es toda persona f\u00edsica que celebra un negocio jur\u00eddico con fines que no son predominantemente comerciales ni su actividad profesional independiente [...])<\/p>","protected":false},"author":1,"featured_media":0,"parent":0,"menu_order":0,"comment_status":"closed","ping_status":"closed","template":"","meta":{"_bbp_topic_count":0,"_bbp_reply_count":0,"_bbp_total_topic_count":0,"_bbp_total_reply_count":0,"_bbp_voice_count":0,"_bbp_anonymous_reply_count":0,"_bbp_topic_count_hidden":0,"_bbp_reply_count_hidden":0,"_bbp_forum_subforum_count":0,"jetpack_post_was_ever_published":false,"footnotes":""},"class_list":["post-20252","page","type-page","status-publish","hentry"],"yoast_head":"<!-- This site is optimized with the Yoast SEO plugin v27.3 - https:\/\/yoast.com\/product\/yoast-seo-wordpress\/ -->\n<title>Widerrufsbelehrung - nerdiy.de - DIY, Elektronik, 3D Druck und mehr...<\/title>\n<meta name=\"description\" content=\"Read a huge collection of detailed Tutorials on Nerdiy.de about all kind of Software, Hardware and general maker topics.\" \/>\n<meta name=\"robots\" content=\"index, follow, max-snippet:-1, max-image-preview:large, max-video-preview:-1\" \/>\n<link rel=\"canonical\" href=\"https:\/\/nerdiy.de\/es\/derecho-a-retirada\/\" \/>\n<meta property=\"og:locale\" content=\"es_ES\" \/>\n<meta property=\"og:type\" content=\"article\" \/>\n<meta property=\"og:title\" content=\"Widerrufsbelehrung - nerdiy.de - DIY, Elektronik, 3D Druck und mehr...\" \/>\n<meta property=\"og:description\" content=\"Read a huge collection of detailed Tutorials on Nerdiy.de about all kind of Software, Hardware and general maker topics.\" \/>\n<meta property=\"og:url\" content=\"https:\/\/nerdiy.de\/es\/derecho-a-retirada\/\" \/>\n<meta property=\"og:site_name\" content=\"nerdiy.de - DIY, Elektronik, 3D Druck und mehr...\" \/>\n<meta property=\"article:publisher\" content=\"https:\/\/www.facebook.com\/nerdiy.de\" \/>\n<meta property=\"article:modified_time\" content=\"2023-10-29T20:18:33+00:00\" \/>\n<meta property=\"og:image\" content=\"https:\/\/i0.wp.com\/nerdiy.de\/wp-content\/uploads\/2020\/12\/www.nerdiy.de-news-pcb-entwicklung-hubctrlr-minifloorlamp-und-nanopxlv1-3-20201204-115525-scaled.jpg?fit=1920%2C2560&ssl=1\" \/>\n\t<meta property=\"og:image:width\" content=\"1920\" \/>\n\t<meta property=\"og:image:height\" content=\"2560\" \/>\n\t<meta property=\"og:image:type\" content=\"image\/jpeg\" \/>\n<meta name=\"twitter:card\" content=\"summary_large_image\" \/>\n<meta name=\"twitter:site\" content=\"@nerdiyde\" \/>\n<meta name=\"twitter:label1\" content=\"Est. reading time\" \/>\n\t<meta name=\"twitter:data1\" content=\"2 minutes\" \/>\n<script type=\"application\/ld+json\" class=\"yoast-schema-graph\">{\"@context\":\"https:\\\/\\\/schema.org\",\"@graph\":[{\"@type\":\"WebPage\",\"@id\":\"https:\\\/\\\/nerdiy.de\\\/widerrufsbelehrung\\\/\",\"url\":\"https:\\\/\\\/nerdiy.de\\\/widerrufsbelehrung\\\/\",\"name\":\"Widerrufsbelehrung - nerdiy.de - DIY, Elektronik, 3D Druck und mehr...\",\"isPartOf\":{\"@id\":\"https:\\\/\\\/nerdiy.de\\\/de_de\\\/#website\"},\"datePublished\":\"2023-10-09T19:42:59+00:00\",\"dateModified\":\"2023-10-29T20:18:33+00:00\",\"description\":\"Read a huge collection of detailed Tutorials on Nerdiy.de about all kind of Software, Hardware and general maker topics.\",\"breadcrumb\":{\"@id\":\"https:\\\/\\\/nerdiy.de\\\/widerrufsbelehrung\\\/#breadcrumb\"},\"inLanguage\":\"es-ES\",\"potentialAction\":[{\"@type\":\"ReadAction\",\"target\":[\"https:\\\/\\\/nerdiy.de\\\/widerrufsbelehrung\\\/\"]}]},{\"@type\":\"BreadcrumbList\",\"@id\":\"https:\\\/\\\/nerdiy.de\\\/widerrufsbelehrung\\\/#breadcrumb\",\"itemListElement\":[{\"@type\":\"ListItem\",\"position\":1,\"name\":\"Startseite\",\"item\":\"https:\\\/\\\/nerdiy.de\\\/de_de\\\/\"},{\"@type\":\"ListItem\",\"position\":2,\"name\":\"Widerrufsbelehrung\"}]},{\"@type\":\"WebSite\",\"@id\":\"https:\\\/\\\/nerdiy.de\\\/de_de\\\/#website\",\"url\":\"https:\\\/\\\/nerdiy.de\\\/de_de\\\/\",\"name\":\"nerdiy.de - DIY, Elektronik, 3D Druck und mehr...\",\"description\":\"Bei nerdiy.de dreht sich alles um Elektronik, Heimwerken, 3D-Druck, Smart Home und viele andere technische Themen.\",\"publisher\":{\"@id\":\"https:\\\/\\\/nerdiy.de\\\/de_de\\\/#organization\"},\"potentialAction\":[{\"@type\":\"SearchAction\",\"target\":{\"@type\":\"EntryPoint\",\"urlTemplate\":\"https:\\\/\\\/nerdiy.de\\\/de_de\\\/?s={search_term_string}\"},\"query-input\":{\"@type\":\"PropertyValueSpecification\",\"valueRequired\":true,\"valueName\":\"search_term_string\"}}],\"inLanguage\":\"es-ES\"},{\"@type\":\"Organization\",\"@id\":\"https:\\\/\\\/nerdiy.de\\\/de_de\\\/#organization\",\"name\":\"Nerdiy.de\",\"url\":\"https:\\\/\\\/nerdiy.de\\\/de_de\\\/\",\"logo\":{\"@type\":\"ImageObject\",\"inLanguage\":\"es-ES\",\"@id\":\"https:\\\/\\\/nerdiy.de\\\/de_de\\\/#\\\/schema\\\/logo\\\/image\\\/\",\"url\":\"https:\\\/\\\/i0.wp.com\\\/nerdiy.de\\\/wp-content\\\/uploads\\\/2020\\\/04\\\/www.nerdiy.de-v1.0final180x180-1.png?fit=180%2C180&ssl=1\",\"contentUrl\":\"https:\\\/\\\/i0.wp.com\\\/nerdiy.de\\\/wp-content\\\/uploads\\\/2020\\\/04\\\/www.nerdiy.de-v1.0final180x180-1.png?fit=180%2C180&ssl=1\",\"width\":180,\"height\":180,\"caption\":\"Nerdiy.de\"},\"image\":{\"@id\":\"https:\\\/\\\/nerdiy.de\\\/de_de\\\/#\\\/schema\\\/logo\\\/image\\\/\"},\"sameAs\":[\"https:\\\/\\\/www.facebook.com\\\/nerdiy.de\",\"https:\\\/\\\/x.com\\\/nerdiyde\",\"https:\\\/\\\/www.instagram.com\\\/nerdiy.de\\\/\",\"https:\\\/\\\/www.pinterest.de\\\/nerdiyde\\\/\",\"https:\\\/\\\/www.youtube.com\\\/nerdiy\"]}]}<\/script>\n<!-- \/ Yoast SEO plugin. -->","yoast_head_json":{"title":"Pol\u00edtica de cancelaci\u00f3n - nerdiy.de - Bricolaje, Electr\u00f3nica, Impresi\u00f3n 3D y m\u00e1s...","description":"Lea una gran colecci\u00f3n de tutoriales detallados en Nerdiy.de sobre todo tipo de software, hardware y temas generales de fabricantes.","robots":{"index":"index","follow":"follow","max-snippet":"max-snippet:-1","max-image-preview":"max-image-preview:large","max-video-preview":"max-video-preview:-1"},"canonical":"https:\/\/nerdiy.de\/es\/derecho-a-retirada\/","og_locale":"es_ES","og_type":"article","og_title":"Widerrufsbelehrung - nerdiy.de - DIY, Elektronik, 3D Druck und mehr...","og_description":"Read a huge collection of detailed Tutorials on Nerdiy.de about all kind of Software, Hardware and general maker topics.","og_url":"https:\/\/nerdiy.de\/es\/derecho-a-retirada\/","og_site_name":"nerdiy.de - DIY, Elektronik, 3D Druck und mehr...","article_publisher":"https:\/\/www.facebook.com\/nerdiy.de","article_modified_time":"2023-10-29T20:18:33+00:00","og_image":[{"width":1920,"height":2560,"url":"https:\/\/i0.wp.com\/nerdiy.de\/wp-content\/uploads\/2020\/12\/www.nerdiy.de-news-pcb-entwicklung-hubctrlr-minifloorlamp-und-nanopxlv1-3-20201204-115525-scaled.jpg?fit=1920%2C2560&ssl=1","type":"image\/jpeg"}],"twitter_card":"summary_large_image","twitter_site":"@nerdiyde","twitter_misc":{"Est. reading time":"2 minutes"},"schema":{"@context":"https:\/\/schema.org","@graph":[{"@type":"WebPage","@id":"https:\/\/nerdiy.de\/widerrufsbelehrung\/","url":"https:\/\/nerdiy.de\/widerrufsbelehrung\/","name":"Pol\u00edtica de cancelaci\u00f3n - nerdiy.de - Bricolaje, Electr\u00f3nica, Impresi\u00f3n 3D y m\u00e1s...","isPartOf":{"@id":"https:\/\/nerdiy.de\/de_de\/#website"},"datePublished":"2023-10-09T19:42:59+00:00","dateModified":"2023-10-29T20:18:33+00:00","description":"Lea una gran colecci\u00f3n de tutoriales detallados en Nerdiy.de sobre todo tipo de software, hardware y temas generales de fabricantes.","breadcrumb":{"@id":"https:\/\/nerdiy.de\/widerrufsbelehrung\/#breadcrumb"},"inLanguage":"es-ES","potentialAction":[{"@type":"ReadAction","target":["https:\/\/nerdiy.de\/widerrufsbelehrung\/"]}]},{"@type":"BreadcrumbList","@id":"https:\/\/nerdiy.de\/widerrufsbelehrung\/#breadcrumb","itemListElement":[{"@type":"ListItem","position":1,"name":"Startseite","item":"https:\/\/nerdiy.de\/de_de\/"},{"@type":"ListItem","position":2,"name":"Widerrufsbelehrung"}]},{"@type":"WebSite","@id":"https:\/\/nerdiy.de\/de_de\/#website","url":"https:\/\/nerdiy.de\/de_de\/","name":"nerdiy.de - Bricolaje, electr\u00f3nica, impresi\u00f3n 3D y m\u00e1s...","description":"En nerdiy.de, todo gira en torno a la electr\u00f3nica, el bricolaje, la impresi\u00f3n 3D, el hogar inteligente y muchos otros temas t\u00e9cnicos.","publisher":{"@id":"https:\/\/nerdiy.de\/de_de\/#organization"},"potentialAction":[{"@type":"SearchAction","target":{"@type":"EntryPoint","urlTemplate":"https:\/\/nerdiy.de\/de_de\/?s={search_term_string}"},"query-input":{"@type":"PropertyValueSpecification","valueRequired":true,"valueName":"search_term_string"}}],"inLanguage":"es-ES"},{"@type":"Organization","@id":"https:\/\/nerdiy.de\/de_de\/#organization","name":"nerdiy.de","url":"https:\/\/nerdiy.de\/de_de\/","logo":{"@type":"ImageObject","inLanguage":"es-ES","@id":"https:\/\/nerdiy.de\/de_de\/#\/schema\/logo\/image\/","url":"https:\/\/i0.wp.com\/nerdiy.de\/wp-content\/uploads\/2020\/04\/www.nerdiy.de-v1.0final180x180-1.png?fit=180%2C180&ssl=1","contentUrl":"https:\/\/i0.wp.com\/nerdiy.de\/wp-content\/uploads\/2020\/04\/www.nerdiy.de-v1.0final180x180-1.png?fit=180%2C180&ssl=1","width":180,"height":180,"caption":"Nerdiy.de"},"image":{"@id":"https:\/\/nerdiy.de\/de_de\/#\/schema\/logo\/image\/"},"sameAs":["https:\/\/www.facebook.com\/nerdiy.de","https:\/\/x.com\/nerdiyde","https:\/\/www.instagram.com\/nerdiy.de\/","https:\/\/www.pinterest.de\/nerdiyde\/","https:\/\/www.youtube.com\/nerdiy"]}]}},"jetpack_sharing_enabled":true,"jetpack_shortlink":"https:\/\/wp.me\/P9GM3g-5gE","jetpack_likes_enabled":true,"jetpack-related-posts":[{"id":418,"url":"https:\/\/nerdiy.de\/es\/agb\/","url_meta":{"origin":20252,"position":0},"title":"GTC","author":"Fab","date":"28. February 2018","format":false,"excerpt":"Allgemeine Gesch\u00e4ftsbedingungen \u00a7 1 Geltung, Begriffsdefinitionen (1) Nerdiy.de by Fabian Steppat, Nerdiy.de by Fabian Steppat, Parkstra\u00dfe 70, 44866 Bochum, Deutschland (im Folgenden: \u201ewir\u201c oder \u201eNerdiy.de\u201c) betreibt unter der Webseite https:\/\/nerdiy.de einen Online-Shop f\u00fcr Waren und Digitale G\u00fcter. Die nachfolgenden allgemeinen Gesch\u00e4ftsbedingungen gelten f\u00fcr alle Leistungen zwischen uns und unseren Kunden\u2026","rel":"","context":"Similar post","block_context":{"text":"Similar post","link":""},"img":{"alt_text":"","src":"","width":0,"height":0},"classes":[]},{"id":420,"url":"https:\/\/nerdiy.de\/es\/proteccion-de-datos\/","url_meta":{"origin":20252,"position":1},"title":"Protecci\u00f3n de datos","author":"Fab","date":"28. February 2018","format":false,"excerpt":"Datenschutzerkl\u00e4rung Diese Datenschutzerkl\u00e4rung kl\u00e4rt Sie \u00fcber die Art, den Umfang und Zweck der Verarbeitung von personenbezogenen Daten (nachfolgend kurz \u201eDaten\u201c) innerhalb unseres Onlineangebotes und der mit ihm verbundenen Webseiten, Funktionen und Inhalte sowie externen Onlinepr\u00e4senzen, wie z.B. unser Social Media Profile auf (nachfolgend gemeinsam bezeichnet als \u201eOnlineangebot\u201c). Im Hinblick auf\u2026","rel":"","context":"Similar post","block_context":{"text":"Similar post","link":""},"img":{"alt_text":"","src":"","width":0,"height":0},"classes":[]},{"id":157,"url":"https:\/\/nerdiy.de\/es\/imprimir\/","url_meta":{"origin":20252,"position":2},"title":"Pie de imprenta","author":"Fab","date":"10. February 2018","format":false,"excerpt":"Impressum Angaben gem\u00e4\u00df \u00a7 5 TMG Nerdiy by Fabian Steppat Fabian Steppat Parkstra\u00dfe 70 44866 Bochum Vertreten durch: Fabian Steppat Kontakt: Telefon: 02327 - 3758522 E-Mail: info@nerdiy.de Kontaktformular: https:\/\/www.nerdiy.de\/kontakt\/ Verantwortlich f\u00fcr den Inhalt nach \u00a7 55 Abs. 2 RStV: Fabian Steppat (Anschrift wie oben) Streitschlichtung: Die Europ\u00e4ische Kommission stellt eine\u2026","rel":"","context":"Similar post","block_context":{"text":"Similar post","link":""},"img":{"alt_text":"","src":"","width":0,"height":0},"classes":[]},{"id":20243,"url":"https:\/\/nerdiy.de\/es\/condiciones-de-uso\/","url_meta":{"origin":20252,"position":3},"title":"Condiciones de uso","author":"Fab","date":"29. October 2023","format":false,"excerpt":"Nutzungsbedingungen f\u00fcr den Kauf und die Nutzung unserer digitalen Produkte f\u00fcr 3D-Druck 1. Allgemeines: Mit dem Kauf unserer digitalen Produkte stimmen Sie diesen Nutzungsbedingungen zu. Bitte lesen Sie sie sorgf\u00e4ltig durch. 2. Bezahlung: Die Bezahlung f\u00fcr unsere Produkte erfolgt gem\u00e4\u00df den auf unserer Website angegebenen Preisen und Zahlungsrichtlinien. 3. Lizenzgew\u00e4hrung:\u2026","rel":"","context":"Similar post","block_context":{"text":"Similar post","link":""},"img":{"alt_text":"","src":"","width":0,"height":0},"classes":[]},{"id":890,"url":"https:\/\/nerdiy.de\/es\/instrucciones-de-seguridad\/","url_meta":{"origin":20252,"position":4},"title":"Instrucciones de seguridad y descargo de responsabilidad","author":"Fab","date":"11. June 2018","format":false,"excerpt":"Ich wei\u00df die folgenden Hinweise sind immer irgendwie l\u00e4stig und wirken unn\u00f6tig. Aber leider haben schon viele Menschen die es \"besser\" wussten aus Leichtsinnigkeit Augen, Finger oder anderes verloren bzw. sich verletzt. Deswegen nehmt Euch bitte f\u00fcnf Minuten Zeit um die Sicherheitshinweise zu lesen. Denn auch das coolste Projekt ist\u2026","rel":"","context":"Similar post","block_context":{"text":"Similar post","link":""},"img":{"alt_text":"","src":"","width":0,"height":0},"classes":[]},{"id":5177,"url":"https:\/\/nerdiy.de\/es\/licencia\/","url_meta":{"origin":20252,"position":5},"title":"Licencias","author":"Fab","date":"14. March 2019","format":false,"excerpt":"Produkte\/Dateien aus dem Nerdiy.de-Shop F\u00fcr die im Shop von Nerdiy.de erh\u00e4ltlichen Dateien bzw. Produkte gelten die unter nerdiy.de\/nutzungsbedingungen\/ ver\u00f6ffentlichten Nutzungsbedingungen. Nicht auf Software\/Code basierende Werke Sofern nicht anders angegeben unterliegen alle auf Nerdiy.de pr\u00e4sentierten, nicht auf Software\/Code basierenden Werke der Lizenz CC BY-NC-SA 4.0 (Namensnennung - Nicht-kommerziell - Weitergabe unter\u2026","rel":"","context":"Similar post","block_context":{"text":"Similar post","link":""},"img":{"alt_text":"","src":"","width":0,"height":0},"classes":[]}],"_links":{"self":[{"href":"https:\/\/nerdiy.de\/es\/wp-json\/wp\/v2\/pages\/20252","targetHints":{"allow":["GET"]}}],"collection":[{"href":"https:\/\/nerdiy.de\/es\/wp-json\/wp\/v2\/pages"}],"about":[{"href":"https:\/\/nerdiy.de\/es\/wp-json\/wp\/v2\/types\/page"}],"author":[{"embeddable":true,"href":"https:\/\/nerdiy.de\/es\/wp-json\/wp\/v2\/users\/1"}],"replies":[{"embeddable":true,"href":"https:\/\/nerdiy.de\/es\/wp-json\/wp\/v2\/comments?post=20252"}],"version-history":[{"count":0,"href":"https:\/\/nerdiy.de\/es\/wp-json\/wp\/v2\/pages\/20252\/revisions"}],"wp:attachment":[{"href":"https:\/\/nerdiy.de\/es\/wp-json\/wp\/v2\/media?parent=20252"}],"curies":[{"name":"wp","href":"https:\/\/api.w.org\/{rel}","templated":true}]}}