{"id":157,"date":"2018-02-10T19:59:41","date_gmt":"2018-02-10T18:59:41","guid":{"rendered":"http:\/\/www.fabinv.de\/?page_id=157"},"modified":"2023-10-09T21:42:59","modified_gmt":"2023-10-09T19:42:59","slug":"imprimer","status":"publish","type":"page","link":"https:\/\/nerdiy.de\/fr\/imprimer\/","title":{"rendered":"Mentions l\u00e9gales"},"content":{"rendered":"<div class=\"impressum\">\n<h1>Mentions l\u00e9gales<\/h1>\n<p>Selon \u00a7 5 TMG<\/p>\n<p>ringard par <span style=\"font-size: 1rem;\">Fabien Steppat<\/span><\/p>\n<p>Fabien Steppat<br \/>\nParkstrasse 70<br \/>\n44866Bochum<\/p>\n<p><strong>Repr\u00e9sent\u00e9 par: <\/strong><br \/>\nFabien Steppat<\/p>\n<p><strong>Contact:<\/strong><br \/>\nT\u00e9l\u00e9phone : 02327 - 3758522<br \/>\nE-mail: <em><strong><a href=\"mailto:info@nerdiy.de\">info@nerdiy.de<\/a><\/strong><\/em><br \/>\nFormulaire de contact\u00a0: <a href=\"https:\/\/nerdiy.de\/fr\/contact\/\"><em><strong>https:\/\/www.nerdiy.de\/kontakt\/<\/strong><\/em><\/a><\/p>\n<p><strong>Responsable du contenu selon \u00a7 55 alin\u00e9a 2 RStV\u00a0:<\/strong><br \/>\nFabien Steppat<br \/>\n(adresse comme ci-dessus)<\/p>\n<p><strong>R\u00e9solution des litiges\u00a0:<\/strong><br \/>\nLa Commission europ\u00e9enne fournit une plate-forme pour le r\u00e8glement extrajudiciaire des litiges en ligne (plate-forme OS), qui est <em><strong><a href=\"http:\/\/www.ec.europa.eu\/consumers\/odr\">www.ec.europa.eu\/consumers\/odr<\/a><\/strong><\/em> est accessible. Nous sommes oblig\u00e9s de participer au processus de r\u00e8glement des diff\u00e9rends. Notre adresse e-mail se trouve dans nos mentions l\u00e9gales. Une liste avec les coordonn\u00e9es des organismes de r\u00e8glement des litiges reconnus est disponible sur <em><strong><a href=\"https:\/\/ec.europa.eu\/consumers\/odr\/main\/index.cfm?event=main.adr.show\">https:\/\/ec.europa.eu\/consumers\/odr\/main\/index.cfm?event=main.adr.show<\/a>.<\/strong><\/em><\/p>\n<\/div>\n<div class=\"impressum\">\n<p><strong>Clause de non-responsabilit\u00e9: <\/strong><\/p>\n<p><strong>Responsabilit\u00e9 du contenu<\/strong><\/p>\n<p>Le contenu de nos pages a \u00e9t\u00e9 cr\u00e9\u00e9 avec le plus grand soin. Cependant, nous ne pouvons pas garantir que le contenu est correct, complet ou \u00e0 jour. En tant que prestataire de services, nous sommes responsables de nos propres contenus sur ces pages conform\u00e9ment \u00e0 l&#039;article 7, paragraphe 1 de la loi allemande sur les t\u00e9l\u00e9m\u00e9dias (TMG). Conform\u00e9ment aux \u00a7\u00a7 8 \u00e0 10 TMG, nous ne sommes toutefois pas tenus, en tant que prestataire de services, de surveiller les informations transmises ou stock\u00e9es par des tiers ou d&#039;enqu\u00eater sur les circonstances qui indiquent une activit\u00e9 ill\u00e9gale. Les obligations de supprimer ou de bloquer l&#039;utilisation des informations conform\u00e9ment aux lois g\u00e9n\u00e9rales restent inchang\u00e9es. Toutefois, la responsabilit\u00e9 \u00e0 cet \u00e9gard n&#039;est possible qu&#039;\u00e0 partir du moment o\u00f9 la connaissance d&#039;une infraction concr\u00e8te \u00e0 la loi est connue. D\u00e8s que nous prendrons connaissance de toute violation de la loi, nous supprimerons imm\u00e9diatement ce contenu.<\/p>\n<p><strong>Responsabilit\u00e9 pour les liens<\/strong><\/p>\n<p>Notre offre contient des liens vers des sites Web externes de tiers, sur lesquels nous n&#039;avons aucune influence. Par cons\u00e9quent, nous ne pouvons assumer aucune responsabilit\u00e9 pour ce contenu externe. Le fournisseur ou l&#039;exploitant respectif des pages est toujours responsable du contenu des pages li\u00e9es. Les pages li\u00e9es ont \u00e9t\u00e9 v\u00e9rifi\u00e9es pour d&#039;\u00e9ventuelles violations de la loi au moment de la liaison. Le contenu ill\u00e9gal n&#039;\u00e9tait pas reconnaissable au moment de la cr\u00e9ation du lien. Cependant, un contr\u00f4le permanent du contenu des pages li\u00e9es n&#039;est pas raisonnable sans preuves concr\u00e8tes d&#039;une infraction. D\u00e8s que nous aurons connaissance de violations l\u00e9gales, nous supprimerons imm\u00e9diatement ces liens.<\/p>\n<p><strong>droits d&#039;auteur<\/strong><\/p>\n<p>Le contenu et les travaux sur ces pages cr\u00e9\u00e9s par les exploitants du site sont soumis \u00e0 la loi allemande sur le droit d&#039;auteur. La duplication, l&#039;\u00e9dition, la distribution et tout type d&#039;exploitation en dehors des limites du droit d&#039;auteur n\u00e9cessitent le consentement \u00e9crit de l&#039;auteur ou du cr\u00e9ateur respectif. Les t\u00e9l\u00e9chargements et copies de ce site ne sont autoris\u00e9s que pour un usage priv\u00e9 et non commercial. Dans la mesure o\u00f9 le contenu de ce site n&#039;a pas \u00e9t\u00e9 cr\u00e9\u00e9 par l&#039;exploitant, les droits d&#039;auteur de tiers sont respect\u00e9s. En particulier, les contenus de tiers sont signal\u00e9s comme tels. Si vous avez n\u00e9anmoins connaissance d&#039;une violation du droit d&#039;auteur, nous vous demandons de nous en informer en cons\u00e9quence. D\u00e8s que nous aurons connaissance de violations l\u00e9gales, nous supprimerons imm\u00e9diatement ce contenu.<\/p>\n<p><strong>Protection des donn\u00e9es<\/strong><\/p>\n<p>Notre site Web peut g\u00e9n\u00e9ralement \u00eatre utilis\u00e9 sans fournir de donn\u00e9es personnelles. Dans la mesure o\u00f9 des donn\u00e9es personnelles (par exemple, nom, adresse ou adresses e-mail) sont collect\u00e9es sur notre site Web, cela se fait toujours sur une base volontaire dans la mesure du possible. Ces donn\u00e9es ne seront pas transmises \u00e0 des tiers sans votre consentement expr\u00e8s.<br \/>\nNous attirons votre attention sur le fait que la transmission de donn\u00e9es sur Internet (par exemple lors de la communication par e-mail) peut pr\u00e9senter des failles de s\u00e9curit\u00e9. Une protection compl\u00e8te des donn\u00e9es contre l&#039;acc\u00e8s par des tiers n&#039;est pas possible.<br \/>\nL&#039;utilisation des donn\u00e9es de contact publi\u00e9es dans le cadre de l&#039;obligation d&#039;impression par des tiers pour envoyer de la publicit\u00e9 et du mat\u00e9riel d&#039;information non sollicit\u00e9s est express\u00e9ment interdite. Les exploitants du site se r\u00e9servent express\u00e9ment le droit d&#039;engager des poursuites en cas d&#039;envoi de publicit\u00e9s non sollicit\u00e9es, telles que des spams.<\/p>\n<p><strong>Google Analytics<\/strong><\/p>\n<p>Ce site Web utilise Google Analytics, un service d&#039;analyse Web fourni par Google Inc. (&quot;Google&quot;). Google Analytics utilise des &quot;cookies&quot;, des fichiers texte qui sont stock\u00e9s sur votre ordinateur et permettent une analyse de votre utilisation du site Web. Les informations g\u00e9n\u00e9r\u00e9es par le cookie concernant votre utilisation de ce site Web (y compris votre adresse IP) sont transmises \u00e0 un serveur de Google aux \u00c9tats-Unis et y sont stock\u00e9es. Google utilisera ces informations pour \u00e9valuer votre utilisation du site Web, pour compiler des rapports sur l&#039;activit\u00e9 du site Web pour les op\u00e9rateurs de site Web et pour fournir d&#039;autres services li\u00e9s \u00e0 l&#039;activit\u00e9 du site Web et \u00e0 l&#039;utilisation d&#039;Internet. Google peut \u00e9galement transf\u00e9rer ces informations \u00e0 des tiers si la loi l&#039;exige ou si des tiers traitent ces donn\u00e9es pour le compte de Google. Google n&#039;associera en aucun cas votre adresse IP \u00e0 d&#039;autres donn\u00e9es de Google. Vous pouvez emp\u00eacher l&#039;installation de cookies en configurant votre logiciel de navigation en cons\u00e9quence ; nous attirons toutefois votre attention sur le fait que dans ce cas, vous ne pouvez pas, le cas \u00e9ch\u00e9ant, utiliser toutes les fonctions de ce site Internet dans leur int\u00e9gralit\u00e9. En utilisant ce site Internet, vous consentez express\u00e9ment au traitement de vos donn\u00e9es nominatives par Google dans les conditions et pour les finalit\u00e9s d\u00e9crites ci-dessus.<\/p>\n<p><strong>Google adsense<\/strong><\/p>\n<p>Ce site Web utilise Google Adsense, un service de publicit\u00e9 Web fourni par Google Inc., \u00c9tats-Unis (&quot;Google&quot;). Google Adsense utilise ce que l&#039;on appelle des &quot;cookies&quot; (fichiers texte), qui sont stock\u00e9s sur votre ordinateur et qui permettent une analyse de votre utilisation du site Web. Google Adsense utilise \u00e9galement des &quot;balises Web&quot; (petits graphiques invisibles) pour collecter des informations. En utilisant la balise Web, des actions simples telles que le trafic des visiteurs sur le site Web peuvent \u00eatre enregistr\u00e9es et collect\u00e9es. Les informations g\u00e9n\u00e9r\u00e9es par le cookie et\/ou la balise Web concernant votre utilisation de ce site Web (y compris votre adresse IP) sont transmises \u00e0 un serveur de Google aux \u00c9tats-Unis et y sont stock\u00e9es. Google utilisera ces informations pour \u00e9valuer votre utilisation du site Web en ce qui concerne les publicit\u00e9s, pour compiler des rapports sur l&#039;activit\u00e9 du site Web et les publicit\u00e9s pour l&#039;op\u00e9rateur du site Web et pour fournir d&#039;autres services li\u00e9s \u00e0 l&#039;activit\u00e9 du site Web et \u00e0 l&#039;utilisation d&#039;Internet. Google peut \u00e9galement transf\u00e9rer ces informations \u00e0 des tiers si la loi l&#039;exige ou si des tiers traitent ces donn\u00e9es pour le compte de Google. Google n&#039;associera en aucun cas votre adresse IP \u00e0 d&#039;autres donn\u00e9es de Google. Vous pouvez emp\u00eacher le stockage de cookies sur votre disque dur et l&#039;affichage de balises Web en s\u00e9lectionnant \u00ab ne pas accepter les cookies \u00bb dans les param\u00e8tres de votre navigateur (dans MS Internet Explorer sous \u00ab Extras &gt; Options Internet &gt; Protection des donn\u00e9es &gt; Param\u00e8tres \u00bb ; dans Firefox sous \u00ab Extras &gt; Param\u00e8tres &gt; Confidentialit\u00e9 &gt; Cookies \u00bb\u00a0); nous attirons toutefois votre attention sur le fait que dans ce cas, vous ne pouvez pas, le cas \u00e9ch\u00e9ant, utiliser toutes les fonctions de ce site Internet dans leur int\u00e9gralit\u00e9. En utilisant ce site Internet, vous consentez express\u00e9ment au traitement de vos donn\u00e9es nominatives par Google dans les conditions et pour les finalit\u00e9s d\u00e9crites ci-dessus.<\/p>\n<\/div>\n<div class=\"woocommerce woocommerce-gzd woocommerce-gzd-complaints-shortcode\">\n\t\t\t<h3>Alternative Dispute Resolution in accordance with Art. 14 (1) ODR-VO and \u00a7 36 VSBG:<\/h3>\n\t\n<\/div>","protected":false},"excerpt":{"rendered":"<p>Impressum Angaben gem\u00e4\u00df \u00a7 5 TMG Nerdiy by Fabian Steppat Fabian Steppat Parkstra\u00dfe 70 44866 Bochum Vertreten durch: Fabian Steppat Kontakt: Telefon: 02327 &#8211; 3758522 E-Mail: info@nerdiy.de Kontaktformular: https:\/\/www.nerdiy.de\/kontakt\/ Verantwortlich [&hellip;]<\/p>","protected":false},"author":1,"featured_media":0,"parent":0,"menu_order":0,"comment_status":"closed","ping_status":"closed","template":"","meta":{"_bbp_topic_count":0,"_bbp_reply_count":0,"_bbp_total_topic_count":0,"_bbp_total_reply_count":0,"_bbp_voice_count":0,"_bbp_anonymous_reply_count":0,"_bbp_topic_count_hidden":0,"_bbp_reply_count_hidden":0,"_bbp_forum_subforum_count":0,"jetpack_post_was_ever_published":false,"footnotes":""},"class_list":["post-157","page","type-page","status-publish","hentry"],"yoast_head":"<!-- This site is optimized with the Yoast SEO plugin v27.3 - https:\/\/yoast.com\/product\/yoast-seo-wordpress\/ -->\n<title>Impressum - nerdiy.de - DIY, Elektronik, 3D Druck und mehr...<\/title>\n<meta name=\"description\" content=\"Read a huge collection of detailed Tutorials on Nerdiy.de about all kind of Software, Hardware and general maker topics.\" \/>\n<meta name=\"robots\" content=\"noindex, nofollow\" \/>\n<meta property=\"og:locale\" content=\"fr_FR\" \/>\n<meta property=\"og:type\" content=\"article\" \/>\n<meta property=\"og:title\" content=\"Impressum - nerdiy.de - DIY, Elektronik, 3D Druck und mehr...\" \/>\n<meta property=\"og:description\" content=\"Read a huge collection of detailed Tutorials on Nerdiy.de about all kind of Software, Hardware and general maker topics.\" \/>\n<meta property=\"og:url\" content=\"https:\/\/nerdiy.de\/fr\/imprimer\/\" \/>\n<meta property=\"og:site_name\" content=\"nerdiy.de - DIY, Elektronik, 3D Druck und mehr...\" \/>\n<meta property=\"article:publisher\" content=\"https:\/\/www.facebook.com\/nerdiy.de\" \/>\n<meta property=\"article:modified_time\" content=\"2023-10-09T19:42:59+00:00\" \/>\n<meta property=\"og:image\" content=\"https:\/\/i0.wp.com\/nerdiy.de\/wp-content\/uploads\/2020\/12\/www.nerdiy.de-news-pcb-entwicklung-hubctrlr-minifloorlamp-und-nanopxlv1-3-20201204-115525-scaled.jpg?fit=1920%2C2560&ssl=1\" \/>\n\t<meta property=\"og:image:width\" content=\"1920\" \/>\n\t<meta property=\"og:image:height\" content=\"2560\" \/>\n\t<meta property=\"og:image:type\" content=\"image\/jpeg\" \/>\n<meta name=\"twitter:card\" content=\"summary_large_image\" \/>\n<meta name=\"twitter:site\" content=\"@nerdiyde\" \/>\n<meta name=\"twitter:label1\" content=\"Est. reading time\" \/>\n\t<meta name=\"twitter:data1\" content=\"6 minutes\" \/>\n<script type=\"application\/ld+json\" class=\"yoast-schema-graph\">{\"@context\":\"https:\\\/\\\/schema.org\",\"@graph\":[{\"@type\":\"WebPage\",\"@id\":\"https:\\\/\\\/nerdiy.de\\\/impressum\\\/\",\"url\":\"https:\\\/\\\/nerdiy.de\\\/impressum\\\/\",\"name\":\"Impressum - nerdiy.de - DIY, Elektronik, 3D Druck und mehr...\",\"isPartOf\":{\"@id\":\"https:\\\/\\\/nerdiy.de\\\/de_de\\\/#website\"},\"datePublished\":\"2018-02-10T18:59:41+00:00\",\"dateModified\":\"2023-10-09T19:42:59+00:00\",\"description\":\"Read a huge collection of detailed Tutorials on Nerdiy.de about all kind of Software, Hardware and general maker topics.\",\"breadcrumb\":{\"@id\":\"https:\\\/\\\/nerdiy.de\\\/impressum\\\/#breadcrumb\"},\"inLanguage\":\"fr-FR\",\"potentialAction\":[{\"@type\":\"ReadAction\",\"target\":[\"https:\\\/\\\/nerdiy.de\\\/impressum\\\/\"]}]},{\"@type\":\"BreadcrumbList\",\"@id\":\"https:\\\/\\\/nerdiy.de\\\/impressum\\\/#breadcrumb\",\"itemListElement\":[{\"@type\":\"ListItem\",\"position\":1,\"name\":\"Startseite\",\"item\":\"https:\\\/\\\/nerdiy.de\\\/de_de\\\/\"},{\"@type\":\"ListItem\",\"position\":2,\"name\":\"Impressum\"}]},{\"@type\":\"WebSite\",\"@id\":\"https:\\\/\\\/nerdiy.de\\\/de_de\\\/#website\",\"url\":\"https:\\\/\\\/nerdiy.de\\\/de_de\\\/\",\"name\":\"nerdiy.de - DIY, Elektronik, 3D Druck und mehr...\",\"description\":\"Bei nerdiy.de dreht sich alles um Elektronik, Heimwerken, 3D-Druck, Smart Home und viele andere technische Themen.\",\"publisher\":{\"@id\":\"https:\\\/\\\/nerdiy.de\\\/de_de\\\/#organization\"},\"potentialAction\":[{\"@type\":\"SearchAction\",\"target\":{\"@type\":\"EntryPoint\",\"urlTemplate\":\"https:\\\/\\\/nerdiy.de\\\/de_de\\\/?s={search_term_string}\"},\"query-input\":{\"@type\":\"PropertyValueSpecification\",\"valueRequired\":true,\"valueName\":\"search_term_string\"}}],\"inLanguage\":\"fr-FR\"},{\"@type\":\"Organization\",\"@id\":\"https:\\\/\\\/nerdiy.de\\\/de_de\\\/#organization\",\"name\":\"Nerdiy.de\",\"url\":\"https:\\\/\\\/nerdiy.de\\\/de_de\\\/\",\"logo\":{\"@type\":\"ImageObject\",\"inLanguage\":\"fr-FR\",\"@id\":\"https:\\\/\\\/nerdiy.de\\\/de_de\\\/#\\\/schema\\\/logo\\\/image\\\/\",\"url\":\"https:\\\/\\\/i0.wp.com\\\/nerdiy.de\\\/wp-content\\\/uploads\\\/2020\\\/04\\\/www.nerdiy.de-v1.0final180x180-1.png?fit=180%2C180&ssl=1\",\"contentUrl\":\"https:\\\/\\\/i0.wp.com\\\/nerdiy.de\\\/wp-content\\\/uploads\\\/2020\\\/04\\\/www.nerdiy.de-v1.0final180x180-1.png?fit=180%2C180&ssl=1\",\"width\":180,\"height\":180,\"caption\":\"Nerdiy.de\"},\"image\":{\"@id\":\"https:\\\/\\\/nerdiy.de\\\/de_de\\\/#\\\/schema\\\/logo\\\/image\\\/\"},\"sameAs\":[\"https:\\\/\\\/www.facebook.com\\\/nerdiy.de\",\"https:\\\/\\\/x.com\\\/nerdiyde\",\"https:\\\/\\\/www.instagram.com\\\/nerdiy.de\\\/\",\"https:\\\/\\\/www.pinterest.de\\\/nerdiyde\\\/\",\"https:\\\/\\\/www.youtube.com\\\/nerdiy\"]}]}<\/script>\n<!-- \/ Yoast SEO plugin. -->","yoast_head_json":{"title":"Mentions l\u00e9gales - nerdiy.fr - bricolage, \u00e9lectronique, impression 3D et plus...","description":"Lisez une vaste collection de didacticiels d\u00e9taill\u00e9s sur Nerdiy.de sur tous les types de logiciels, de mat\u00e9riel et de sujets g\u00e9n\u00e9raux sur les fabricants.","robots":{"index":"noindex","follow":"nofollow"},"og_locale":"fr_FR","og_type":"article","og_title":"Impressum - nerdiy.de - DIY, Elektronik, 3D Druck und mehr...","og_description":"Read a huge collection of detailed Tutorials on Nerdiy.de about all kind of Software, Hardware and general maker topics.","og_url":"https:\/\/nerdiy.de\/fr\/imprimer\/","og_site_name":"nerdiy.de - DIY, Elektronik, 3D Druck und mehr...","article_publisher":"https:\/\/www.facebook.com\/nerdiy.de","article_modified_time":"2023-10-09T19:42:59+00:00","og_image":[{"width":1920,"height":2560,"url":"https:\/\/i0.wp.com\/nerdiy.de\/wp-content\/uploads\/2020\/12\/www.nerdiy.de-news-pcb-entwicklung-hubctrlr-minifloorlamp-und-nanopxlv1-3-20201204-115525-scaled.jpg?fit=1920%2C2560&ssl=1","type":"image\/jpeg"}],"twitter_card":"summary_large_image","twitter_site":"@nerdiyde","twitter_misc":{"Est. reading time":"6 minutes"},"schema":{"@context":"https:\/\/schema.org","@graph":[{"@type":"WebPage","@id":"https:\/\/nerdiy.de\/impressum\/","url":"https:\/\/nerdiy.de\/impressum\/","name":"Mentions l\u00e9gales - nerdiy.fr - bricolage, \u00e9lectronique, impression 3D et plus...","isPartOf":{"@id":"https:\/\/nerdiy.de\/de_de\/#website"},"datePublished":"2018-02-10T18:59:41+00:00","dateModified":"2023-10-09T19:42:59+00:00","description":"Lisez une vaste collection de didacticiels d\u00e9taill\u00e9s sur Nerdiy.de sur tous les types de logiciels, de mat\u00e9riel et de sujets g\u00e9n\u00e9raux sur les fabricants.","breadcrumb":{"@id":"https:\/\/nerdiy.de\/impressum\/#breadcrumb"},"inLanguage":"fr-FR","potentialAction":[{"@type":"ReadAction","target":["https:\/\/nerdiy.de\/impressum\/"]}]},{"@type":"BreadcrumbList","@id":"https:\/\/nerdiy.de\/impressum\/#breadcrumb","itemListElement":[{"@type":"ListItem","position":1,"name":"Startseite","item":"https:\/\/nerdiy.de\/de_de\/"},{"@type":"ListItem","position":2,"name":"Impressum"}]},{"@type":"WebSite","@id":"https:\/\/nerdiy.de\/de_de\/#website","url":"https:\/\/nerdiy.de\/de_de\/","name":"nerdiy.de - DIY, \u00e9lectronique, impression 3D et plus...","description":"Sur nerdiy.fr, tout tourne autour de l'\u00e9lectronique, du bricolage, de l'impression 3D, de la maison intelligente et de nombreux autres sujets techniques.","publisher":{"@id":"https:\/\/nerdiy.de\/de_de\/#organization"},"potentialAction":[{"@type":"SearchAction","target":{"@type":"EntryPoint","urlTemplate":"https:\/\/nerdiy.de\/de_de\/?s={search_term_string}"},"query-input":{"@type":"PropertyValueSpecification","valueRequired":true,"valueName":"search_term_string"}}],"inLanguage":"fr-FR"},{"@type":"Organization","@id":"https:\/\/nerdiy.de\/de_de\/#organization","name":"Nerdiy.de","url":"https:\/\/nerdiy.de\/de_de\/","logo":{"@type":"ImageObject","inLanguage":"fr-FR","@id":"https:\/\/nerdiy.de\/de_de\/#\/schema\/logo\/image\/","url":"https:\/\/i0.wp.com\/nerdiy.de\/wp-content\/uploads\/2020\/04\/www.nerdiy.de-v1.0final180x180-1.png?fit=180%2C180&ssl=1","contentUrl":"https:\/\/i0.wp.com\/nerdiy.de\/wp-content\/uploads\/2020\/04\/www.nerdiy.de-v1.0final180x180-1.png?fit=180%2C180&ssl=1","width":180,"height":180,"caption":"Nerdiy.de"},"image":{"@id":"https:\/\/nerdiy.de\/de_de\/#\/schema\/logo\/image\/"},"sameAs":["https:\/\/www.facebook.com\/nerdiy.de","https:\/\/x.com\/nerdiyde","https:\/\/www.instagram.com\/nerdiy.de\/","https:\/\/www.pinterest.de\/nerdiyde\/","https:\/\/www.youtube.com\/nerdiy"]}]}},"jetpack_sharing_enabled":true,"jetpack_shortlink":"https:\/\/wp.me\/P9GM3g-2x","jetpack_likes_enabled":true,"jetpack-related-posts":[{"id":418,"url":"https:\/\/nerdiy.de\/fr\/conditions\/","url_meta":{"origin":157,"position":0},"title":"CONDITIONS G\u00c9N\u00c9RALES DE VENTE","author":"Fab","date":"28. February 2018","format":false,"excerpt":"Allgemeine Gesch\u00e4ftsbedingungen \u00a7 1 Geltung, Begriffsdefinitionen (1) Nerdiy.de by Fabian Steppat, Nerdiy.de by Fabian Steppat, Parkstra\u00dfe 70, 44866 Bochum, Deutschland (im Folgenden: \u201ewir\u201c oder \u201eNerdiy.de\u201c) betreibt unter der Webseite https:\/\/nerdiy.de einen Online-Shop f\u00fcr Waren und Digitale G\u00fcter. Die nachfolgenden allgemeinen Gesch\u00e4ftsbedingungen gelten f\u00fcr alle Leistungen zwischen uns und unseren Kunden\u2026","rel":"","context":"Similar post","block_context":{"text":"Similar post","link":""},"img":{"alt_text":"","src":"","width":0,"height":0},"classes":[]},{"id":20252,"url":"https:\/\/nerdiy.de\/fr\/droit-de-retractation\/","url_meta":{"origin":157,"position":1},"title":"Information sur le droit de r\u00e9tractation","author":"Fab","date":"9. October 2023","format":false,"excerpt":"Widerrufsbelehrung f\u00fcr Digitale Produkte Widerrufsrecht f\u00fcr Verbraucher (Verbraucher ist jede nat\u00fcrliche Person, die ein Rechtsgesch\u00e4ft zu Zwecken abschlie\u00dft, die \u00fcberwiegend weder ihrer gewerblichen noch ihrer selbstst\u00e4ndigen beruflichen T\u00e4tigkeit zugerechnet werden kann.) Widerrufsbelehrung Widerrufsrecht Sie haben das Recht, binnen vierzehn Tagen ohne Angabe von Gr\u00fcnden diesen Vertrag zu widerrufen. Die Widerrufsfrist\u2026","rel":"","context":"Similar post","block_context":{"text":"Similar post","link":""},"img":{"alt_text":"","src":"","width":0,"height":0},"classes":[]},{"id":15674,"url":"https:\/\/nerdiy.de\/fr\/nerdiy-fr-dans-les-medias\/","url_meta":{"origin":157,"position":2},"title":"Nerdiy.de dans les m\u00e9dias","author":"Fab","date":"15. February 2021","format":false,"excerpt":"Hier findet Ihr eine Liste von Links, Artikel und Meinungen zu den Projekten auf Nerdiy.de au\u00dferhalb von Nerdiy.de. Anemosens Projekt Informationen: PCB \u2013 Das Anemosens-Sensor-PCB aufbauen PCB \u2013 Anemosens_MCU PCB aufbauen Medien: Hackaday.com: https:\/\/hackaday.com\/2021\/10\/11\/diy-anemometer-for-projects-big-and-small\/ Elegoo.com: https:\/\/www.elegoo.com\/blogs\/news\/announcing-the-winners-of-the-moveit-3dp-contest Snapmaker.com: https:\/\/blog.snapmaker.com\/announcing-the-winners-of-the-moveit-3dp-contest\/ PCBWay.com: https:\/\/www.pcbway.com\/blog\/News\/Best_Shots_with_PCBWay_Results_of_1st_PCBWay_Share_your_Order_Feedback_Activit_558a673f.html eInk Frame Insert Hackster.io: https:\/\/www.hackster.io\/news\/nerdiy-s-3d-printed-framework-turns-an-ikea-ribba-into-a-seeed-xiao-esp32c3-powered-epaper-dashboard-3d09f96f7936.amp WinDIY Projekt Informationen: WinDIY \u2013\u2026","rel":"","context":"Similar post","block_context":{"text":"Similar post","link":""},"img":{"alt_text":"","src":"","width":0,"height":0},"classes":[]},{"id":18,"url":"https:\/\/nerdiy.de\/fr\/contact\/","url_meta":{"origin":157,"position":3},"title":"Contact","author":"Fab","date":"8. February 2018","format":false,"excerpt":"\u00dcber dieses Kontaktformular kannst du uns Nachrichten zukommen lassen. Wie freuen uns dabei \u00fcber jede Idee, Kritik oder Anregung. Wenn du Fragen zu einem bestimmten Artikel hast, kannst du auch die Kommentarfunktion unter dem jeweiligen Artikel nutzen. So k\u00f6nnen auch andere Nutzer ggf. von deinem Kommentar profitieren. Kontaktformular DATENSCHUTZHINWEIS Mit\u2026","rel":"","context":"Similar post","block_context":{"text":"Similar post","link":""},"img":{"alt_text":"","src":"","width":0,"height":0},"classes":[]},{"id":420,"url":"https:\/\/nerdiy.de\/fr\/protection-des-donnees\/","url_meta":{"origin":157,"position":4},"title":"Protection des donn\u00e9es","author":"Fab","date":"28. February 2018","format":false,"excerpt":"Datenschutzerkl\u00e4rung Diese Datenschutzerkl\u00e4rung kl\u00e4rt Sie \u00fcber die Art, den Umfang und Zweck der Verarbeitung von personenbezogenen Daten (nachfolgend kurz \u201eDaten\u201c) innerhalb unseres Onlineangebotes und der mit ihm verbundenen Webseiten, Funktionen und Inhalte sowie externen Onlinepr\u00e4senzen, wie z.B. unser Social Media Profile auf (nachfolgend gemeinsam bezeichnet als \u201eOnlineangebot\u201c). Im Hinblick auf\u2026","rel":"","context":"Similar post","block_context":{"text":"Similar post","link":""},"img":{"alt_text":"","src":"","width":0,"height":0},"classes":[]},{"id":20243,"url":"https:\/\/nerdiy.de\/fr\/conditions-dutilisation\/","url_meta":{"origin":157,"position":5},"title":"Conditions d'utilisation","author":"Fab","date":"29. October 2023","format":false,"excerpt":"Nutzungsbedingungen f\u00fcr den Kauf und die Nutzung unserer digitalen Produkte f\u00fcr 3D-Druck 1. Allgemeines: Mit dem Kauf unserer digitalen Produkte stimmen Sie diesen Nutzungsbedingungen zu. Bitte lesen Sie sie sorgf\u00e4ltig durch. 2. Bezahlung: Die Bezahlung f\u00fcr unsere Produkte erfolgt gem\u00e4\u00df den auf unserer Website angegebenen Preisen und Zahlungsrichtlinien. 3. Lizenzgew\u00e4hrung:\u2026","rel":"","context":"Similar post","block_context":{"text":"Similar post","link":""},"img":{"alt_text":"","src":"","width":0,"height":0},"classes":[]}],"_links":{"self":[{"href":"https:\/\/nerdiy.de\/fr\/wp-json\/wp\/v2\/pages\/157","targetHints":{"allow":["GET"]}}],"collection":[{"href":"https:\/\/nerdiy.de\/fr\/wp-json\/wp\/v2\/pages"}],"about":[{"href":"https:\/\/nerdiy.de\/fr\/wp-json\/wp\/v2\/types\/page"}],"author":[{"embeddable":true,"href":"https:\/\/nerdiy.de\/fr\/wp-json\/wp\/v2\/users\/1"}],"replies":[{"embeddable":true,"href":"https:\/\/nerdiy.de\/fr\/wp-json\/wp\/v2\/comments?post=157"}],"version-history":[{"count":0,"href":"https:\/\/nerdiy.de\/fr\/wp-json\/wp\/v2\/pages\/157\/revisions"}],"wp:attachment":[{"href":"https:\/\/nerdiy.de\/fr\/wp-json\/wp\/v2\/media?parent=157"}],"curies":[{"name":"wp","href":"https:\/\/api.w.org\/{rel}","templated":true}]}}