{"id":20253,"date":"2023-10-09T21:43:00","date_gmt":"2023-10-09T19:43:00","guid":{"rendered":"https:\/\/nerdiy.de\/versandarten\/"},"modified":"2023-10-09T21:43:00","modified_gmt":"2023-10-09T19:43:00","slug":"methodes-de-livraison","status":"publish","type":"page","link":"https:\/\/nerdiy.de\/fr\/methodes-de-livraison\/","title":{"rendered":"M\u00e9thodes de livraison"},"content":{"rendered":"","protected":false},"excerpt":{"rendered":"","protected":false},"author":1,"featured_media":0,"parent":0,"menu_order":0,"comment_status":"closed","ping_status":"closed","template":"","meta":{"_bbp_topic_count":0,"_bbp_reply_count":0,"_bbp_total_topic_count":0,"_bbp_total_reply_count":0,"_bbp_voice_count":0,"_bbp_anonymous_reply_count":0,"_bbp_topic_count_hidden":0,"_bbp_reply_count_hidden":0,"_bbp_forum_subforum_count":0,"jetpack_post_was_ever_published":false,"footnotes":""},"class_list":["post-20253","page","type-page","status-publish","hentry"],"yoast_head":"<!-- This site is optimized with the Yoast SEO plugin v27.3 - https:\/\/yoast.com\/product\/yoast-seo-wordpress\/ -->\n<title>Versandarten - nerdiy.de - DIY, Elektronik, 3D Druck und mehr...<\/title>\n<meta name=\"description\" content=\"Read a huge collection of detailed Tutorials on Nerdiy.de about all kind of Software, Hardware and general maker topics.\" \/>\n<meta name=\"robots\" content=\"index, follow, max-snippet:-1, max-image-preview:large, max-video-preview:-1\" \/>\n<link rel=\"canonical\" href=\"https:\/\/nerdiy.de\/fr\/methodes-de-livraison\/\" \/>\n<meta property=\"og:locale\" content=\"fr_FR\" \/>\n<meta property=\"og:type\" content=\"article\" \/>\n<meta property=\"og:title\" content=\"Versandarten - nerdiy.de - DIY, Elektronik, 3D Druck und mehr...\" \/>\n<meta property=\"og:description\" content=\"Read a huge collection of detailed Tutorials on Nerdiy.de about all kind of Software, Hardware and general maker topics.\" \/>\n<meta property=\"og:url\" content=\"https:\/\/nerdiy.de\/fr\/methodes-de-livraison\/\" \/>\n<meta property=\"og:site_name\" content=\"nerdiy.de - DIY, Elektronik, 3D Druck und mehr...\" \/>\n<meta property=\"article:publisher\" content=\"https:\/\/www.facebook.com\/nerdiy.de\" \/>\n<meta property=\"og:image\" content=\"https:\/\/i0.wp.com\/nerdiy.de\/wp-content\/uploads\/2020\/12\/www.nerdiy.de-news-pcb-entwicklung-hubctrlr-minifloorlamp-und-nanopxlv1-3-20201204-115525-scaled.jpg?fit=1920%2C2560&ssl=1\" \/>\n\t<meta property=\"og:image:width\" content=\"1920\" \/>\n\t<meta property=\"og:image:height\" content=\"2560\" \/>\n\t<meta property=\"og:image:type\" content=\"image\/jpeg\" \/>\n<meta name=\"twitter:card\" content=\"summary_large_image\" \/>\n<meta name=\"twitter:site\" content=\"@nerdiyde\" \/>\n<script type=\"application\/ld+json\" class=\"yoast-schema-graph\">{\"@context\":\"https:\\\/\\\/schema.org\",\"@graph\":[{\"@type\":\"WebPage\",\"@id\":\"https:\\\/\\\/nerdiy.de\\\/versandarten\\\/\",\"url\":\"https:\\\/\\\/nerdiy.de\\\/versandarten\\\/\",\"name\":\"Versandarten - nerdiy.de - DIY, Elektronik, 3D Druck und mehr...\",\"isPartOf\":{\"@id\":\"https:\\\/\\\/nerdiy.de\\\/de_de\\\/#website\"},\"datePublished\":\"2023-10-09T19:43:00+00:00\",\"description\":\"Read a huge collection of detailed Tutorials on Nerdiy.de about all kind of Software, Hardware and general maker topics.\",\"breadcrumb\":{\"@id\":\"https:\\\/\\\/nerdiy.de\\\/versandarten\\\/#breadcrumb\"},\"inLanguage\":\"fr-FR\",\"potentialAction\":[{\"@type\":\"ReadAction\",\"target\":[\"https:\\\/\\\/nerdiy.de\\\/versandarten\\\/\"]}]},{\"@type\":\"BreadcrumbList\",\"@id\":\"https:\\\/\\\/nerdiy.de\\\/versandarten\\\/#breadcrumb\",\"itemListElement\":[{\"@type\":\"ListItem\",\"position\":1,\"name\":\"Startseite\",\"item\":\"https:\\\/\\\/nerdiy.de\\\/de_de\\\/\"},{\"@type\":\"ListItem\",\"position\":2,\"name\":\"Versandarten\"}]},{\"@type\":\"WebSite\",\"@id\":\"https:\\\/\\\/nerdiy.de\\\/de_de\\\/#website\",\"url\":\"https:\\\/\\\/nerdiy.de\\\/de_de\\\/\",\"name\":\"nerdiy.de - DIY, Elektronik, 3D Druck und mehr...\",\"description\":\"Bei nerdiy.de dreht sich alles um Elektronik, Heimwerken, 3D-Druck, Smart Home und viele andere technische Themen.\",\"publisher\":{\"@id\":\"https:\\\/\\\/nerdiy.de\\\/de_de\\\/#organization\"},\"potentialAction\":[{\"@type\":\"SearchAction\",\"target\":{\"@type\":\"EntryPoint\",\"urlTemplate\":\"https:\\\/\\\/nerdiy.de\\\/de_de\\\/?s={search_term_string}\"},\"query-input\":{\"@type\":\"PropertyValueSpecification\",\"valueRequired\":true,\"valueName\":\"search_term_string\"}}],\"inLanguage\":\"fr-FR\"},{\"@type\":\"Organization\",\"@id\":\"https:\\\/\\\/nerdiy.de\\\/de_de\\\/#organization\",\"name\":\"Nerdiy.de\",\"url\":\"https:\\\/\\\/nerdiy.de\\\/de_de\\\/\",\"logo\":{\"@type\":\"ImageObject\",\"inLanguage\":\"fr-FR\",\"@id\":\"https:\\\/\\\/nerdiy.de\\\/de_de\\\/#\\\/schema\\\/logo\\\/image\\\/\",\"url\":\"https:\\\/\\\/i0.wp.com\\\/nerdiy.de\\\/wp-content\\\/uploads\\\/2020\\\/04\\\/www.nerdiy.de-v1.0final180x180-1.png?fit=180%2C180&ssl=1\",\"contentUrl\":\"https:\\\/\\\/i0.wp.com\\\/nerdiy.de\\\/wp-content\\\/uploads\\\/2020\\\/04\\\/www.nerdiy.de-v1.0final180x180-1.png?fit=180%2C180&ssl=1\",\"width\":180,\"height\":180,\"caption\":\"Nerdiy.de\"},\"image\":{\"@id\":\"https:\\\/\\\/nerdiy.de\\\/de_de\\\/#\\\/schema\\\/logo\\\/image\\\/\"},\"sameAs\":[\"https:\\\/\\\/www.facebook.com\\\/nerdiy.de\",\"https:\\\/\\\/x.com\\\/nerdiyde\",\"https:\\\/\\\/www.instagram.com\\\/nerdiy.de\\\/\",\"https:\\\/\\\/www.pinterest.de\\\/nerdiyde\\\/\",\"https:\\\/\\\/www.youtube.com\\\/nerdiy\"]}]}<\/script>\n<!-- \/ Yoast SEO plugin. -->","yoast_head_json":{"title":"Modes d'exp\u00e9dition - nerdiy.fr - bricolage, \u00e9lectronique, impression 3D et plus...","description":"Lisez une vaste collection de didacticiels d\u00e9taill\u00e9s sur Nerdiy.de sur tous les types de logiciels, de mat\u00e9riel et de sujets g\u00e9n\u00e9raux sur les fabricants.","robots":{"index":"index","follow":"follow","max-snippet":"max-snippet:-1","max-image-preview":"max-image-preview:large","max-video-preview":"max-video-preview:-1"},"canonical":"https:\/\/nerdiy.de\/fr\/methodes-de-livraison\/","og_locale":"fr_FR","og_type":"article","og_title":"Versandarten - nerdiy.de - DIY, Elektronik, 3D Druck und mehr...","og_description":"Read a huge collection of detailed Tutorials on Nerdiy.de about all kind of Software, Hardware and general maker topics.","og_url":"https:\/\/nerdiy.de\/fr\/methodes-de-livraison\/","og_site_name":"nerdiy.de - DIY, Elektronik, 3D Druck und mehr...","article_publisher":"https:\/\/www.facebook.com\/nerdiy.de","og_image":[{"width":1920,"height":2560,"url":"https:\/\/i0.wp.com\/nerdiy.de\/wp-content\/uploads\/2020\/12\/www.nerdiy.de-news-pcb-entwicklung-hubctrlr-minifloorlamp-und-nanopxlv1-3-20201204-115525-scaled.jpg?fit=1920%2C2560&ssl=1","type":"image\/jpeg"}],"twitter_card":"summary_large_image","twitter_site":"@nerdiyde","schema":{"@context":"https:\/\/schema.org","@graph":[{"@type":"WebPage","@id":"https:\/\/nerdiy.de\/versandarten\/","url":"https:\/\/nerdiy.de\/versandarten\/","name":"Modes d'exp\u00e9dition - nerdiy.fr - bricolage, \u00e9lectronique, impression 3D et plus...","isPartOf":{"@id":"https:\/\/nerdiy.de\/de_de\/#website"},"datePublished":"2023-10-09T19:43:00+00:00","description":"Lisez une vaste collection de didacticiels d\u00e9taill\u00e9s sur Nerdiy.de sur tous les types de logiciels, de mat\u00e9riel et de sujets g\u00e9n\u00e9raux sur les fabricants.","breadcrumb":{"@id":"https:\/\/nerdiy.de\/versandarten\/#breadcrumb"},"inLanguage":"fr-FR","potentialAction":[{"@type":"ReadAction","target":["https:\/\/nerdiy.de\/versandarten\/"]}]},{"@type":"BreadcrumbList","@id":"https:\/\/nerdiy.de\/versandarten\/#breadcrumb","itemListElement":[{"@type":"ListItem","position":1,"name":"Startseite","item":"https:\/\/nerdiy.de\/de_de\/"},{"@type":"ListItem","position":2,"name":"Versandarten"}]},{"@type":"WebSite","@id":"https:\/\/nerdiy.de\/de_de\/#website","url":"https:\/\/nerdiy.de\/de_de\/","name":"nerdiy.de - DIY, \u00e9lectronique, impression 3D et plus...","description":"Sur nerdiy.fr, tout tourne autour de l'\u00e9lectronique, du bricolage, de l'impression 3D, de la maison intelligente et de nombreux autres sujets techniques.","publisher":{"@id":"https:\/\/nerdiy.de\/de_de\/#organization"},"potentialAction":[{"@type":"SearchAction","target":{"@type":"EntryPoint","urlTemplate":"https:\/\/nerdiy.de\/de_de\/?s={search_term_string}"},"query-input":{"@type":"PropertyValueSpecification","valueRequired":true,"valueName":"search_term_string"}}],"inLanguage":"fr-FR"},{"@type":"Organization","@id":"https:\/\/nerdiy.de\/de_de\/#organization","name":"Nerdiy.de","url":"https:\/\/nerdiy.de\/de_de\/","logo":{"@type":"ImageObject","inLanguage":"fr-FR","@id":"https:\/\/nerdiy.de\/de_de\/#\/schema\/logo\/image\/","url":"https:\/\/i0.wp.com\/nerdiy.de\/wp-content\/uploads\/2020\/04\/www.nerdiy.de-v1.0final180x180-1.png?fit=180%2C180&ssl=1","contentUrl":"https:\/\/i0.wp.com\/nerdiy.de\/wp-content\/uploads\/2020\/04\/www.nerdiy.de-v1.0final180x180-1.png?fit=180%2C180&ssl=1","width":180,"height":180,"caption":"Nerdiy.de"},"image":{"@id":"https:\/\/nerdiy.de\/de_de\/#\/schema\/logo\/image\/"},"sameAs":["https:\/\/www.facebook.com\/nerdiy.de","https:\/\/x.com\/nerdiyde","https:\/\/www.instagram.com\/nerdiy.de\/","https:\/\/www.pinterest.de\/nerdiyde\/","https:\/\/www.youtube.com\/nerdiy"]}]}},"jetpack_sharing_enabled":true,"jetpack_shortlink":"https:\/\/wp.me\/P9GM3g-5gF","jetpack_likes_enabled":true,"jetpack-related-posts":[{"id":418,"url":"https:\/\/nerdiy.de\/fr\/conditions\/","url_meta":{"origin":20253,"position":0},"title":"CONDITIONS G\u00c9N\u00c9RALES DE VENTE","author":"Fab","date":"28. February 2018","format":false,"excerpt":"Allgemeine Gesch\u00e4ftsbedingungen \u00a7 1 Geltung, Begriffsdefinitionen (1) Nerdiy.de by Fabian Steppat, Nerdiy.de by Fabian Steppat, Parkstra\u00dfe 70, 44866 Bochum, Deutschland (im Folgenden: \u201ewir\u201c oder \u201eNerdiy.de\u201c) betreibt unter der Webseite https:\/\/nerdiy.de einen Online-Shop f\u00fcr Waren und Digitale G\u00fcter. Die nachfolgenden allgemeinen Gesch\u00e4ftsbedingungen gelten f\u00fcr alle Leistungen zwischen uns und unseren Kunden\u2026","rel":"","context":"Similar post","block_context":{"text":"Similar post","link":""},"img":{"alt_text":"","src":"","width":0,"height":0},"classes":[]}],"_links":{"self":[{"href":"https:\/\/nerdiy.de\/fr\/wp-json\/wp\/v2\/pages\/20253","targetHints":{"allow":["GET"]}}],"collection":[{"href":"https:\/\/nerdiy.de\/fr\/wp-json\/wp\/v2\/pages"}],"about":[{"href":"https:\/\/nerdiy.de\/fr\/wp-json\/wp\/v2\/types\/page"}],"author":[{"embeddable":true,"href":"https:\/\/nerdiy.de\/fr\/wp-json\/wp\/v2\/users\/1"}],"replies":[{"embeddable":true,"href":"https:\/\/nerdiy.de\/fr\/wp-json\/wp\/v2\/comments?post=20253"}],"version-history":[{"count":0,"href":"https:\/\/nerdiy.de\/fr\/wp-json\/wp\/v2\/pages\/20253\/revisions"}],"wp:attachment":[{"href":"https:\/\/nerdiy.de\/fr\/wp-json\/wp\/v2\/media?parent=20253"}],"curies":[{"name":"wp","href":"https:\/\/api.w.org\/{rel}","templated":true}]}}