{"id":64,"date":"2018-02-08T12:42:46","date_gmt":"2018-02-08T11:42:46","guid":{"rendered":"http:\/\/www.fabinv.de\/?page_id=64"},"modified":"2020-12-06T18:08:47","modified_gmt":"2020-12-06T17:08:47","slug":"page-daccueil","status":"publish","type":"page","link":"https:\/\/nerdiy.de\/fr\/","title":{"rendered":"Page d&#039;accueil"},"content":{"rendered":"","protected":false},"excerpt":{"rendered":"","protected":false},"author":1,"featured_media":0,"parent":0,"menu_order":0,"comment_status":"closed","ping_status":"closed","template":"template-magazine.php","meta":{"_bbp_topic_count":0,"_bbp_reply_count":0,"_bbp_total_topic_count":0,"_bbp_total_reply_count":0,"_bbp_voice_count":0,"_bbp_anonymous_reply_count":0,"_bbp_topic_count_hidden":0,"_bbp_reply_count_hidden":0,"_bbp_forum_subforum_count":0,"jetpack_post_was_ever_published":false,"footnotes":""},"class_list":["post-64","page","type-page","status-publish","hentry"],"yoast_head":"<!-- This site is optimized with the Yoast SEO plugin v27.4 - https:\/\/yoast.com\/product\/yoast-seo-wordpress\/ -->\n<title>StartSeite - nerdiy.de - DIY, Elektronik, 3D Druck und mehr...<\/title>\n<meta name=\"description\" content=\"Read a huge collection of detailed Tutorials on Nerdiy.de about all kind of Software, Hardware and general maker topics.\" \/>\n<meta name=\"robots\" content=\"index, follow, max-snippet:-1, max-image-preview:large, max-video-preview:-1\" \/>\n<link rel=\"canonical\" href=\"https:\/\/nerdiy.de\/fr\/\" \/>\n<meta property=\"og:locale\" content=\"fr_FR\" \/>\n<meta property=\"og:type\" content=\"article\" \/>\n<meta property=\"og:title\" content=\"StartSeite - nerdiy.de - DIY, Elektronik, 3D Druck und mehr...\" \/>\n<meta property=\"og:description\" content=\"Read a huge collection of detailed Tutorials on Nerdiy.de about all kind of Software, Hardware and general maker topics.\" \/>\n<meta property=\"og:url\" content=\"https:\/\/nerdiy.de\/fr\/\" \/>\n<meta property=\"og:site_name\" content=\"nerdiy.de - DIY, Elektronik, 3D Druck und mehr...\" \/>\n<meta property=\"article:publisher\" content=\"https:\/\/www.facebook.com\/nerdiy.de\" \/>\n<meta property=\"article:modified_time\" content=\"2020-12-06T17:08:47+00:00\" \/>\n<meta property=\"og:image\" content=\"https:\/\/i0.wp.com\/nerdiy.de\/wp-content\/uploads\/2020\/12\/www.nerdiy.de-news-pcb-entwicklung-hubctrlr-minifloorlamp-und-nanopxlv1-3-20201204-115525-scaled.jpg?fit=1920%2C2560&ssl=1\" \/>\n\t<meta property=\"og:image:width\" content=\"1920\" \/>\n\t<meta property=\"og:image:height\" content=\"2560\" \/>\n\t<meta property=\"og:image:type\" content=\"image\/jpeg\" \/>\n<meta name=\"twitter:card\" content=\"summary_large_image\" \/>\n<meta name=\"twitter:site\" content=\"@nerdiyde\" \/>\n<script type=\"application\/ld+json\" class=\"yoast-schema-graph\">{\"@context\":\"https:\\\/\\\/schema.org\",\"@graph\":[{\"@type\":\"WebPage\",\"@id\":\"https:\\\/\\\/nerdiy.de\\\/de_de\\\/\",\"url\":\"https:\\\/\\\/nerdiy.de\\\/de_de\\\/\",\"name\":\"StartSeite - nerdiy.de - DIY, Elektronik, 3D Druck und mehr...\",\"isPartOf\":{\"@id\":\"https:\\\/\\\/nerdiy.de\\\/de_de\\\/#website\"},\"datePublished\":\"2018-02-08T11:42:46+00:00\",\"dateModified\":\"2020-12-06T17:08:47+00:00\",\"description\":\"Read a huge collection of detailed Tutorials on Nerdiy.de about all kind of Software, Hardware and general maker topics.\",\"breadcrumb\":{\"@id\":\"https:\\\/\\\/nerdiy.de\\\/de_de\\\/#breadcrumb\"},\"inLanguage\":\"fr-FR\",\"potentialAction\":[{\"@type\":\"ReadAction\",\"target\":[\"https:\\\/\\\/nerdiy.de\\\/de_de\\\/\"]}]},{\"@type\":\"BreadcrumbList\",\"@id\":\"https:\\\/\\\/nerdiy.de\\\/de_de\\\/#breadcrumb\",\"itemListElement\":[{\"@type\":\"ListItem\",\"position\":1,\"name\":\"Startseite\",\"item\":\"https:\\\/\\\/nerdiy.de\\\/de_de\\\/\"},{\"@type\":\"ListItem\",\"position\":2,\"name\":\"StartSeite\"}]},{\"@type\":\"WebSite\",\"@id\":\"https:\\\/\\\/nerdiy.de\\\/de_de\\\/#website\",\"url\":\"https:\\\/\\\/nerdiy.de\\\/de_de\\\/\",\"name\":\"nerdiy.de - DIY, Elektronik, 3D Druck und mehr...\",\"description\":\"Bei nerdiy.de dreht sich alles um Elektronik, Heimwerken, 3D-Druck, Smart Home und viele andere technische Themen.\",\"publisher\":{\"@id\":\"https:\\\/\\\/nerdiy.de\\\/de_de\\\/#organization\"},\"potentialAction\":[{\"@type\":\"SearchAction\",\"target\":{\"@type\":\"EntryPoint\",\"urlTemplate\":\"https:\\\/\\\/nerdiy.de\\\/de_de\\\/?s={search_term_string}\"},\"query-input\":{\"@type\":\"PropertyValueSpecification\",\"valueRequired\":true,\"valueName\":\"search_term_string\"}}],\"inLanguage\":\"fr-FR\"},{\"@type\":\"Organization\",\"@id\":\"https:\\\/\\\/nerdiy.de\\\/de_de\\\/#organization\",\"name\":\"Nerdiy.de\",\"url\":\"https:\\\/\\\/nerdiy.de\\\/de_de\\\/\",\"logo\":{\"@type\":\"ImageObject\",\"inLanguage\":\"fr-FR\",\"@id\":\"https:\\\/\\\/nerdiy.de\\\/de_de\\\/#\\\/schema\\\/logo\\\/image\\\/\",\"url\":\"https:\\\/\\\/i0.wp.com\\\/nerdiy.de\\\/wp-content\\\/uploads\\\/2020\\\/04\\\/www.nerdiy.de-v1.0final180x180-1.png?fit=180%2C180&ssl=1\",\"contentUrl\":\"https:\\\/\\\/i0.wp.com\\\/nerdiy.de\\\/wp-content\\\/uploads\\\/2020\\\/04\\\/www.nerdiy.de-v1.0final180x180-1.png?fit=180%2C180&ssl=1\",\"width\":180,\"height\":180,\"caption\":\"Nerdiy.de\"},\"image\":{\"@id\":\"https:\\\/\\\/nerdiy.de\\\/de_de\\\/#\\\/schema\\\/logo\\\/image\\\/\"},\"sameAs\":[\"https:\\\/\\\/www.facebook.com\\\/nerdiy.de\",\"https:\\\/\\\/x.com\\\/nerdiyde\",\"https:\\\/\\\/www.instagram.com\\\/nerdiy.de\\\/\",\"https:\\\/\\\/www.pinterest.de\\\/nerdiyde\\\/\",\"https:\\\/\\\/www.youtube.com\\\/nerdiy\"]}]}<\/script>\n<!-- \/ Yoast SEO plugin. -->","yoast_head_json":{"title":"AccueilSite - nerdiy.fr - bricolage, \u00e9lectronique, impression 3D et plus...","description":"Lisez une vaste collection de didacticiels d\u00e9taill\u00e9s sur Nerdiy.de sur tous les types de logiciels, de mat\u00e9riel et de sujets g\u00e9n\u00e9raux sur les fabricants.","robots":{"index":"index","follow":"follow","max-snippet":"max-snippet:-1","max-image-preview":"max-image-preview:large","max-video-preview":"max-video-preview:-1"},"canonical":"https:\/\/nerdiy.de\/fr\/","og_locale":"fr_FR","og_type":"article","og_title":"StartSeite - nerdiy.de - DIY, Elektronik, 3D Druck und mehr...","og_description":"Read a huge collection of detailed Tutorials on Nerdiy.de about all kind of Software, Hardware and general maker topics.","og_url":"https:\/\/nerdiy.de\/fr\/","og_site_name":"nerdiy.de - DIY, Elektronik, 3D Druck und mehr...","article_publisher":"https:\/\/www.facebook.com\/nerdiy.de","article_modified_time":"2020-12-06T17:08:47+00:00","og_image":[{"width":1920,"height":2560,"url":"https:\/\/i0.wp.com\/nerdiy.de\/wp-content\/uploads\/2020\/12\/www.nerdiy.de-news-pcb-entwicklung-hubctrlr-minifloorlamp-und-nanopxlv1-3-20201204-115525-scaled.jpg?fit=1920%2C2560&ssl=1","type":"image\/jpeg"}],"twitter_card":"summary_large_image","twitter_site":"@nerdiyde","schema":{"@context":"https:\/\/schema.org","@graph":[{"@type":"WebPage","@id":"https:\/\/nerdiy.de\/de_de\/","url":"https:\/\/nerdiy.de\/de_de\/","name":"AccueilSite - nerdiy.fr - bricolage, \u00e9lectronique, impression 3D et plus...","isPartOf":{"@id":"https:\/\/nerdiy.de\/de_de\/#website"},"datePublished":"2018-02-08T11:42:46+00:00","dateModified":"2020-12-06T17:08:47+00:00","description":"Lisez une vaste collection de didacticiels d\u00e9taill\u00e9s sur Nerdiy.de sur tous les types de logiciels, de mat\u00e9riel et de sujets g\u00e9n\u00e9raux sur les fabricants.","breadcrumb":{"@id":"https:\/\/nerdiy.de\/de_de\/#breadcrumb"},"inLanguage":"fr-FR","potentialAction":[{"@type":"ReadAction","target":["https:\/\/nerdiy.de\/de_de\/"]}]},{"@type":"BreadcrumbList","@id":"https:\/\/nerdiy.de\/de_de\/#breadcrumb","itemListElement":[{"@type":"ListItem","position":1,"name":"Startseite","item":"https:\/\/nerdiy.de\/de_de\/"},{"@type":"ListItem","position":2,"name":"StartSeite"}]},{"@type":"WebSite","@id":"https:\/\/nerdiy.de\/de_de\/#website","url":"https:\/\/nerdiy.de\/de_de\/","name":"nerdiy.de - DIY, \u00e9lectronique, impression 3D et plus...","description":"Sur nerdiy.fr, tout tourne autour de l'\u00e9lectronique, du bricolage, de l'impression 3D, de la maison intelligente et de nombreux autres sujets techniques.","publisher":{"@id":"https:\/\/nerdiy.de\/de_de\/#organization"},"potentialAction":[{"@type":"SearchAction","target":{"@type":"EntryPoint","urlTemplate":"https:\/\/nerdiy.de\/de_de\/?s={search_term_string}"},"query-input":{"@type":"PropertyValueSpecification","valueRequired":true,"valueName":"search_term_string"}}],"inLanguage":"fr-FR"},{"@type":"Organization","@id":"https:\/\/nerdiy.de\/de_de\/#organization","name":"Nerdiy.de","url":"https:\/\/nerdiy.de\/de_de\/","logo":{"@type":"ImageObject","inLanguage":"fr-FR","@id":"https:\/\/nerdiy.de\/de_de\/#\/schema\/logo\/image\/","url":"https:\/\/i0.wp.com\/nerdiy.de\/wp-content\/uploads\/2020\/04\/www.nerdiy.de-v1.0final180x180-1.png?fit=180%2C180&ssl=1","contentUrl":"https:\/\/i0.wp.com\/nerdiy.de\/wp-content\/uploads\/2020\/04\/www.nerdiy.de-v1.0final180x180-1.png?fit=180%2C180&ssl=1","width":180,"height":180,"caption":"Nerdiy.de"},"image":{"@id":"https:\/\/nerdiy.de\/de_de\/#\/schema\/logo\/image\/"},"sameAs":["https:\/\/www.facebook.com\/nerdiy.de","https:\/\/x.com\/nerdiyde","https:\/\/www.instagram.com\/nerdiy.de\/","https:\/\/www.pinterest.de\/nerdiyde\/","https:\/\/www.youtube.com\/nerdiy"]}]}},"jetpack_sharing_enabled":true,"jetpack_shortlink":"https:\/\/wp.me\/P9GM3g-12","jetpack_likes_enabled":true,"jetpack-related-posts":[{"id":890,"url":"https:\/\/nerdiy.de\/fr\/consignes-de-securite\/","url_meta":{"origin":64,"position":0},"title":"Consignes de s\u00e9curit\u00e9 et avis de non-responsabilit\u00e9","author":"Fab","date":"11. June 2018","format":false,"excerpt":"Ich wei\u00df die folgenden Hinweise sind immer irgendwie l\u00e4stig und wirken unn\u00f6tig. Aber leider haben schon viele Menschen die es \"besser\" wussten aus Leichtsinnigkeit Augen, Finger oder anderes verloren bzw. sich verletzt. Deswegen nehmt Euch bitte f\u00fcnf Minuten Zeit um die Sicherheitshinweise zu lesen. Denn auch das coolste Projekt ist\u2026","rel":"","context":"Similar post","block_context":{"text":"Similar post","link":""},"img":{"alt_text":"","src":"","width":0,"height":0},"classes":[]}],"_links":{"self":[{"href":"https:\/\/nerdiy.de\/fr\/wp-json\/wp\/v2\/pages\/64","targetHints":{"allow":["GET"]}}],"collection":[{"href":"https:\/\/nerdiy.de\/fr\/wp-json\/wp\/v2\/pages"}],"about":[{"href":"https:\/\/nerdiy.de\/fr\/wp-json\/wp\/v2\/types\/page"}],"author":[{"embeddable":true,"href":"https:\/\/nerdiy.de\/fr\/wp-json\/wp\/v2\/users\/1"}],"replies":[{"embeddable":true,"href":"https:\/\/nerdiy.de\/fr\/wp-json\/wp\/v2\/comments?post=64"}],"version-history":[{"count":0,"href":"https:\/\/nerdiy.de\/fr\/wp-json\/wp\/v2\/pages\/64\/revisions"}],"wp:attachment":[{"href":"https:\/\/nerdiy.de\/fr\/wp-json\/wp\/v2\/media?parent=64"}],"curies":[{"name":"wp","href":"https:\/\/api.w.org\/{rel}","templated":true}]}}