{"id":157,"date":"2018-02-10T19:59:41","date_gmt":"2018-02-10T18:59:41","guid":{"rendered":"http:\/\/www.fabinv.de\/?page_id=157"},"modified":"2023-10-09T21:42:59","modified_gmt":"2023-10-09T19:42:59","slug":"afdruk","status":"publish","type":"page","link":"https:\/\/nerdiy.de\/nl\/afdruk\/","title":{"rendered":"Afdruk"},"content":{"rendered":"<div class=\"impressum\">\n<h1>Afdruk<\/h1>\n<p>Volgens \u00a7 5 TMG<\/p>\n<p>Nerd door <span style=\"font-size: 1rem;\">Fabian Steppat<\/span><\/p>\n<p>Fabian Steppat<br \/>\nParkstra\u00dfe 70<br \/>\n44866 Bochum<\/p>\n<p><strong>Vertegenwoordigd door: <\/strong><br \/>\nFabian Steppat<\/p>\n<p><strong>Contact:<\/strong><br \/>\nTelefoon: 02327 - 3758522<br \/>\nE-mailadres: <em><strong><a href=\"mailto:info@nerdiy.de\">info@nerdiy.de<\/a><\/strong><\/em><br \/>\nContact Formulier: <a href=\"https:\/\/nerdiy.de\/nl\/contact\/\"><em><strong>https:\/\/www.nerdiy.de\/kontakt\/<\/strong><\/em><\/a><\/p>\n<p><strong>Verantwoordelijk voor de inhoud volgens \u00a7 55 lid 2 RStV:<\/strong><br \/>\nFabian Steppat<br \/>\n(adres zoals hierboven)<\/p>\n<p><strong>Geschillenbeslechting:<\/strong><br \/>\nDe Europese Commissie biedt een platform voor buitengerechtelijke online geschillenbeslechting (OS-platform). <em><strong><a href=\"http:\/\/www.ec.europa.eu\/consumers\/odr\">www.ec.europa.eu\/consumers\/odr<\/a><\/strong><\/em> toegankelijk is. Wij zijn verplicht om deel te nemen aan het geschillenbeslechtingsproces. Ons e-mailadres vindt u in onze opdruk. Een lijst met de contactgegevens van de erkende geschilleninstanties vindt u op <em><strong><a href=\"https:\/\/ec.europa.eu\/consumers\/odr\/main\/index.cfm?event=main.adr.show\">https:\/\/ec.europa.eu\/consumers\/odr\/main\/index.cfm?event=main.adr.show<\/a>.<\/strong><\/em><\/p>\n<\/div>\n<div class=\"impressum\">\n<p><strong>Vrijwaring: <\/strong><\/p>\n<p><strong>Aansprakelijkheid voor inhoud<\/strong><\/p>\n<p>De inhoud van onze pagina&#039;s is met grote zorg samengesteld. We kunnen echter niet garanderen dat de inhoud juist, volledig of actueel is. Als dienstverlener zijn wij verantwoordelijk voor onze eigen inhoud op deze pagina&#039;s volgens sectie 7, paragraaf 1 van de Duitse Telemediawet (TMG). Volgens \u00a7\u00a7 8 tot 10 TMG zijn wij als dienstverlener echter niet verplicht om verzonden of opgeslagen informatie van derden te controleren of omstandigheden te onderzoeken die duiden op illegale activiteiten. Verplichtingen tot verwijdering of blokkering van het gebruik van informatie volgens de algemene wetten blijven onaangetast. Aansprakelijkheid in dit verband is echter pas mogelijk vanaf het tijdstip waarop kennis van een concrete wetsovertreding bekend is. Zodra we ons bewust worden van eventuele wetsovertredingen, zullen we deze inhoud onmiddellijk verwijderen.<\/p>\n<p><strong>Aansprakelijkheid voor koppelingen<\/strong><\/p>\n<p>Ons aanbod bevat links naar externe websites van derden, op de inhoud waarvan wij geen invloed hebben. Daarom kunnen wij geen aansprakelijkheid aanvaarden voor deze externe inhoud. Voor de inhoud van de gelinkte pagina&#039;s is altijd de betreffende aanbieder of exploitant van de pagina&#039;s verantwoordelijk. De gelinkte pagina&#039;s werden op het moment van linken gecontroleerd op mogelijke wetsovertredingen. Illegale inhoud was op het moment van linken niet herkenbaar. Een permanente controle van de inhoud van de gelinkte pagina&#039;s is echter niet redelijk zonder concreet bewijs van een inbreuk. Zodra we ons bewust worden van wetsovertredingen, zullen we dergelijke links onmiddellijk verwijderen.<\/p>\n<p><strong>auteursrechten<\/strong><\/p>\n<p>De inhoud en werken op deze pagina&#039;s die door de site-exploitanten zijn gemaakt, vallen onder het Duitse auteursrecht. De vermenigvuldiging, bewerking, distributie en elke vorm van exploitatie buiten de grenzen van het auteursrecht vereist de schriftelijke toestemming van de betreffende auteur of maker. Downloads en kopie\u00ebn van deze site zijn alleen toegestaan voor priv\u00e9, niet-commercieel gebruik. Voor zover de inhoud van deze site niet door de exploitant is gemaakt, worden de auteursrechten van derden in acht genomen. Met name inhoud van derden is als zodanig gemarkeerd. Mocht u desondanks op de hoogte worden gebracht van een inbreuk op het auteursrecht, dan verzoeken wij u ons hiervan op de hoogte te stellen. Zodra we ons bewust worden van wetsovertredingen, zullen we dergelijke inhoud onmiddellijk verwijderen.<\/p>\n<p><strong>Gegevensbescherming<\/strong><\/p>\n<p>Onze website kan meestal worden gebruikt zonder persoonlijke gegevens te verstrekken. Voor zover op onze website persoonsgegevens (bijv. naam, adres of e-mailadressen) worden verzameld, gebeurt dit voor zover mogelijk altijd op vrijwillige basis. Deze gegevens worden zonder uw uitdrukkelijke toestemming niet aan derden doorgegeven.<br \/>\nWij wijzen erop dat de gegevensoverdracht via internet (bijv. bij communicatie via e-mail) veiligheidslacunes kan vertonen. Een volledige bescherming van de gegevens tegen toegang door derden is niet mogelijk.<br \/>\nHet gebruik van contactgegevens die als onderdeel van de afdrukverplichting door derden zijn gepubliceerd om ongevraagd reclame- en informatiemateriaal te verzenden, is hierbij uitdrukkelijk verboden. De site-exploitanten behouden zich uitdrukkelijk het recht voor om gerechtelijke stappen te ondernemen in het geval van ongevraagde reclame, zoals spam-e-mails.<\/p>\n<p><strong>Google Analytics<\/strong><\/p>\n<p>Deze website maakt gebruik van Google Analytics, een webanalysedienst van Google Inc (\"Google\"). Google Analytics maakt gebruik van \"cookies\" (tekstbestandjes die op uw computer worden geplaatst) om de website te helpen analyseren hoe gebruikers de site gebruiken. De door het cookie gegenereerde informatie over uw gebruik van de website (met inbegrip van uw IP-adres) wordt overgebracht naar en door Google opgeslagen op servers in de Verenigde Staten. Google gebruikt deze informatie om uw gebruik van de website te analyseren, rapporten over de website-activiteit op te stellen voor website-exploitanten en andere diensten aan te bieden met betrekking tot website-activiteit en internetgebruik. Google mag deze informatie aan derden verschaffen indien Google hiertoe wettelijk wordt verplicht, of voor zover deze derden de informatie namens Google verwerken. Google zal uw IP-adres niet combineren met andere gegevens waarover Google beschikt. U kunt het gebruik van cookies weigeren door in uw browser de daarvoor ge\u00ebigende instellingen te kiezen. Wij wijzen u er echter op dat u in dat geval wellicht niet alle mogelijkheden van deze website kunt benutten. Door gebruik te maken van deze website geeft u toestemming voor het verwerken van de informatie door Google op de wijze en voor de doeleinden zoals hiervoor omschreven.<\/p>\n<p><strong>Google AdSense<\/strong><\/p>\n<p>Deze website maakt gebruik van Google Adsense, een webadvertentieservice van Google Inc, VS (\"Google\"). Google Adsense maakt gebruik van zogenaamde \"cookies\" (tekstbestandjes), die op uw computer worden opgeslagen en waarmee uw gebruik van de website kan worden geanalyseerd. Google Adsense gebruikt ook zogenaamde \"web beacons\" (kleine onzichtbare afbeeldingen) om informatie te verzamelen. Door het gebruik van de web beacon kunnen eenvoudige handelingen zoals het verkeer van bezoekers op de website worden geregistreerd en verzameld. De door het cookie en\/of web beacon gegenereerde informatie over uw gebruik van de website (met inbegrip van uw IP-adres) wordt overgebracht naar en door Google opgeslagen op servers in de Verenigde Staten. Google zal deze informatie gebruiken om uw gebruik van de website met betrekking tot de advertenties te analyseren, om rapporten over de website-activiteiten en advertenties voor de website-exploitanten samen te stellen en om verdere met het gebruik van de website en het internet verbonden diensten te leveren. Google mag deze informatie aan derden verschaffen indien Google hiertoe wettelijk wordt verplicht, of voor zover deze derden de informatie namens Google verwerken. Google zal uw IP-adres niet combineren met andere gegevens waarover Google beschikt. U kunt de opslag van cookies op uw harde schijf en de weergave van webbakens voorkomen door in uw browserinstellingen \"Cookies niet accepteren\" te selecteren (in MS Internet Explorer onder \"Extra &gt; Internetopties &gt; Privacy &gt; Instellingen\"; in Firefox onder \"Extra &gt; Instellingen &gt; Privacy &gt; Cookies\"); wij wijzen u er echter op dat u in dat geval mogelijk niet alle functies van deze website volledig kunt gebruiken. Door gebruik te maken van deze website geeft u toestemming voor het verwerken van de over u verzamelde gegevens door Google op de wijze en voor de doeleinden zoals hiervoor omschreven.<\/p>\n<\/div>\n<div class=\"woocommerce woocommerce-gzd woocommerce-gzd-complaints-shortcode\">\n\t\t\t<h3>Alternative Dispute Resolution in accordance with Art. 14 (1) ODR-VO and \u00a7 36 VSBG:<\/h3>\n\t\n<\/div>","protected":false},"excerpt":{"rendered":"<p>Impressum Angaben gem\u00e4\u00df \u00a7 5 TMG Nerdiy by Fabian Steppat Fabian Steppat Parkstra\u00dfe 70 44866 Bochum Vertreten durch: Fabian Steppat Kontakt: Telefon: 02327 &#8211; 3758522 E-Mail: info@nerdiy.de Kontaktformular: https:\/\/www.nerdiy.de\/kontakt\/ Verantwortlich [&hellip;]<\/p>","protected":false},"author":1,"featured_media":0,"parent":0,"menu_order":0,"comment_status":"closed","ping_status":"closed","template":"","meta":{"_bbp_topic_count":0,"_bbp_reply_count":0,"_bbp_total_topic_count":0,"_bbp_total_reply_count":0,"_bbp_voice_count":0,"_bbp_anonymous_reply_count":0,"_bbp_topic_count_hidden":0,"_bbp_reply_count_hidden":0,"_bbp_forum_subforum_count":0,"footnotes":""},"class_list":["post-157","page","type-page","status-publish","hentry"],"yoast_head":"<!-- This site is optimized with the Yoast SEO plugin v27.5 - https:\/\/yoast.com\/product\/yoast-seo-wordpress\/ -->\n<title>Impressum - nerdiy.de - DIY, Elektronik, 3D Druck und mehr...<\/title>\n<meta name=\"description\" content=\"Read a huge collection of detailed Tutorials on Nerdiy.de about all kind of Software, Hardware and general maker topics.\" \/>\n<meta name=\"robots\" content=\"noindex, nofollow\" \/>\n<meta property=\"og:locale\" content=\"nl_NL\" \/>\n<meta property=\"og:type\" content=\"article\" \/>\n<meta property=\"og:title\" content=\"Impressum - nerdiy.de - DIY, Elektronik, 3D Druck und mehr...\" \/>\n<meta property=\"og:description\" content=\"Read a huge collection of detailed Tutorials on Nerdiy.de about all kind of Software, Hardware and general maker topics.\" \/>\n<meta property=\"og:url\" content=\"https:\/\/nerdiy.de\/nl\/afdruk\/\" \/>\n<meta property=\"og:site_name\" content=\"nerdiy.de - DIY, Elektronik, 3D Druck und mehr...\" \/>\n<meta property=\"article:publisher\" content=\"https:\/\/www.facebook.com\/nerdiy.de\" \/>\n<meta property=\"article:modified_time\" content=\"2023-10-09T19:42:59+00:00\" \/>\n<meta property=\"og:image\" content=\"https:\/\/i0.wp.com\/nerdiy.de\/wp-content\/uploads\/2020\/12\/www.nerdiy.de-news-pcb-entwicklung-hubctrlr-minifloorlamp-und-nanopxlv1-3-20201204-115525-scaled.jpg?fit=1920%2C2560&ssl=1\" \/>\n\t<meta property=\"og:image:width\" content=\"1920\" \/>\n\t<meta property=\"og:image:height\" content=\"2560\" \/>\n\t<meta property=\"og:image:type\" content=\"image\/jpeg\" \/>\n<meta name=\"twitter:card\" content=\"summary_large_image\" \/>\n<meta name=\"twitter:site\" content=\"@nerdiyde\" \/>\n<meta name=\"twitter:label1\" content=\"Est. reading time\" \/>\n\t<meta name=\"twitter:data1\" content=\"6 minutes\" \/>\n<script type=\"application\/ld+json\" class=\"yoast-schema-graph\">{\"@context\":\"https:\\\/\\\/schema.org\",\"@graph\":[{\"@type\":\"WebPage\",\"@id\":\"https:\\\/\\\/nerdiy.de\\\/impressum\\\/\",\"url\":\"https:\\\/\\\/nerdiy.de\\\/impressum\\\/\",\"name\":\"Impressum - nerdiy.de - DIY, Elektronik, 3D Druck und mehr...\",\"isPartOf\":{\"@id\":\"https:\\\/\\\/nerdiy.de\\\/de_de\\\/#website\"},\"datePublished\":\"2018-02-10T18:59:41+00:00\",\"dateModified\":\"2023-10-09T19:42:59+00:00\",\"description\":\"Read a huge collection of detailed Tutorials on Nerdiy.de about all kind of Software, Hardware and general maker topics.\",\"breadcrumb\":{\"@id\":\"https:\\\/\\\/nerdiy.de\\\/impressum\\\/#breadcrumb\"},\"inLanguage\":\"nl-NL\",\"potentialAction\":[{\"@type\":\"ReadAction\",\"target\":[\"https:\\\/\\\/nerdiy.de\\\/impressum\\\/\"]}]},{\"@type\":\"BreadcrumbList\",\"@id\":\"https:\\\/\\\/nerdiy.de\\\/impressum\\\/#breadcrumb\",\"itemListElement\":[{\"@type\":\"ListItem\",\"position\":1,\"name\":\"Startseite\",\"item\":\"https:\\\/\\\/nerdiy.de\\\/de_de\\\/\"},{\"@type\":\"ListItem\",\"position\":2,\"name\":\"Impressum\"}]},{\"@type\":\"WebSite\",\"@id\":\"https:\\\/\\\/nerdiy.de\\\/de_de\\\/#website\",\"url\":\"https:\\\/\\\/nerdiy.de\\\/de_de\\\/\",\"name\":\"nerdiy.de - DIY, Elektronik, 3D Druck und mehr...\",\"description\":\"Bei nerdiy.de dreht sich alles um Elektronik, Heimwerken, 3D-Druck, Smart Home und viele andere technische Themen.\",\"publisher\":{\"@id\":\"https:\\\/\\\/nerdiy.de\\\/de_de\\\/#organization\"},\"potentialAction\":[{\"@type\":\"SearchAction\",\"target\":{\"@type\":\"EntryPoint\",\"urlTemplate\":\"https:\\\/\\\/nerdiy.de\\\/de_de\\\/?s={search_term_string}\"},\"query-input\":{\"@type\":\"PropertyValueSpecification\",\"valueRequired\":true,\"valueName\":\"search_term_string\"}}],\"inLanguage\":\"nl-NL\"},{\"@type\":\"Organization\",\"@id\":\"https:\\\/\\\/nerdiy.de\\\/de_de\\\/#organization\",\"name\":\"Nerdiy.de\",\"url\":\"https:\\\/\\\/nerdiy.de\\\/de_de\\\/\",\"logo\":{\"@type\":\"ImageObject\",\"inLanguage\":\"nl-NL\",\"@id\":\"https:\\\/\\\/nerdiy.de\\\/de_de\\\/#\\\/schema\\\/logo\\\/image\\\/\",\"url\":\"https:\\\/\\\/i0.wp.com\\\/nerdiy.de\\\/wp-content\\\/uploads\\\/2020\\\/04\\\/www.nerdiy.de-v1.0final180x180-1.png?fit=180%2C180&ssl=1\",\"contentUrl\":\"https:\\\/\\\/i0.wp.com\\\/nerdiy.de\\\/wp-content\\\/uploads\\\/2020\\\/04\\\/www.nerdiy.de-v1.0final180x180-1.png?fit=180%2C180&ssl=1\",\"width\":180,\"height\":180,\"caption\":\"Nerdiy.de\"},\"image\":{\"@id\":\"https:\\\/\\\/nerdiy.de\\\/de_de\\\/#\\\/schema\\\/logo\\\/image\\\/\"},\"sameAs\":[\"https:\\\/\\\/www.facebook.com\\\/nerdiy.de\",\"https:\\\/\\\/x.com\\\/nerdiyde\",\"https:\\\/\\\/www.instagram.com\\\/nerdiy.de\\\/\",\"https:\\\/\\\/www.pinterest.de\\\/nerdiyde\\\/\",\"https:\\\/\\\/www.youtube.com\\\/nerdiy\"]}]}<\/script>\n<!-- \/ Yoast SEO plugin. -->","yoast_head_json":{"title":"Imprint - nerdiy.de - DIY, Elektronica, 3D printen en meer...","description":"Lees een enorme verzameling gedetailleerde tutorials op Nerdiy.de over allerlei soorten software, hardware en algemene makeronderwerpen.","robots":{"index":"noindex","follow":"nofollow"},"og_locale":"nl_NL","og_type":"article","og_title":"Impressum - nerdiy.de - DIY, Elektronik, 3D Druck und mehr...","og_description":"Read a huge collection of detailed Tutorials on Nerdiy.de about all kind of Software, Hardware and general maker topics.","og_url":"https:\/\/nerdiy.de\/nl\/afdruk\/","og_site_name":"nerdiy.de - DIY, Elektronik, 3D Druck und mehr...","article_publisher":"https:\/\/www.facebook.com\/nerdiy.de","article_modified_time":"2023-10-09T19:42:59+00:00","og_image":[{"width":1920,"height":2560,"url":"https:\/\/i0.wp.com\/nerdiy.de\/wp-content\/uploads\/2020\/12\/www.nerdiy.de-news-pcb-entwicklung-hubctrlr-minifloorlamp-und-nanopxlv1-3-20201204-115525-scaled.jpg?fit=1920%2C2560&ssl=1","type":"image\/jpeg"}],"twitter_card":"summary_large_image","twitter_site":"@nerdiyde","twitter_misc":{"Est. reading time":"6 minutes"},"schema":{"@context":"https:\/\/schema.org","@graph":[{"@type":"WebPage","@id":"https:\/\/nerdiy.de\/impressum\/","url":"https:\/\/nerdiy.de\/impressum\/","name":"Imprint - nerdiy.de - DIY, Elektronica, 3D printen en meer...","isPartOf":{"@id":"https:\/\/nerdiy.de\/de_de\/#website"},"datePublished":"2018-02-10T18:59:41+00:00","dateModified":"2023-10-09T19:42:59+00:00","description":"Lees een enorme verzameling gedetailleerde tutorials op Nerdiy.de over allerlei soorten software, hardware en algemene makeronderwerpen.","breadcrumb":{"@id":"https:\/\/nerdiy.de\/impressum\/#breadcrumb"},"inLanguage":"nl-NL","potentialAction":[{"@type":"ReadAction","target":["https:\/\/nerdiy.de\/impressum\/"]}]},{"@type":"BreadcrumbList","@id":"https:\/\/nerdiy.de\/impressum\/#breadcrumb","itemListElement":[{"@type":"ListItem","position":1,"name":"Startseite","item":"https:\/\/nerdiy.de\/de_de\/"},{"@type":"ListItem","position":2,"name":"Impressum"}]},{"@type":"WebSite","@id":"https:\/\/nerdiy.de\/de_de\/#website","url":"https:\/\/nerdiy.de\/de_de\/","name":"nerdiy.de - DIY, elektronica, 3D printen en meer...","description":"Op nerdiy.de draait alles om elektronica, DIY, 3D-printen, smart home en vele andere technische onderwerpen.","publisher":{"@id":"https:\/\/nerdiy.de\/de_de\/#organization"},"potentialAction":[{"@type":"SearchAction","target":{"@type":"EntryPoint","urlTemplate":"https:\/\/nerdiy.de\/de_de\/?s={search_term_string}"},"query-input":{"@type":"PropertyValueSpecification","valueRequired":true,"valueName":"search_term_string"}}],"inLanguage":"nl-NL"},{"@type":"Organization","@id":"https:\/\/nerdiy.de\/de_de\/#organization","name":"Nerdiy.de","url":"https:\/\/nerdiy.de\/de_de\/","logo":{"@type":"ImageObject","inLanguage":"nl-NL","@id":"https:\/\/nerdiy.de\/de_de\/#\/schema\/logo\/image\/","url":"https:\/\/i0.wp.com\/nerdiy.de\/wp-content\/uploads\/2020\/04\/www.nerdiy.de-v1.0final180x180-1.png?fit=180%2C180&ssl=1","contentUrl":"https:\/\/i0.wp.com\/nerdiy.de\/wp-content\/uploads\/2020\/04\/www.nerdiy.de-v1.0final180x180-1.png?fit=180%2C180&ssl=1","width":180,"height":180,"caption":"Nerdiy.de"},"image":{"@id":"https:\/\/nerdiy.de\/de_de\/#\/schema\/logo\/image\/"},"sameAs":["https:\/\/www.facebook.com\/nerdiy.de","https:\/\/x.com\/nerdiyde","https:\/\/www.instagram.com\/nerdiy.de\/","https:\/\/www.pinterest.de\/nerdiyde\/","https:\/\/www.youtube.com\/nerdiy"]}]}},"jetpack_sharing_enabled":true,"jetpack_shortlink":"https:\/\/wp.me\/P9GM3g-2x","jetpack_likes_enabled":true,"jetpack-related-posts":[{"id":418,"url":"https:\/\/nerdiy.de\/nl\/agb\/","url_meta":{"origin":157,"position":0},"title":"GTC","author":"Fab","date":"28. February 2018","format":false,"excerpt":"Allgemeine Gesch\u00e4ftsbedingungen \u00a7 1 Geltung, Begriffsdefinitionen (1) Nerdiy.de by Fabian Steppat, Nerdiy.de by Fabian Steppat, Parkstra\u00dfe 70, 44866 Bochum, Deutschland (im Folgenden: \u201ewir\u201c oder \u201eNerdiy.de\u201c) betreibt unter der Webseite https:\/\/nerdiy.de einen Online-Shop f\u00fcr Waren und Digitale G\u00fcter. Die nachfolgenden allgemeinen Gesch\u00e4ftsbedingungen gelten f\u00fcr alle Leistungen zwischen uns und unseren Kunden\u2026","rel":"","context":"Similar post","block_context":{"text":"Similar post","link":""},"img":{"alt_text":"","src":"","width":0,"height":0},"classes":[]},{"id":20252,"url":"https:\/\/nerdiy.de\/nl\/herroepingsrecht\/","url_meta":{"origin":157,"position":1},"title":"Annuleringsvoorwaarden","author":"Fab","date":"9. October 2023","format":false,"excerpt":"Widerrufsbelehrung f\u00fcr Digitale Produkte Widerrufsrecht f\u00fcr Verbraucher (Verbraucher ist jede nat\u00fcrliche Person, die ein Rechtsgesch\u00e4ft zu Zwecken abschlie\u00dft, die \u00fcberwiegend weder ihrer gewerblichen noch ihrer selbstst\u00e4ndigen beruflichen T\u00e4tigkeit zugerechnet werden kann.) Widerrufsbelehrung Widerrufsrecht Sie haben das Recht, binnen vierzehn Tagen ohne Angabe von Gr\u00fcnden diesen Vertrag zu widerrufen. Die Widerrufsfrist\u2026","rel":"","context":"Similar post","block_context":{"text":"Similar post","link":""},"img":{"alt_text":"","src":"","width":0,"height":0},"classes":[]},{"id":15674,"url":"https:\/\/nerdiy.de\/nl\/nerdiy-nl-in-de-media\/","url_meta":{"origin":157,"position":2},"title":"Nerdiy.de in de media","author":"Fab","date":"15. February 2021","format":false,"excerpt":"Hier findet Ihr eine Liste von Links, Artikel und Meinungen zu den Projekten auf Nerdiy.de au\u00dferhalb von Nerdiy.de. Anemosens Projekt Informationen: PCB \u2013 Das Anemosens-Sensor-PCB aufbauen PCB \u2013 Anemosens_MCU PCB aufbauen Medien: Hackaday.com: https:\/\/hackaday.com\/2021\/10\/11\/diy-anemometer-for-projects-big-and-small\/ Elegoo.com: https:\/\/www.elegoo.com\/blogs\/news\/announcing-the-winners-of-the-moveit-3dp-contest Snapmaker.com: https:\/\/blog.snapmaker.com\/announcing-the-winners-of-the-moveit-3dp-contest\/ PCBWay.com: https:\/\/www.pcbway.com\/blog\/News\/Best_Shots_with_PCBWay_Results_of_1st_PCBWay_Share_your_Order_Feedback_Activit_558a673f.html eInk Frame Insert Hackster.io: https:\/\/www.hackster.io\/news\/nerdiy-s-3d-printed-framework-turns-an-ikea-ribba-into-a-seeed-xiao-esp32c3-powered-epaper-dashboard-3d09f96f7936.amp WinDIY Projekt Informationen: WinDIY \u2013\u2026","rel":"","context":"Similar post","block_context":{"text":"Similar post","link":""},"img":{"alt_text":"","src":"","width":0,"height":0},"classes":[]},{"id":18,"url":"https:\/\/nerdiy.de\/nl\/contact\/","url_meta":{"origin":157,"position":3},"title":"Neem contact op met","author":"Fab","date":"8. February 2018","format":false,"excerpt":"\u00dcber dieses Kontaktformular kannst du uns Nachrichten zukommen lassen. Wie freuen uns dabei \u00fcber jede Idee, Kritik oder Anregung. Wenn du Fragen zu einem bestimmten Artikel hast, kannst du auch die Kommentarfunktion unter dem jeweiligen Artikel nutzen. So k\u00f6nnen auch andere Nutzer ggf. von deinem Kommentar profitieren. Kontaktformular DATENSCHUTZHINWEIS Mit\u2026","rel":"","context":"Similar post","block_context":{"text":"Similar post","link":""},"img":{"alt_text":"","src":"","width":0,"height":0},"classes":[]},{"id":420,"url":"https:\/\/nerdiy.de\/nl\/gegevensbescherming-2\/","url_meta":{"origin":157,"position":4},"title":"Gegevensbescherming","author":"Fab","date":"28. February 2018","format":false,"excerpt":"Datenschutzerkl\u00e4rung Diese Datenschutzerkl\u00e4rung kl\u00e4rt Sie \u00fcber die Art, den Umfang und Zweck der Verarbeitung von personenbezogenen Daten (nachfolgend kurz \u201eDaten\u201c) innerhalb unseres Onlineangebotes und der mit ihm verbundenen Webseiten, Funktionen und Inhalte sowie externen Onlinepr\u00e4senzen, wie z.B. unser Social Media Profile auf (nachfolgend gemeinsam bezeichnet als \u201eOnlineangebot\u201c). Im Hinblick auf\u2026","rel":"","context":"Similar post","block_context":{"text":"Similar post","link":""},"img":{"alt_text":"","src":"","width":0,"height":0},"classes":[]},{"id":20243,"url":"https:\/\/nerdiy.de\/nl\/gebruiksvoorwaarden\/","url_meta":{"origin":157,"position":5},"title":"Gebruiksvoorwaarden","author":"Fab","date":"29. October 2023","format":false,"excerpt":"Nutzungsbedingungen f\u00fcr den Kauf und die Nutzung unserer digitalen Produkte f\u00fcr 3D-Druck 1. Allgemeines: Mit dem Kauf unserer digitalen Produkte stimmen Sie diesen Nutzungsbedingungen zu. Bitte lesen Sie sie sorgf\u00e4ltig durch. 2. Bezahlung: Die Bezahlung f\u00fcr unsere Produkte erfolgt gem\u00e4\u00df den auf unserer Website angegebenen Preisen und Zahlungsrichtlinien. 3. Lizenzgew\u00e4hrung:\u2026","rel":"","context":"Similar post","block_context":{"text":"Similar post","link":""},"img":{"alt_text":"","src":"","width":0,"height":0},"classes":[]}],"_links":{"self":[{"href":"https:\/\/nerdiy.de\/nl\/wp-json\/wp\/v2\/pages\/157","targetHints":{"allow":["GET"]}}],"collection":[{"href":"https:\/\/nerdiy.de\/nl\/wp-json\/wp\/v2\/pages"}],"about":[{"href":"https:\/\/nerdiy.de\/nl\/wp-json\/wp\/v2\/types\/page"}],"author":[{"embeddable":true,"href":"https:\/\/nerdiy.de\/nl\/wp-json\/wp\/v2\/users\/1"}],"replies":[{"embeddable":true,"href":"https:\/\/nerdiy.de\/nl\/wp-json\/wp\/v2\/comments?post=157"}],"version-history":[{"count":0,"href":"https:\/\/nerdiy.de\/nl\/wp-json\/wp\/v2\/pages\/157\/revisions"}],"wp:attachment":[{"href":"https:\/\/nerdiy.de\/nl\/wp-json\/wp\/v2\/media?parent=157"}],"curies":[{"name":"wp","href":"https:\/\/api.w.org\/{rel}","templated":true}]}}