{"id":5299,"date":"2019-04-19T23:28:57","date_gmt":"2019-04-19T21:28:57","guid":{"rendered":"https:\/\/www.nerdiy.de\/?page_id=5299"},"modified":"2020-12-10T12:49:40","modified_gmt":"2020-12-10T11:49:40","slug":"handelsmerk","status":"publish","type":"page","link":"https:\/\/nerdiy.de\/nl\/handelsmerk\/","title":{"rendered":"Handelsmerk"},"content":{"rendered":"<h1 class=\"wp-block-heading\">Auteursrechten en handelsmerken van derden<\/h1>\n\n\n\n<p class=\"text-large font-avg-sans-4 text-grey\">De volgende handelsmerken, zoals hieronder vermeld, zijn het eigendom van hun respectieve eigenaars. Als een merkopdracht ontbreekt, per vergissing is genoemd of onjuist is, <a href=\"https:\/\/nerdiy.de\/nl\/contact\/\" rel=\"\"><em><strong>contact opnemen<\/strong> <\/em><\/a>ons onmiddellijk voor een correctie.<\/p>\n\n\n\n<hr class=\"wp-block-separator\"\/>\n\n\n\n<h3 class=\"margin-xs-top-medium wp-block-heading\">Facebook, Inc.<\/h3>\n\n\n\n<p>Facebook<sup>\u00ae<\/sup>&nbsp;en het Facebook-logo zijn handelsmerken van Facebook, Inc., geregistreerd in de VS en andere landen.<\/p>\n\n\n\n<hr class=\"wp-block-separator\"\/>\n\n\n\n<h3 class=\"margin-xs-top-medium wp-block-heading\">Google Inc.<\/h3>\n\n\n\n<p>Google<sup>TM<\/sup>, Android\u2122, Google Maps\u2122, Google Play\u2122, Google Docs\u2122, Google Picasa\u2122, Gmail\u2122, Google Chrome\u2122, Google Plus\u2122, YouTube\u2122 en hun logo&#039;s zijn handelsmerken van Google, Inc. in de Verenigde Staten en andere landen .<\/p>\n\n\n\n<hr class=\"wp-block-separator\"\/>\n\n\n\n<h3 class=\"margin-xs-top-medium wp-block-heading\">Linus Torvalds<\/h3>\n\n\n\n<p>Linux<sup>\u00ae<\/sup>&nbsp;is een handelsmerk van Linus Torvalds, geregistreerd in de Verenigde Staten en andere landen.<\/p>\n\n\n\n<hr class=\"wp-block-separator\"\/>\n\n\n\n<h3 class=\"margin-xs-top-medium wp-block-heading\">Microsoft Corporation<\/h3>\n\n\n\n<p>Microsoft<sup>\u00ae<\/sup>, Ramen<sup>\u00ae<\/sup>, Windows XP<sup>\u00ae<\/sup>, Windows Vista<sup>\u00ae<\/sup>, Xbox<sup>\u00ae<\/sup>, Zune<sup>\u00ae<\/sup>, Deel punt<sup>\u00ae<\/sup>, Internet Explorer<sup>\u00ae<\/sup>, Hotmail<sup>\u00ae<\/sup>, Bing<sup>\u00ae<\/sup>, Kantoor<sup>\u00ae<\/sup>, Woord<sup>\u00ae<\/sup>, Power Point<sup>\u00ae<\/sup>, Excelleren<sup>\u00ae<\/sup>, Vooruitzichten<sup>\u00ae<\/sup>&nbsp;en hun logo&#039;s zijn gedeponeerde handelsmerken van Microsoft Corporation in de Verenigde Staten en andere landen.<\/p>\n\n\n\n<hr class=\"wp-block-separator\"\/>\n\n\n\n<h3 class=\"margin-xs-top-medium wp-block-heading\">Mozilla-stichting<\/h3>\n\n\n\n<p>Mozilla<sup>\u00ae<\/sup>, Mozilla Firefox<sup>\u00ae<\/sup>&nbsp;en hun logo&#039;s zijn handelsmerken van de Mozilla Foundation, geregistreerd in de Verenigde Staten en andere landen.<\/p>\n\n\n\n<hr class=\"wp-block-separator\"\/>\n\n\n\n<h3 class=\"margin-xs-top-medium wp-block-heading\">Wi-Fi Alliantie<\/h3>\n\n\n\n<p>Wifi<sup>\u00ae<\/sup> is een gedeponeerd handelsmerk van de Wi-Fi Alliance.<\/p>\n\n\n\n<hr class=\"wp-block-separator\"\/>\n\n\n\n<h3 class=\"margin-xs-top-medium wp-block-heading\">WordPress Stichting<\/h3>\n\n\n\n<p>WordPress<sup>\u00ae<\/sup>&nbsp;is een geregistreerd handelsmerk van de WordPress Foundation.<\/p>\n\n\n\n<hr class=\"wp-block-separator\"\/>\n\n\n\n<h3 class=\"margin-xs-top-medium wp-block-heading\">Bluetooth SIG, Inc.<\/h3>\n\n\n\n<p>Bluetooth<sup>\u00ae<\/sup>&nbsp;is een gedeponeerd handelsmerk van Bluetooth SIG, Inc.<\/p>\n\n\n\n<hr class=\"wp-block-separator\"\/>\n\n\n\n<h3 class=\"margin-xs-top-medium wp-block-heading\">Amazon.com, Inc.<\/h3>\n\n\n\n<p>Amazone<sup>\u00ae<\/sup>, Kindles<sup>\u00ae<\/sup>, Vuur<sup>\u00ae<\/sup>&nbsp;en alle gerelateerde logo&#039;s zijn handelsmerken van Amazon.com, Inc. en zijn dochterondernemingen.<\/p>\n\n\n\n<hr class=\"wp-block-separator\"\/>\n\n\n\n<h3 class=\"margin-xs-top-medium wp-block-heading\">Adobe Systems, Inc.<\/h3>\n\n\n\n<p>Adobe<sup>\u00ae<\/sup>, Adobe Flash<sup>\u00ae<\/sup>, Adobe Reader<sup>\u00ae<\/sup>, Adobe Photoshop<sup>\u00ae<\/sup>&nbsp;en hun logo&#039;s zijn handelsmerken van Adobe Systems Inc., geregistreerd in de Verenigde Staten en andere landen.<\/p>\n\n\n\n<hr class=\"wp-block-separator\"\/>\n\n\n\n<h3 class=\"wp-block-heading\">Twitter, Inc.<\/h3>\n\n\n\n<p>Twitter\u00ae, het Twitter-logo, het Twitter &#039;t&#039;-logo en de Twitter blue bird zijn handelsmerken van Twitter, Inc., geregistreerd in de VS en andere landen.<\/p>\n\n\n\n<hr class=\"wp-block-separator\"\/>\n\n\n\n<h3 class=\"wp-block-heading\">Instagram, LLC<\/h3>\n\n\n\n<p>Instagram\u00ae en de cameralogo&#039;s zijn handelsmerken van Instagram, LLC in de VS en elders.<\/p>\n\n\n\n<hr class=\"wp-block-separator\"\/>\n\n\n\n<h3 class=\"wp-block-heading\">WhatsApp, Inc<\/h3>\n\n\n\n<p>WhatsApp\u00ae en het WhatsApp-logo zijn een geregistreerd handelsmerk van WhatsApp Inc.<\/p>\n\n\n\n<hr class=\"wp-block-separator\"\/>\n\n\n\n<h3 class=\"wp-block-heading\">Stichting RaspberryPi<\/h3>\n\n\n\n<p>RaspberryPi\u00ae en het RaspberryPi-logo zijn een geregistreerd handelsmerk van de RaspberryPi Foundation.<\/p>","protected":false},"excerpt":{"rendered":"<p>Copyrights en handelsmerken van derden De volgende handelsmerken, zoals hieronder vermeld, zijn eigendom van hun respectieve eigenaars. Als een handelsmerkvermelding ontbreekt, per ongeluk is genoemd of onjuist is, neem dan onmiddellijk contact met ons op [...]<\/p>","protected":false},"author":1,"featured_media":0,"parent":0,"menu_order":0,"comment_status":"closed","ping_status":"closed","template":"","meta":{"_bbp_topic_count":0,"_bbp_reply_count":0,"_bbp_total_topic_count":0,"_bbp_total_reply_count":0,"_bbp_voice_count":0,"_bbp_anonymous_reply_count":0,"_bbp_topic_count_hidden":0,"_bbp_reply_count_hidden":0,"_bbp_forum_subforum_count":0,"jetpack_post_was_ever_published":false,"footnotes":""},"class_list":["post-5299","page","type-page","status-publish","hentry"],"yoast_head":"<!-- This site is optimized with the Yoast SEO plugin v27.3 - https:\/\/yoast.com\/product\/yoast-seo-wordpress\/ -->\n<title>Warenzeichen - nerdiy.de - DIY, Elektronik, 3D Druck und mehr...<\/title>\n<meta name=\"description\" content=\"Read a huge collection of detailed Tutorials on Nerdiy.de about all kind of Software, Hardware and general maker topics.\" \/>\n<meta name=\"robots\" content=\"noindex, nofollow\" \/>\n<meta property=\"og:locale\" content=\"nl_NL\" \/>\n<meta property=\"og:type\" content=\"article\" \/>\n<meta property=\"og:title\" content=\"Warenzeichen - nerdiy.de - DIY, Elektronik, 3D Druck und mehr...\" \/>\n<meta property=\"og:description\" content=\"Read a huge collection of detailed Tutorials on Nerdiy.de about all kind of Software, Hardware and general maker topics.\" \/>\n<meta property=\"og:url\" content=\"https:\/\/nerdiy.de\/nl\/handelsmerk\/\" \/>\n<meta property=\"og:site_name\" content=\"nerdiy.de - DIY, Elektronik, 3D Druck und mehr...\" \/>\n<meta property=\"article:publisher\" content=\"https:\/\/www.facebook.com\/nerdiy.de\" \/>\n<meta property=\"article:modified_time\" content=\"2020-12-10T11:49:40+00:00\" \/>\n<meta property=\"og:image\" content=\"https:\/\/i0.wp.com\/nerdiy.de\/wp-content\/uploads\/2020\/12\/www.nerdiy.de-news-pcb-entwicklung-hubctrlr-minifloorlamp-und-nanopxlv1-3-20201204-115525-scaled.jpg?fit=1920%2C2560&ssl=1\" \/>\n\t<meta property=\"og:image:width\" content=\"1920\" \/>\n\t<meta property=\"og:image:height\" content=\"2560\" \/>\n\t<meta property=\"og:image:type\" content=\"image\/jpeg\" \/>\n<meta name=\"twitter:card\" content=\"summary_large_image\" \/>\n<meta name=\"twitter:site\" content=\"@nerdiyde\" \/>\n<meta name=\"twitter:label1\" content=\"Est. reading time\" \/>\n\t<meta name=\"twitter:data1\" content=\"2 minutes\" \/>\n<script type=\"application\/ld+json\" class=\"yoast-schema-graph\">{\"@context\":\"https:\\\/\\\/schema.org\",\"@graph\":[{\"@type\":\"WebPage\",\"@id\":\"https:\\\/\\\/nerdiy.de\\\/warenzeichen\\\/\",\"url\":\"https:\\\/\\\/nerdiy.de\\\/warenzeichen\\\/\",\"name\":\"Warenzeichen - nerdiy.de - DIY, Elektronik, 3D Druck und mehr...\",\"isPartOf\":{\"@id\":\"https:\\\/\\\/nerdiy.de\\\/de_de\\\/#website\"},\"datePublished\":\"2019-04-19T21:28:57+00:00\",\"dateModified\":\"2020-12-10T11:49:40+00:00\",\"description\":\"Read a huge collection of detailed Tutorials on Nerdiy.de about all kind of Software, Hardware and general maker topics.\",\"breadcrumb\":{\"@id\":\"https:\\\/\\\/nerdiy.de\\\/warenzeichen\\\/#breadcrumb\"},\"inLanguage\":\"nl-NL\",\"potentialAction\":[{\"@type\":\"ReadAction\",\"target\":[\"https:\\\/\\\/nerdiy.de\\\/warenzeichen\\\/\"]}]},{\"@type\":\"BreadcrumbList\",\"@id\":\"https:\\\/\\\/nerdiy.de\\\/warenzeichen\\\/#breadcrumb\",\"itemListElement\":[{\"@type\":\"ListItem\",\"position\":1,\"name\":\"Startseite\",\"item\":\"https:\\\/\\\/nerdiy.de\\\/de_de\\\/\"},{\"@type\":\"ListItem\",\"position\":2,\"name\":\"Warenzeichen\"}]},{\"@type\":\"WebSite\",\"@id\":\"https:\\\/\\\/nerdiy.de\\\/de_de\\\/#website\",\"url\":\"https:\\\/\\\/nerdiy.de\\\/de_de\\\/\",\"name\":\"nerdiy.de - DIY, Elektronik, 3D Druck und mehr...\",\"description\":\"Bei nerdiy.de dreht sich alles um Elektronik, Heimwerken, 3D-Druck, Smart Home und viele andere technische Themen.\",\"publisher\":{\"@id\":\"https:\\\/\\\/nerdiy.de\\\/de_de\\\/#organization\"},\"potentialAction\":[{\"@type\":\"SearchAction\",\"target\":{\"@type\":\"EntryPoint\",\"urlTemplate\":\"https:\\\/\\\/nerdiy.de\\\/de_de\\\/?s={search_term_string}\"},\"query-input\":{\"@type\":\"PropertyValueSpecification\",\"valueRequired\":true,\"valueName\":\"search_term_string\"}}],\"inLanguage\":\"nl-NL\"},{\"@type\":\"Organization\",\"@id\":\"https:\\\/\\\/nerdiy.de\\\/de_de\\\/#organization\",\"name\":\"Nerdiy.de\",\"url\":\"https:\\\/\\\/nerdiy.de\\\/de_de\\\/\",\"logo\":{\"@type\":\"ImageObject\",\"inLanguage\":\"nl-NL\",\"@id\":\"https:\\\/\\\/nerdiy.de\\\/de_de\\\/#\\\/schema\\\/logo\\\/image\\\/\",\"url\":\"https:\\\/\\\/i0.wp.com\\\/nerdiy.de\\\/wp-content\\\/uploads\\\/2020\\\/04\\\/www.nerdiy.de-v1.0final180x180-1.png?fit=180%2C180&ssl=1\",\"contentUrl\":\"https:\\\/\\\/i0.wp.com\\\/nerdiy.de\\\/wp-content\\\/uploads\\\/2020\\\/04\\\/www.nerdiy.de-v1.0final180x180-1.png?fit=180%2C180&ssl=1\",\"width\":180,\"height\":180,\"caption\":\"Nerdiy.de\"},\"image\":{\"@id\":\"https:\\\/\\\/nerdiy.de\\\/de_de\\\/#\\\/schema\\\/logo\\\/image\\\/\"},\"sameAs\":[\"https:\\\/\\\/www.facebook.com\\\/nerdiy.de\",\"https:\\\/\\\/x.com\\\/nerdiyde\",\"https:\\\/\\\/www.instagram.com\\\/nerdiy.de\\\/\",\"https:\\\/\\\/www.pinterest.de\\\/nerdiyde\\\/\",\"https:\\\/\\\/www.youtube.com\\\/nerdiy\"]}]}<\/script>\n<!-- \/ Yoast SEO plugin. -->","yoast_head_json":{"title":"Handelsmerken - nerdiy.nl - DIY, Elektronica, 3D printen en meer...","description":"Lees een enorme verzameling gedetailleerde tutorials op Nerdiy.de over allerlei soorten software, hardware en algemene makeronderwerpen.","robots":{"index":"noindex","follow":"nofollow"},"og_locale":"nl_NL","og_type":"article","og_title":"Warenzeichen - nerdiy.de - DIY, Elektronik, 3D Druck und mehr...","og_description":"Read a huge collection of detailed Tutorials on Nerdiy.de about all kind of Software, Hardware and general maker topics.","og_url":"https:\/\/nerdiy.de\/nl\/handelsmerk\/","og_site_name":"nerdiy.de - DIY, Elektronik, 3D Druck und mehr...","article_publisher":"https:\/\/www.facebook.com\/nerdiy.de","article_modified_time":"2020-12-10T11:49:40+00:00","og_image":[{"width":1920,"height":2560,"url":"https:\/\/i0.wp.com\/nerdiy.de\/wp-content\/uploads\/2020\/12\/www.nerdiy.de-news-pcb-entwicklung-hubctrlr-minifloorlamp-und-nanopxlv1-3-20201204-115525-scaled.jpg?fit=1920%2C2560&ssl=1","type":"image\/jpeg"}],"twitter_card":"summary_large_image","twitter_site":"@nerdiyde","twitter_misc":{"Est. reading time":"2 minutes"},"schema":{"@context":"https:\/\/schema.org","@graph":[{"@type":"WebPage","@id":"https:\/\/nerdiy.de\/warenzeichen\/","url":"https:\/\/nerdiy.de\/warenzeichen\/","name":"Handelsmerken - nerdiy.nl - DIY, Elektronica, 3D printen en meer...","isPartOf":{"@id":"https:\/\/nerdiy.de\/de_de\/#website"},"datePublished":"2019-04-19T21:28:57+00:00","dateModified":"2020-12-10T11:49:40+00:00","description":"Lees een enorme verzameling gedetailleerde tutorials op Nerdiy.de over allerlei soorten software, hardware en algemene makeronderwerpen.","breadcrumb":{"@id":"https:\/\/nerdiy.de\/warenzeichen\/#breadcrumb"},"inLanguage":"nl-NL","potentialAction":[{"@type":"ReadAction","target":["https:\/\/nerdiy.de\/warenzeichen\/"]}]},{"@type":"BreadcrumbList","@id":"https:\/\/nerdiy.de\/warenzeichen\/#breadcrumb","itemListElement":[{"@type":"ListItem","position":1,"name":"Startseite","item":"https:\/\/nerdiy.de\/de_de\/"},{"@type":"ListItem","position":2,"name":"Warenzeichen"}]},{"@type":"WebSite","@id":"https:\/\/nerdiy.de\/de_de\/#website","url":"https:\/\/nerdiy.de\/de_de\/","name":"nerdiy.de - DIY, elektronica, 3D printen en meer...","description":"Op nerdiy.de draait alles om elektronica, DIY, 3D-printen, smart home en vele andere technische onderwerpen.","publisher":{"@id":"https:\/\/nerdiy.de\/de_de\/#organization"},"potentialAction":[{"@type":"SearchAction","target":{"@type":"EntryPoint","urlTemplate":"https:\/\/nerdiy.de\/de_de\/?s={search_term_string}"},"query-input":{"@type":"PropertyValueSpecification","valueRequired":true,"valueName":"search_term_string"}}],"inLanguage":"nl-NL"},{"@type":"Organization","@id":"https:\/\/nerdiy.de\/de_de\/#organization","name":"Nerdiy.de","url":"https:\/\/nerdiy.de\/de_de\/","logo":{"@type":"ImageObject","inLanguage":"nl-NL","@id":"https:\/\/nerdiy.de\/de_de\/#\/schema\/logo\/image\/","url":"https:\/\/i0.wp.com\/nerdiy.de\/wp-content\/uploads\/2020\/04\/www.nerdiy.de-v1.0final180x180-1.png?fit=180%2C180&ssl=1","contentUrl":"https:\/\/i0.wp.com\/nerdiy.de\/wp-content\/uploads\/2020\/04\/www.nerdiy.de-v1.0final180x180-1.png?fit=180%2C180&ssl=1","width":180,"height":180,"caption":"Nerdiy.de"},"image":{"@id":"https:\/\/nerdiy.de\/de_de\/#\/schema\/logo\/image\/"},"sameAs":["https:\/\/www.facebook.com\/nerdiy.de","https:\/\/x.com\/nerdiyde","https:\/\/www.instagram.com\/nerdiy.de\/","https:\/\/www.pinterest.de\/nerdiyde\/","https:\/\/www.youtube.com\/nerdiy"]}]}},"jetpack_sharing_enabled":true,"jetpack_shortlink":"https:\/\/wp.me\/P9GM3g-1nt","jetpack_likes_enabled":true,"jetpack-related-posts":[{"id":8479,"url":"https:\/\/nerdiy.de\/nl\/404-2\/","url_meta":{"origin":5299,"position":0},"title":"404","author":"Fab","date":"17. March 2022","format":false,"excerpt":"Unter der folgenden Adresse wurde leider nichts gefunden. :'( Probiere doch mal die Suchfunktion oder wirf einen Blick in die folgenden Kategorien und Tags. Oder scrolle auf Instagram , YouTube, Pinterest oder Facebook durch die Entwicklung der aktuellen Projekte. Tags Kategorien Instagram Galerie","rel":"","context":"Similar post","block_context":{"text":"Similar post","link":""},"img":{"alt_text":"","src":"https:\/\/i0.wp.com\/nerdiy.de\/wp-content\/uploads\/2022\/02\/www.nerdiy.de-howto-pxlblck-pxldigit-mit-dem-pxldigit-pcb-aufbauen-dsc06361-scaled.jpg?resize=350%2C200&ssl=1","width":350,"height":200,"srcset":"https:\/\/i0.wp.com\/nerdiy.de\/wp-content\/uploads\/2022\/02\/www.nerdiy.de-howto-pxlblck-pxldigit-mit-dem-pxldigit-pcb-aufbauen-dsc06361-scaled.jpg?resize=350%2C200&ssl=1 1x, https:\/\/i0.wp.com\/nerdiy.de\/wp-content\/uploads\/2022\/02\/www.nerdiy.de-howto-pxlblck-pxldigit-mit-dem-pxldigit-pcb-aufbauen-dsc06361-scaled.jpg?resize=525%2C300&ssl=1 1.5x, https:\/\/i0.wp.com\/nerdiy.de\/wp-content\/uploads\/2022\/02\/www.nerdiy.de-howto-pxlblck-pxldigit-mit-dem-pxldigit-pcb-aufbauen-dsc06361-scaled.jpg?resize=700%2C400&ssl=1 2x, https:\/\/i0.wp.com\/nerdiy.de\/wp-content\/uploads\/2022\/02\/www.nerdiy.de-howto-pxlblck-pxldigit-mit-dem-pxldigit-pcb-aufbauen-dsc06361-scaled.jpg?resize=1050%2C600&ssl=1 3x, https:\/\/i0.wp.com\/nerdiy.de\/wp-content\/uploads\/2022\/02\/www.nerdiy.de-howto-pxlblck-pxldigit-mit-dem-pxldigit-pcb-aufbauen-dsc06361-scaled.jpg?resize=1400%2C800&ssl=1 4x"},"classes":[]},{"id":157,"url":"https:\/\/nerdiy.de\/nl\/afdruk\/","url_meta":{"origin":5299,"position":1},"title":"Afdruk","author":"Fab","date":"10. February 2018","format":false,"excerpt":"Impressum Angaben gem\u00e4\u00df \u00a7 5 TMG Nerdiy by Fabian Steppat Fabian Steppat Parkstra\u00dfe 70 44866 Bochum Vertreten durch: Fabian Steppat Kontakt: Telefon: 02327 - 3758522 E-Mail: info@nerdiy.de Kontaktformular: https:\/\/www.nerdiy.de\/kontakt\/ Verantwortlich f\u00fcr den Inhalt nach \u00a7 55 Abs. 2 RStV: Fabian Steppat (Anschrift wie oben) Streitschlichtung: Die Europ\u00e4ische Kommission stellt eine\u2026","rel":"","context":"Similar post","block_context":{"text":"Similar post","link":""},"img":{"alt_text":"","src":"","width":0,"height":0},"classes":[]},{"id":5177,"url":"https:\/\/nerdiy.de\/nl\/licentie\/","url_meta":{"origin":5299,"position":2},"title":"Vergunningen","author":"Fab","date":"14. March 2019","format":false,"excerpt":"Produkte\/Dateien aus dem Nerdiy.de-Shop F\u00fcr die im Shop von Nerdiy.de erh\u00e4ltlichen Dateien bzw. Produkte gelten die unter nerdiy.de\/nutzungsbedingungen\/ ver\u00f6ffentlichten Nutzungsbedingungen. Nicht auf Software\/Code basierende Werke Sofern nicht anders angegeben unterliegen alle auf Nerdiy.de pr\u00e4sentierten, nicht auf Software\/Code basierenden Werke der Lizenz CC BY-NC-SA 4.0 (Namensnennung - Nicht-kommerziell - Weitergabe unter\u2026","rel":"","context":"Similar post","block_context":{"text":"Similar post","link":""},"img":{"alt_text":"","src":"","width":0,"height":0},"classes":[]},{"id":420,"url":"https:\/\/nerdiy.de\/nl\/gegevensbescherming-2\/","url_meta":{"origin":5299,"position":3},"title":"Gegevensbescherming","author":"Fab","date":"28. February 2018","format":false,"excerpt":"Datenschutzerkl\u00e4rung Diese Datenschutzerkl\u00e4rung kl\u00e4rt Sie \u00fcber die Art, den Umfang und Zweck der Verarbeitung von personenbezogenen Daten (nachfolgend kurz \u201eDaten\u201c) innerhalb unseres Onlineangebotes und der mit ihm verbundenen Webseiten, Funktionen und Inhalte sowie externen Onlinepr\u00e4senzen, wie z.B. unser Social Media Profile auf (nachfolgend gemeinsam bezeichnet als \u201eOnlineangebot\u201c). Im Hinblick auf\u2026","rel":"","context":"Similar post","block_context":{"text":"Similar post","link":""},"img":{"alt_text":"","src":"","width":0,"height":0},"classes":[]},{"id":418,"url":"https:\/\/nerdiy.de\/nl\/agb\/","url_meta":{"origin":5299,"position":4},"title":"GTC","author":"Fab","date":"28. February 2018","format":false,"excerpt":"Allgemeine Gesch\u00e4ftsbedingungen \u00a7 1 Geltung, Begriffsdefinitionen (1) Nerdiy.de by Fabian Steppat, Nerdiy.de by Fabian Steppat, Parkstra\u00dfe 70, 44866 Bochum, Deutschland (im Folgenden: \u201ewir\u201c oder \u201eNerdiy.de\u201c) betreibt unter der Webseite https:\/\/nerdiy.de einen Online-Shop f\u00fcr Waren und Digitale G\u00fcter. Die nachfolgenden allgemeinen Gesch\u00e4ftsbedingungen gelten f\u00fcr alle Leistungen zwischen uns und unseren Kunden\u2026","rel":"","context":"Similar post","block_context":{"text":"Similar post","link":""},"img":{"alt_text":"","src":"","width":0,"height":0},"classes":[]},{"id":64,"url":"https:\/\/nerdiy.de\/nl\/","url_meta":{"origin":5299,"position":5},"title":"Startpagina","author":"Fab","date":"8. February 2018","format":false,"excerpt":"","rel":"","context":"Similar post","block_context":{"text":"Similar post","link":""},"img":{"alt_text":"","src":"","width":0,"height":0},"classes":[]}],"_links":{"self":[{"href":"https:\/\/nerdiy.de\/nl\/wp-json\/wp\/v2\/pages\/5299","targetHints":{"allow":["GET"]}}],"collection":[{"href":"https:\/\/nerdiy.de\/nl\/wp-json\/wp\/v2\/pages"}],"about":[{"href":"https:\/\/nerdiy.de\/nl\/wp-json\/wp\/v2\/types\/page"}],"author":[{"embeddable":true,"href":"https:\/\/nerdiy.de\/nl\/wp-json\/wp\/v2\/users\/1"}],"replies":[{"embeddable":true,"href":"https:\/\/nerdiy.de\/nl\/wp-json\/wp\/v2\/comments?post=5299"}],"version-history":[{"count":0,"href":"https:\/\/nerdiy.de\/nl\/wp-json\/wp\/v2\/pages\/5299\/revisions"}],"wp:attachment":[{"href":"https:\/\/nerdiy.de\/nl\/wp-json\/wp\/v2\/media?parent=5299"}],"curies":[{"name":"wp","href":"https:\/\/api.w.org\/{rel}","templated":true}]}}